{"id":530,"date":"2024-05-25T13:53:03","date_gmt":"2024-05-25T13:53:03","guid":{"rendered":"http:\/\/wpoffice\/enfold-fitness\/?page_id=530"},"modified":"2024-06-18T02:28:31","modified_gmt":"2024-06-18T02:28:31","slug":"perguntas-frequentes","status":"publish","type":"page","link":"https:\/\/ariosemusic.com\/pt\/perguntas-frequentes\/","title":{"rendered":"Perguntas frequentes"},"content":{"rendered":"<div id='av_section_1'  class='avia-section av-pq9be-f41b716bbd36b512f9df304dfef7f135 main_color avia-section-large avia-no-border-styling  avia-builder-el-0  el_before_av_textblock  avia-builder-el-first  avia-bg-style-scroll av-minimum-height av-minimum-height-100 av-height-100  container_wrap sidebar_right'   data-av_minimum_height_pc='100' data-av_min_height_opt='100'><div class='container av-section-cont-open' ><main  class='template-page content  av-content-small alpha units'><div class='post-entry post-entry-type-page post-entry-530'><div class='entry-content-wrapper clearfix'>\n\n<style type=\"text\/css\" data-created_by=\"avia_inline_auto\" id=\"style-css-av-xu84a-4e21ad14525c9ba8e69820a304b46706\">\n#top .av-special-heading.av-xu84a-4e21ad14525c9ba8e69820a304b46706{\npadding-bottom:30px;\nfont-size:70px;\n}\nbody .av-special-heading.av-xu84a-4e21ad14525c9ba8e69820a304b46706 .av-special-heading-tag .heading-char{\nfont-size:25px;\n}\n#top #wrap_all .av-special-heading.av-xu84a-4e21ad14525c9ba8e69820a304b46706 .av-special-heading-tag{\nfont-size:70px;\n}\n.av-special-heading.av-xu84a-4e21ad14525c9ba8e69820a304b46706 .av-subheading{\nfont-size:15px;\n}\n\n@media only screen and (min-width: 480px) and (max-width: 767px){ \n#top #wrap_all .av-special-heading.av-xu84a-4e21ad14525c9ba8e69820a304b46706 .av-special-heading-tag{\nfont-size:0.8em;\n}\n}\n\n@media only screen and (max-width: 479px){ \n#top #wrap_all .av-special-heading.av-xu84a-4e21ad14525c9ba8e69820a304b46706 .av-special-heading-tag{\nfont-size:0.8em;\n}\n}\n<\/style>\n<div  class='av-special-heading av-xu84a-4e21ad14525c9ba8e69820a304b46706 av-special-heading-h1 blockquote modern-quote  avia-builder-el-1  el_before_av_one_half  avia-builder-el-first  av-thin-font av-inherit-size'><h1 class='av-special-heading-tag'  >Perguntas frequentes<strong>.<\/strong><\/h1><div class=\"special-heading-border\"><div class=\"special-heading-inner-border\"><\/div><\/div><\/div>\n\n<style type=\"text\/css\" data-created_by=\"avia_inline_auto\" id=\"style-css-av-j8mtm-668257bcff217ce464b213fe3f75693e\">\n.flex_column.av-j8mtm-668257bcff217ce464b213fe3f75693e{\nborder-radius:0px 0px 0px 0px;\npadding:0px 0px 0px 0px;\n}\n<\/style>\n<div  class='flex_column av-j8mtm-668257bcff217ce464b213fe3f75693e av_one_half  avia-builder-el-2  el_after_av_heading  el_before_av_one_half  first flex_column_div av-zero-column-padding'     ><p>\n<style type=\"text\/css\" data-created_by=\"avia_inline_auto\" id=\"style-css-av-sohe2-5910191d2f5e7a626d34c23d6d34b20a\">\n#top .av-special-heading.av-sohe2-5910191d2f5e7a626d34c23d6d34b20a{\npadding-bottom:30px;\nfont-size:50px;\n}\nbody .av-special-heading.av-sohe2-5910191d2f5e7a626d34c23d6d34b20a .av-special-heading-tag .heading-char{\nfont-size:25px;\n}\n#top #wrap_all .av-special-heading.av-sohe2-5910191d2f5e7a626d34c23d6d34b20a .av-special-heading-tag{\nfont-size:50px;\n}\n.av-special-heading.av-sohe2-5910191d2f5e7a626d34c23d6d34b20a .av-subheading{\nfont-size:15px;\n}\n\n@media only screen and (min-width: 480px) and (max-width: 767px){ \n#top #wrap_all .av-special-heading.av-sohe2-5910191d2f5e7a626d34c23d6d34b20a .av-special-heading-tag{\nfont-size:0.8em;\n}\n}\n\n@media only screen and (max-width: 479px){ \n#top #wrap_all .av-special-heading.av-sohe2-5910191d2f5e7a626d34c23d6d34b20a .av-special-heading-tag{\nfont-size:0.8em;\n}\n}\n<\/style>\n<div  class='av-special-heading av-sohe2-5910191d2f5e7a626d34c23d6d34b20a av-special-heading-h2 meta-heading blockquote modern-quote  avia-builder-el-3  el_before_av_textblock  avia-builder-el-first  av-inherit-size'><h2 class='av-special-heading-tag'  >Pedidos<\/h2><div class=\"special-heading-border\"><div class=\"special-heading-inner-border\"><\/div><\/div><\/div><br \/>\n<section  class='av_textblock_section av-kifnl32u-808ad92c0024d76bd00b482f32f5bf3a'  ><div class='avia_textblock' ><h3>voc\u00ea pode aceitar pequenas quantidades de pedidos?<\/h3>\n<p>ArioseMusic cobrindo uma variedade de instrumentos musicais e acess\u00f3rios, voc\u00ea pode encomendar itens mistos, e nossa quantidade m\u00ednima ser\u00e1 uma caixa.<\/p>\n<h3>Como fazer um pedido para voc\u00ea?<\/h3>\n<p>Voc\u00ea pode nos enviar a consulta de seus itens interessados, ent\u00e3o faremos de acordo com sua quantidade para oferecer o melhor pre\u00e7o e sugerir as formas de envio para sua refer\u00eancia, depois que voc\u00ea confirmar, come\u00e7aremos na pr\u00f3xima etapa.<\/p>\n<h3>Quais s\u00e3o os termos de pagamento e formas de pagamento que voc\u00ea tem?<\/h3>\n<p>Termos de pagamento:<\/p>\n<ul>\n<li>Pagamento antecipado 100% para clientes de pedidos de teste antes do envio<\/li>\n<li>30% pagamento antecipado para clientes antigos, 70% pagar\u00e1 antes do envio<\/li>\n<li>L\/C \u00e0 vista<\/li>\n<\/ul>\n<p>Formas de pagamento:<\/p>\n<ul>\n<li>Alipay para novos clientes<\/li>\n<li>T\/T para nossa conta da empresa<\/li>\n<li>Western Union<\/li>\n<li>Paypal<\/li>\n<\/ul>\n<h3>Como rastrear meu pedido?<\/h3>\n<p>Forneceremos informa\u00e7\u00f5es detalhadas sobre seus pedidos e atualizaremos voc\u00ea em cada etapa at\u00e9 que as mercadorias cheguem. se voc\u00ea optar por enviar por via a\u00e9rea ou expressa, informaremos o n\u00famero de rastreamento. Se seus produtos forem enviados por via mar\u00edtima, informaremos a data de envio, status no mar e hora de chegada<\/p>\n<\/div><\/section><\/p><\/div>\n<style type=\"text\/css\" data-created_by=\"avia_inline_auto\" id=\"style-css-av-ghix6-ddfc88f49a59eaa525ec5bf1645da0c5\">\n.flex_column.av-ghix6-ddfc88f49a59eaa525ec5bf1645da0c5{\nborder-radius:0px 0px 0px 0px;\npadding:0px 0px 0px 0px;\n}\n<\/style>\n<div  class='flex_column av-ghix6-ddfc88f49a59eaa525ec5bf1645da0c5 av_one_half  avia-builder-el-5  el_after_av_one_half  el_before_av_heading  flex_column_div av-zero-column-padding'     ><p>\n<style type=\"text\/css\" data-created_by=\"avia_inline_auto\" id=\"style-css-av-lnb6y-1dae7c8a79213f0926661e1ce5dd0701\">\n#top .av-special-heading.av-lnb6y-1dae7c8a79213f0926661e1ce5dd0701{\npadding-bottom:30px;\nfont-size:50px;\n}\nbody .av-special-heading.av-lnb6y-1dae7c8a79213f0926661e1ce5dd0701 .av-special-heading-tag .heading-char{\nfont-size:25px;\n}\n#top #wrap_all .av-special-heading.av-lnb6y-1dae7c8a79213f0926661e1ce5dd0701 .av-special-heading-tag{\nfont-size:50px;\n}\n.av-special-heading.av-lnb6y-1dae7c8a79213f0926661e1ce5dd0701 .av-subheading{\nfont-size:15px;\n}\n\n@media only screen and (min-width: 480px) and (max-width: 767px){ \n#top #wrap_all .av-special-heading.av-lnb6y-1dae7c8a79213f0926661e1ce5dd0701 .av-special-heading-tag{\nfont-size:0.8em;\n}\n}\n\n@media only screen and (max-width: 479px){ \n#top #wrap_all .av-special-heading.av-lnb6y-1dae7c8a79213f0926661e1ce5dd0701 .av-special-heading-tag{\nfont-size:0.8em;\n}\n}\n<\/style>\n<div  class='av-special-heading av-lnb6y-1dae7c8a79213f0926661e1ce5dd0701 av-special-heading-h2 meta-heading blockquote modern-quote  avia-builder-el-6  el_before_av_textblock  avia-builder-el-first  av-inherit-size'><h2 class='av-special-heading-tag'  >Envio <span class='special_amp'>&amp;<\/span> Entrega <\/h2><div class=\"special-heading-border\"><div class=\"special-heading-inner-border\"><\/div><\/div><\/div><br \/>\n<section  class='av_textblock_section av-kifnl32u-1-3347e1323ce4fa933ca6212de4cfc084'  ><div class='avia_textblock' ><h4>Qual \u00e9 o prazo de entrega para o meu pedido?<\/h4>\n<ul>\n<li>Por frete mar\u00edtimo: precisar\u00e1 de 15 dias a 30 dias para o mundo. detalhado depende do seu pa\u00eds. como para os EUA, precisar\u00e1 de 15 dias para chegar ao destino, para a Europa, precisar\u00e1 de 20 a 25 dias para chegar.<\/li>\n<li>Por frete a\u00e9reo: vai precisar de 3 a 7 dias para chegar<\/li>\n<\/ul>\n<h4>Antes do pedido, voc\u00ea nos oferece uma amostra para verificar a qualidade?<\/h4>\n<p>Sim, podemos oferecer uma amostra para voc\u00ea verificar a qualidade, se os acess\u00f3rios musicais, podemos oferecer amostra gr\u00e1tis para voc\u00ea, voc\u00ea s\u00f3 paga a taxa de frete, se precisar de guitarra ou ukulele ou violino, devolveremos a taxa da amostra para voc\u00ea enquanto voc\u00ea faz um pedido.<\/p>\n<h4>Quais op\u00e7\u00f5es de envio est\u00e3o dispon\u00edveis?<\/h4>\n<ul>\n<li>Pequena quantidade, oferecemos transporte expresso<\/li>\n<li>Quantidade m\u00e9dia, oferecemos transporte a\u00e9reo<\/li>\n<li>Grande quantidade, oferecemos transporte mar\u00edtimo<\/li>\n<\/ul>\n<h4><span data-spm-anchor-id=\"a2700.details.pronpeci14.i0.71141d99fp2FxT\">Quais s\u00e3o os seus termos de entrega para os pedidos?<\/span><\/h4>\n<ul>\n<li>Quantidade pequena: EXW, DDP<\/li>\n<li>Grande quantidade: FOB ou CIF<\/li>\n<\/ul>\n<h4>Quanto tempo para a garantia de qualidade<strong><span data-spm-anchor-id=\"a2700.details.pronpeci14.i0.6f007996uB12AN\">?<\/span><\/strong><\/h4>\n<ul>\n<li>Instrumentos musicais: garantia de um ano<\/li>\n<li>Acess\u00f3rios de instrumentos musicais: um ano ou meio ano<\/li>\n<\/ul>\n<h4>Voc\u00ea poderia aconselhar o custo de envio para calcularmos o custo comercial?<\/h4>\n<ul>\n<li>Diga-nos as quantidades do seu item encomendado<\/li>\n<li>Vamos de acordo com suas quantidades para sugerir que voc\u00ea escolha as formas de envio.<\/li>\n<li>Vamos citar 2 ou 3 maneiras de taxa de frete para voc\u00ea escolher<\/li>\n<\/ul>\n<\/div><\/section><\/p><\/div>\n<style type=\"text\/css\" data-created_by=\"avia_inline_auto\" id=\"style-css-av-ckope-93059bac2338816362658c49d5722cef\">\n#top .av-special-heading.av-ckope-93059bac2338816362658c49d5722cef{\npadding-bottom:30px;\nfont-size:50px;\n}\nbody .av-special-heading.av-ckope-93059bac2338816362658c49d5722cef .av-special-heading-tag .heading-char{\nfont-size:25px;\n}\n#top #wrap_all .av-special-heading.av-ckope-93059bac2338816362658c49d5722cef .av-special-heading-tag{\nfont-size:50px;\n}\n.av-special-heading.av-ckope-93059bac2338816362658c49d5722cef .av-subheading{\nfont-size:15px;\n}\n\n@media only screen and (min-width: 480px) and (max-width: 767px){ \n#top #wrap_all .av-special-heading.av-ckope-93059bac2338816362658c49d5722cef .av-special-heading-tag{\nfont-size:0.8em;\n}\n}\n\n@media only screen and (max-width: 479px){ \n#top #wrap_all .av-special-heading.av-ckope-93059bac2338816362658c49d5722cef .av-special-heading-tag{\nfont-size:0.8em;\n}\n}\n<\/style>\n<div  class='av-special-heading av-ckope-93059bac2338816362658c49d5722cef av-special-heading-h2 meta-heading blockquote modern-quote  avia-builder-el-8  el_after_av_one_half  el_before_av_textblock  av-inherit-size'><h2 class='av-special-heading-tag'  >Sobre ArioseMusic<\/h2><div class=\"special-heading-border\"><div class=\"special-heading-inner-border\"><\/div><\/div><\/div>\n<section  class='av_textblock_section av-kih3f8yq-ab7413c0f0000c0c775f02d6341f4683'  ><div class='avia_textblock' ><h3>Voc\u00ea \u00e9 uma f\u00e1brica ou empresa comercial?<\/h3>\n<ul>\n<li>Operamos f\u00e1bricas e uma empresa comercial. Nossa primeira f\u00e1brica \u00e9 especializada na produ\u00e7\u00e3o de viol\u00f5es, ukuleles e tambores de bong\u00f4, enquanto nossa segunda f\u00e1brica se concentra na fabrica\u00e7\u00e3o de violinos e acess\u00f3rios relacionados. Al\u00e9m disso, nossa empresa comercial auxilia os clientes a obter os produtos de que precisam.<\/li>\n<\/ul>\n<p>A ArioseMusic tem como objetivo ser uma fornecedora profissional de instrumentos musicais. Por mais de 15 anos, a ArioseMusic tem fornecido aos seus clientes um servi\u00e7o de compra completo e ampliado sua participa\u00e7\u00e3o no mercado em todo o mundo. Com uma parceria de longa data com mais de 150 fabricantes de instrumentos musicais, desde instrumentos escolares, instrumentos de sopro, bateria e percuss\u00e3o, instrumentos orff e v\u00e1rios acess\u00f3rios para instrumentos musicais. Atualmente, a ArioseMusic exporta seus produtos para mais de 60 pa\u00edses e regi\u00f5es ao redor do mundo e atraiu v\u00e1rios revendedores estrangeiros como seus clientes de longa data.<\/p>\n<ul>\n<li><strong>Empresa comercial VS Factory<\/strong><\/li>\n<\/ul>\n<p>Como cliente, voc\u00ea provavelmente prefere trabalhar diretamente com as f\u00e1bricas para garantir os pre\u00e7os mais favor\u00e1veis. No entanto, as f\u00e1bricas geralmente apresentam desafios: a comunica\u00e7\u00e3o pode ser dif\u00edcil, as quantidades m\u00ednimas de pedidos (MOQs) s\u00e3o geralmente grandes e as ofertas de produtos podem ser limitadas.<\/p>\n<p>A ArioseMusic preenche essa lacuna operando duas f\u00e1bricas e uma empresa comercial. Oferecemos o melhor dos dois mundos \u2014 pre\u00e7os de f\u00e1brica competitivos e a conveni\u00eancia de uma empresa comercial. Nosso modelo nos permite obter uma ampla gama de instrumentos musicais e acess\u00f3rios, garantindo que voc\u00ea possa comprar tudo o que precisa de um \u00fanico fornecedor. Isso n\u00e3o apenas reduz os custos de compra e envio, mas tamb\u00e9m simplifica o processo de aquisi\u00e7\u00e3o.<\/p>\n<p>Se voc\u00ea est\u00e1 interessado em guitarras, temos nossa pr\u00f3pria f\u00e1brica de guitarras na ArioseMusic, capaz de atender \u00e0s suas necessidades de guitarras personalizadas e pedidos em massa. Precisa de violinos ou outros instrumentos? Podemos fornecer os melhores pre\u00e7os de f\u00e1brica. Procurando acess\u00f3rios como correias de guitarra, palhetas e cabos? N\u00f3s temos voc\u00ea coberto.<\/p>\n<p>Na ArioseMusic, colaboramos com mais de 150 f\u00e1bricas em toda a China, garantindo acesso aos produtos da melhor qualidade a pre\u00e7os competitivos. Voc\u00ea n\u00e3o precisa se preocupar em obter de v\u00e1rios fornecedores. Oferecemos pequenos MOQs, pre\u00e7os razo\u00e1veis e uma sele\u00e7\u00e3o abrangente de instrumentos musicais e acess\u00f3rios para atender \u00e0s necessidades de todos os nossos clientes.<\/p>\n<h4><\/h4>\n<h4>Como encomendar um artigo n\u00e3o encontrado no site?<\/h4>\n<ul>\n<li>Certifique-se de que seu item pertence a instrumentos musicais e acess\u00f3rios<\/li>\n<li>Confirmaremos se temos em estoque, apenas n\u00e3o mostraremos no site<\/li>\n<li>Se tivermos, ofereceremos a melhor cota\u00e7\u00e3o para voc\u00ea em tempo h\u00e1bil.<\/li>\n<li>Se n\u00e3o tivermos este item, faremos de acordo com sua imagem para fornecer para voc\u00ea. voc\u00ea pode cooperar conosco ou cooperar com a f\u00e1brica desses produtos.<\/li>\n<\/ul>\n<h4>Qual \u00e9 a gama de produtos ArioseMusic?<\/h4>\n<p>Como fornecedores profissionais de instrumentos musicais, oferecemos uma ampla variedade de produtos, incluindo ukuleles, violinos, guitarras, teclados, baterias e outros acess\u00f3rios relacionados.<\/p>\n<h4>Quais os servi\u00e7os que a ArioseMusic oferece?<\/h4>\n<ul>\n<li>Servi\u00e7o de OEM\/ODM<\/li>\n<li>Servi\u00e7o de entrega direta<\/li>\n<li>Servi\u00e7o de compra \u00fanico<\/li>\n<\/ul>\n<div id=\"gtx-trans\" style=\"position: absolute; left: 256px; top: 1129.91px;\">\n<div class=\"gtx-trans-icon\"><\/div>\n<\/div>\n<\/div><\/section>\n\n<style type=\"text\/css\" data-created_by=\"avia_inline_auto\" id=\"style-css-av-8rbhm-0de23a570ece016029a7321618124b95\">\n#top .av-special-heading.av-8rbhm-0de23a570ece016029a7321618124b95{\npadding-bottom:30px;\nfont-size:26px;\n}\nbody .av-special-heading.av-8rbhm-0de23a570ece016029a7321618124b95 .av-special-heading-tag .heading-char{\nfont-size:25px;\n}\n#top #wrap_all .av-special-heading.av-8rbhm-0de23a570ece016029a7321618124b95 .av-special-heading-tag{\nfont-size:26px;\n}\n.av-special-heading.av-8rbhm-0de23a570ece016029a7321618124b95 .av-subheading{\nfont-size:15px;\n}\n\n@media only screen and (min-width: 480px) and (max-width: 767px){ \n#top #wrap_all .av-special-heading.av-8rbhm-0de23a570ece016029a7321618124b95 .av-special-heading-tag{\nfont-size:0.8em;\n}\n}\n\n@media only screen and (max-width: 479px){ \n#top #wrap_all .av-special-heading.av-8rbhm-0de23a570ece016029a7321618124b95 .av-special-heading-tag{\nfont-size:0.8em;\n}\n}\n<\/style>\n<div  class='av-special-heading av-8rbhm-0de23a570ece016029a7321618124b95 av-special-heading-h3 meta-heading blockquote modern-quote  avia-builder-el-10  el_after_av_textblock  el_before_av_one_full  av-inherit-size'><h3 class='av-special-heading-tag'  >Se voc\u00ea tiver outras d\u00favidas n\u00e3o listadas acima, sinta-se \u00e0 vontade para entrar em contato conosco no formul\u00e1rio abaixo!<\/h3><div class=\"special-heading-border\"><div class=\"special-heading-inner-border\"><\/div><\/div><\/div>\n<div  class='flex_column av-a91wi-b46d0bfd527a0047aa33f3706eb744b5 av_one_full  avia-builder-el-11  el_after_av_heading  avia-builder-el-last  first flex_column_div'     ><section  class='av_textblock_section av-li9kn3pu-33d3afedae9aad0deec966d2df2d0baf'  ><div class='avia_textblock' ><div class='fluentform ff-default fluentform_wrapper_3 ffs_default_wrap'><form data-form_id=\"3\" id=\"fluentform_3\" class=\"frm-fluent-form fluent_form_3 ff-el-form-top ff_form_instance_3_1 ff-form-loading ffs_default\" data-form_instance=\"ff_form_instance_3_1\" method=\"POST\" action=\"\" ><fieldset  style=\"border: none!important;margin: 0!important;padding: 0!important;background-color: transparent!important;box-shadow: none!important;outline: none!important; min-inline-size: 100%;\">\n                    <legend class=\"ff_screen_reader_title\" style=\"display: block; margin: 0!important;padding: 0!important;height: 0!important;text-indent: -999999px;width: 0!important;overflow:hidden;\">Demonstra\u00e7\u00e3o do formul\u00e1rio de contato (#3)<\/legend><p style=\"display: none !important;\" class=\"akismet-fields-container\" data-prefix=\"ak_\"><label>&#916;<textarea name=\"ak_hp_textarea\" cols=\"45\" rows=\"8\" maxlength=\"100\"><\/textarea><\/label><input type=\"hidden\" id=\"ak_js_1\" name=\"ak_js\" value=\"138\"\/><script>document.getElementById( \"ak_js_1\" ).setAttribute( \"value\", ( new Date() ).getTime() );<\/script><\/p><input type='hidden' name='__fluent_form_embded_post_id' value='530' \/><input type=\"hidden\" id=\"_fluentform_3_fluentformnonce\" name=\"_fluentform_3_fluentformnonce\" value=\"2c35f737e1\" \/><input type=\"hidden\" name=\"_wp_http_referer\" value=\"\/pt\/wp-json\/wp\/v2\/pages\/530\" \/><div data-type=\"name-element\" data-name=\"names\" class=\"ff-field_container ff-name-field-wrapper\" ><div class='ff-t-container'><div class='ff-t-cell'><div class='ff-el-group  ff-el-form-hide_label'><div class=\"ff-el-input--label asterisk-right\"><label for='ff_3_names_first_name_' id='label_ff_3_names_first_name_' >nome da empresa<\/label><\/div><div class='ff-el-input--content'><input type=\"text\" name=\"names[first_name]\" id=\"ff_3_names_first_name_\" class=\"ff-el-form-control\" placeholder=\"Nome da empresa *\" aria-invalid=\"false\" aria-required=\"false\"><\/div><\/div><\/div><\/div><\/div><div class='ff-el-group ff-el-form-hide_label'><div class=\"ff-el-input--label ff-el-is-required asterisk-right\"><label for='ff_3_email' id='label_ff_3_email' aria-label=\"E-mail\">E-mail<\/label><\/div><div class='ff-el-input--content'><input type=\"email\" name=\"email\" id=\"ff_3_email\" class=\"ff-el-form-control\" placeholder=\"E-mail *\" data-name=\"email\"  aria-invalid=\"false\" aria-required=\"true\"><\/div><\/div><div class='ff-el-group ff-el-form-hide_label'><div class=\"ff-el-input--label ff-el-is-required asterisk-right\"><label for='ff_3_message' id='label_ff_3_message' aria-label=\"Sua mensagem\">Sua mensagem<\/label><\/div><div class='ff-el-input--content'><textarea aria-required=\"true\" aria-labelledby=\"label_ff_3_message\" name=\"message\" id=\"ff_3_message\" class=\"ff-el-form-control\" placeholder=\"Mensagem *\" rows=\"6\" cols=\"2\" data-name=\"message\" ><\/textarea><\/div><\/div><div class='ff-el-group ff-text-left ff_submit_btn_wrapper'><button type=\"submit\" class=\"ff-btn ff-btn-submit ff-btn-md ff_btn_style wpf_has_custom_css\"  aria-label=\"Mandar\">Mandar<\/button><\/div><\/fieldset><input type=\"hidden\" name=\"trp-form-language\" value=\"pt\"\/><\/form><div id='fluentform_3_errors' class='ff-errors-in-stack ff_form_instance_3_1 ff-form-loading_errors ff_form_instance_3_1_errors'><\/div><\/div>            <script type=\"text\/javascript\">\n                window.fluent_form_ff_form_instance_3_1 = {\"id\":\"3\",\"settings\":{\"layout\":{\"labelPlacement\":\"top\",\"helpMessagePlacement\":\"with_label\",\"errorMessagePlacement\":\"inline\",\"cssClassName\":\"\",\"asteriskPlacement\":\"asterisk-right\"},\"restrictions\":{\"denyEmptySubmission\":{\"enabled\":false}}},\"form_instance\":\"ff_form_instance_3_1\",\"form_id_selector\":\"fluentform_3\",\"rules\":{\"names[first_name]\":{\"required\":{\"value\":false,\"message\":\"This field is required\"}},\"names[middle_name]\":{\"required\":{\"value\":false,\"message\":\"This field is required\"}},\"names[last_name]\":{\"required\":{\"value\":false,\"message\":\"This field is required\"}},\"email\":{\"required\":{\"value\":true,\"message\":\"This field is required\"},\"email\":{\"value\":true,\"message\":\"This field must contain a valid email\"}},\"message\":{\"required\":{\"value\":true,\"message\":\"This field is required\"}}},\"debounce_time\":300};\n                            <\/script>\n            \n<\/div><\/section><\/div><\/div><\/div><\/main><!-- close content main element --><\/div><\/div><div id='after_section_1'  class='main_color av_default_container_wrap container_wrap sidebar_right'  ><div class='container av-section-cont-open' ><div class='template-page content  av-content-small alpha units'><div class='post-entry post-entry-type-page post-entry-530'><div class='entry-content-wrapper clearfix'><section  class='av_textblock_section av-l2coq4y7-9768262045e6b2b065ff0ef5e5be7dc1'  ><div class='avia_textblock' ><p>Contato direto: echo@ariosemusic.com \/ariosemusic08@gmail.com; Whatsapp\/Wechat: 86-18018389989<\/p>\n<\/div><\/section><\/p>","protected":false},"excerpt":{"rendered":"","protected":false},"author":1,"featured_media":0,"parent":0,"menu_order":0,"comment_status":"closed","ping_status":"closed","template":"","meta":{"_seopress_robots_primary_cat":"","_seopress_titles_title":"FAQ | ArioseMusic","_seopress_titles_desc":"You will know all information about our ArioseMusic, such as the orders process, shipping delivery, ranges of the production line.","_seopress_robots_index":"","footnotes":""},"class_list":["post-530","page","type-page","status-publish","hentry"],"_links":{"self":[{"href":"https:\/\/ariosemusic.com\/pt\/wp-json\/wp\/v2\/pages\/530","targetHints":{"allow":["GET"]}}],"collection":[{"href":"https:\/\/ariosemusic.com\/pt\/wp-json\/wp\/v2\/pages"}],"about":[{"href":"https:\/\/ariosemusic.com\/pt\/wp-json\/wp\/v2\/types\/page"}],"author":[{"embeddable":true,"href":"https:\/\/ariosemusic.com\/pt\/wp-json\/wp\/v2\/users\/1"}],"replies":[{"embeddable":true,"href":"https:\/\/ariosemusic.com\/pt\/wp-json\/wp\/v2\/comments?post=530"}],"version-history":[{"count":0,"href":"https:\/\/ariosemusic.com\/pt\/wp-json\/wp\/v2\/pages\/530\/revisions"}],"wp:attachment":[{"href":"https:\/\/ariosemusic.com\/pt\/wp-json\/wp\/v2\/media?parent=530"}],"curies":[{"name":"wp","href":"https:\/\/api.w.org\/{rel}","templated":true}]}}