{"id":530,"date":"2024-05-25T13:53:03","date_gmt":"2024-05-25T13:53:03","guid":{"rendered":"http:\/\/wpoffice\/enfold-fitness\/?page_id=530"},"modified":"2024-06-18T02:28:31","modified_gmt":"2024-06-18T02:28:31","slug":"czesto-zadawane-pytania","status":"publish","type":"page","link":"https:\/\/ariosemusic.com\/pl\/czesto-zadawane-pytania\/","title":{"rendered":"Cz\u0119sto zadawane pytania"},"content":{"rendered":"<div id='av_section_1'  class='avia-section av-pq9be-f41b716bbd36b512f9df304dfef7f135 main_color avia-section-large avia-no-border-styling  avia-builder-el-0  el_before_av_textblock  avia-builder-el-first  avia-bg-style-scroll av-minimum-height av-minimum-height-100 av-height-100  container_wrap sidebar_right'   data-av_minimum_height_pc='100' data-av_min_height_opt='100'><div class='container av-section-cont-open' ><main  class='template-page content  av-content-small alpha units'><div class='post-entry post-entry-type-page post-entry-530'><div class='entry-content-wrapper clearfix'>\n\n<style type=\"text\/css\" data-created_by=\"avia_inline_auto\" id=\"style-css-av-xu84a-4e21ad14525c9ba8e69820a304b46706\">\n#top .av-special-heading.av-xu84a-4e21ad14525c9ba8e69820a304b46706{\npadding-bottom:30px;\nfont-size:70px;\n}\nbody .av-special-heading.av-xu84a-4e21ad14525c9ba8e69820a304b46706 .av-special-heading-tag .heading-char{\nfont-size:25px;\n}\n#top #wrap_all .av-special-heading.av-xu84a-4e21ad14525c9ba8e69820a304b46706 .av-special-heading-tag{\nfont-size:70px;\n}\n.av-special-heading.av-xu84a-4e21ad14525c9ba8e69820a304b46706 .av-subheading{\nfont-size:15px;\n}\n\n@media only screen and (min-width: 480px) and (max-width: 767px){ \n#top #wrap_all .av-special-heading.av-xu84a-4e21ad14525c9ba8e69820a304b46706 .av-special-heading-tag{\nfont-size:0.8em;\n}\n}\n\n@media only screen and (max-width: 479px){ \n#top #wrap_all .av-special-heading.av-xu84a-4e21ad14525c9ba8e69820a304b46706 .av-special-heading-tag{\nfont-size:0.8em;\n}\n}\n<\/style>\n<div  class='av-special-heading av-xu84a-4e21ad14525c9ba8e69820a304b46706 av-special-heading-h1 blockquote modern-quote  avia-builder-el-1  el_before_av_one_half  avia-builder-el-first  av-thin-font av-inherit-size'><h1 class='av-special-heading-tag'  >Cz\u0119sto zadawane pytania<strong>.<\/strong><\/h1><div class=\"special-heading-border\"><div class=\"special-heading-inner-border\"><\/div><\/div><\/div>\n\n<style type=\"text\/css\" data-created_by=\"avia_inline_auto\" id=\"style-css-av-j8mtm-668257bcff217ce464b213fe3f75693e\">\n.flex_column.av-j8mtm-668257bcff217ce464b213fe3f75693e{\nborder-radius:0px 0px 0px 0px;\npadding:0px 0px 0px 0px;\n}\n<\/style>\n<div  class='flex_column av-j8mtm-668257bcff217ce464b213fe3f75693e av_one_half  avia-builder-el-2  el_after_av_heading  el_before_av_one_half  first flex_column_div av-zero-column-padding'     ><p>\n<style type=\"text\/css\" data-created_by=\"avia_inline_auto\" id=\"style-css-av-sohe2-5910191d2f5e7a626d34c23d6d34b20a\">\n#top .av-special-heading.av-sohe2-5910191d2f5e7a626d34c23d6d34b20a{\npadding-bottom:30px;\nfont-size:50px;\n}\nbody .av-special-heading.av-sohe2-5910191d2f5e7a626d34c23d6d34b20a .av-special-heading-tag .heading-char{\nfont-size:25px;\n}\n#top #wrap_all .av-special-heading.av-sohe2-5910191d2f5e7a626d34c23d6d34b20a .av-special-heading-tag{\nfont-size:50px;\n}\n.av-special-heading.av-sohe2-5910191d2f5e7a626d34c23d6d34b20a .av-subheading{\nfont-size:15px;\n}\n\n@media only screen and (min-width: 480px) and (max-width: 767px){ \n#top #wrap_all .av-special-heading.av-sohe2-5910191d2f5e7a626d34c23d6d34b20a .av-special-heading-tag{\nfont-size:0.8em;\n}\n}\n\n@media only screen and (max-width: 479px){ \n#top #wrap_all .av-special-heading.av-sohe2-5910191d2f5e7a626d34c23d6d34b20a .av-special-heading-tag{\nfont-size:0.8em;\n}\n}\n<\/style>\n<div  class='av-special-heading av-sohe2-5910191d2f5e7a626d34c23d6d34b20a av-special-heading-h2 meta-heading blockquote modern-quote  avia-builder-el-3  el_before_av_textblock  avia-builder-el-first  av-inherit-size'><h2 class='av-special-heading-tag'  >\u015awi\u0119cenia<\/h2><div class=\"special-heading-border\"><div class=\"special-heading-inner-border\"><\/div><\/div><\/div><br \/>\n<section  class='av_textblock_section av-kifnl32u-808ad92c0024d76bd00b482f32f5bf3a'  ><div class='avia_textblock' ><h3>Czy akceptujecie ma\u0142e ilo\u015bci zam\u00f3wie\u0144?<\/h3>\n<p>ArioseMusic oferuje szerok\u0105 gam\u0119 instrument\u00f3w muzycznych i akcesori\u00f3w. Mo\u017cesz zam\u00f3wi\u0107 r\u00f3\u017cne artyku\u0142y, a minimalna ilo\u015b\u0107 zam\u00f3wienia to jeden karton.<\/p>\n<h3>Jak z\u0142o\u017cy\u0107 zam\u00f3wienie w Twoim imieniu?<\/h3>\n<p>Mo\u017cesz wys\u0142a\u0107 do nas zapytanie o interesuj\u0105ce Ci\u0119 przedmioty, a my, na podstawie ilo\u015bci, zaproponujemy Ci najlepsz\u0105 cen\u0119 i zasugerujemy spos\u00f3b wysy\u0142ki. Po potwierdzeniu zam\u00f3wienia przejdziemy do nast\u0119pnego kroku.<\/p>\n<h3>Jakie s\u0105 warunki i metody p\u0142atno\u015bci?<\/h3>\n<p>Warunki p\u0142atno\u015bci:<\/p>\n<ul>\n<li>100% zaliczka dla klient\u00f3w zamawiaj\u0105cych pr\u00f3bnie przed wysy\u0142k\u0105<\/li>\n<li>30% zap\u0142ata z g\u00f3ry dla sta\u0142ych klient\u00f3w, 70% zap\u0142aci przed wysy\u0142k\u0105<\/li>\n<li>L\/C na widok<\/li>\n<\/ul>\n<p>Sposoby p\u0142atno\u015bci:<\/p>\n<ul>\n<li>Alipay dla nowych klient\u00f3w<\/li>\n<li>Przelew na nasze konto firmowe<\/li>\n<li>Unia Zachodnia<\/li>\n<li>P\u0142atno\u015b\u0107 Paypalem<\/li>\n<\/ul>\n<h3>Jak \u015bledzi\u0107 moje zam\u00f3wienie?<\/h3>\n<p>Zapewnimy szczeg\u00f3\u0142owe informacje o Twoich zam\u00f3wieniach i b\u0119dziemy Ci\u0119 informowa\u0107 o ka\u017cdym kroku a\u017c do momentu przybycia towar\u00f3w. Je\u015bli wybierzesz wysy\u0142k\u0119 lotnicz\u0105 lub ekspresow\u0105, podamy Ci numer \u015bledzenia. Je\u015bli Twoje towary zostan\u0105 wys\u0142ane drog\u0105 morsk\u0105, poinformujemy Ci\u0119 o dacie wysy\u0142ki, statusie na morzu i czasie przybycia.<\/p>\n<\/div><\/section><\/p><\/div>\n<style type=\"text\/css\" data-created_by=\"avia_inline_auto\" id=\"style-css-av-ghix6-ddfc88f49a59eaa525ec5bf1645da0c5\">\n.flex_column.av-ghix6-ddfc88f49a59eaa525ec5bf1645da0c5{\nborder-radius:0px 0px 0px 0px;\npadding:0px 0px 0px 0px;\n}\n<\/style>\n<div  class='flex_column av-ghix6-ddfc88f49a59eaa525ec5bf1645da0c5 av_one_half  avia-builder-el-5  el_after_av_one_half  el_before_av_heading  flex_column_div av-zero-column-padding'     ><p>\n<style type=\"text\/css\" data-created_by=\"avia_inline_auto\" id=\"style-css-av-lnb6y-1dae7c8a79213f0926661e1ce5dd0701\">\n#top .av-special-heading.av-lnb6y-1dae7c8a79213f0926661e1ce5dd0701{\npadding-bottom:30px;\nfont-size:50px;\n}\nbody .av-special-heading.av-lnb6y-1dae7c8a79213f0926661e1ce5dd0701 .av-special-heading-tag .heading-char{\nfont-size:25px;\n}\n#top #wrap_all .av-special-heading.av-lnb6y-1dae7c8a79213f0926661e1ce5dd0701 .av-special-heading-tag{\nfont-size:50px;\n}\n.av-special-heading.av-lnb6y-1dae7c8a79213f0926661e1ce5dd0701 .av-subheading{\nfont-size:15px;\n}\n\n@media only screen and (min-width: 480px) and (max-width: 767px){ \n#top #wrap_all .av-special-heading.av-lnb6y-1dae7c8a79213f0926661e1ce5dd0701 .av-special-heading-tag{\nfont-size:0.8em;\n}\n}\n\n@media only screen and (max-width: 479px){ \n#top #wrap_all .av-special-heading.av-lnb6y-1dae7c8a79213f0926661e1ce5dd0701 .av-special-heading-tag{\nfont-size:0.8em;\n}\n}\n<\/style>\n<div  class='av-special-heading av-lnb6y-1dae7c8a79213f0926661e1ce5dd0701 av-special-heading-h2 meta-heading blockquote modern-quote  avia-builder-el-6  el_before_av_textblock  avia-builder-el-first  av-inherit-size'><h2 class='av-special-heading-tag'  >Wysy\u0142ka <span class='special_amp'>&amp;<\/span> dostawa <\/h2><div class=\"special-heading-border\"><div class=\"special-heading-inner-border\"><\/div><\/div><\/div><br \/>\n<section  class='av_textblock_section av-kifnl32u-1-3347e1323ce4fa933ca6212de4cfc084'  ><div class='avia_textblock' ><h4>Jaki jest czas realizacji mojego zam\u00f3wienia?<\/h4>\n<ul>\n<li>Transport morski: przesy\u0142ka na ca\u0142y \u015bwiat dociera w ci\u0105gu 15\u201330 dni. Szczeg\u00f3\u0142y zale\u017c\u0105 od kraju, do kt\u00f3rego wysy\u0142asz przesy\u0142k\u0119. Np. do USA przesy\u0142ka dociera w ci\u0105gu 15 dni, a do Europy w ci\u0105gu 20\u201325 dni.<\/li>\n<li>Transportem lotniczym: dostawa zajmie od 3 do 7 dni<\/li>\n<\/ul>\n<h4>Czy przed z\u0142o\u017ceniem zam\u00f3wienia oferujecie nam pr\u00f3bk\u0119 w celu sprawdzenia jako\u015bci?<\/h4>\n<p>Tak, mo\u017cemy zaoferowa\u0107 Ci pr\u00f3bk\u0119 w celu sprawdzenia jako\u015bci. Je\u015bli chodzi o akcesoria muzyczne, mo\u017cemy zaoferowa\u0107 Ci bezp\u0142atn\u0105 pr\u00f3bk\u0119, musisz jedynie zap\u0142aci\u0107 za przesy\u0142k\u0119. Je\u015bli potrzebujesz gitary, ukulele lub skrzypiec, zwr\u00f3cimy Ci op\u0142at\u0119 za pr\u00f3bk\u0119 podczas sk\u0142adania zam\u00f3wienia.<\/p>\n<h4>Jakie opcje wysy\u0142ki s\u0105 dost\u0119pne?<\/h4>\n<ul>\n<li>Ma\u0142a ilo\u015b\u0107, oferujemy ekspresow\u0105 wysy\u0142k\u0119<\/li>\n<li>\u015arednia ilo\u015b\u0107, oferujemy wysy\u0142k\u0119 lotnicz\u0105<\/li>\n<li>Du\u017ce ilo\u015bci, oferujemy transport morski<\/li>\n<\/ul>\n<h4><span data-spm-anchor-id=\"a2700.details.pronpeci14.i0.71141d99fp2FxT\">Jakie s\u0105 warunki dostawy zam\u00f3wie\u0144?<\/span><\/h4>\n<ul>\n<li>Ma\u0142a ilo\u015b\u0107: EXW, DDP<\/li>\n<li>Du\u017ca ilo\u015b\u0107: FOB lub CIF<\/li>\n<\/ul>\n<h4>Jak d\u0142ugo obowi\u0105zuje gwarancja jako\u015bci<strong><span data-spm-anchor-id=\"a2700.details.pronpeci14.i0.6f007996uB12AN\">?<\/span><\/strong><\/h4>\n<ul>\n<li>Instrumenty muzyczne: roczna gwarancja<\/li>\n<li>Akcesoria do instrument\u00f3w muzycznych: rok lub p\u00f3\u0142 roku<\/li>\n<\/ul>\n<h4>Czy m\u00f3g\u0142by Pan poda\u0107 nam koszt wysy\u0142ki, aby\u015bmy mogli obliczy\u0107 koszty dzia\u0142alno\u015bci?<\/h4>\n<ul>\n<li>Podaj nam ilo\u015b\u0107 zam\u00f3wionych przez Ciebie artyku\u0142\u00f3w<\/li>\n<li>Na podstawie podanych ilo\u015bci zasugerujemy Ci spos\u00f3b dostawy.<\/li>\n<li>Zaproponujemy Ci op\u0142at\u0119 za przesy\u0142k\u0119 w 2 lub 3 kierunkach, zgodnie z Twoim wyborem<\/li>\n<\/ul>\n<\/div><\/section><\/p><\/div>\n<style type=\"text\/css\" data-created_by=\"avia_inline_auto\" id=\"style-css-av-ckope-93059bac2338816362658c49d5722cef\">\n#top .av-special-heading.av-ckope-93059bac2338816362658c49d5722cef{\npadding-bottom:30px;\nfont-size:50px;\n}\nbody .av-special-heading.av-ckope-93059bac2338816362658c49d5722cef .av-special-heading-tag .heading-char{\nfont-size:25px;\n}\n#top #wrap_all .av-special-heading.av-ckope-93059bac2338816362658c49d5722cef .av-special-heading-tag{\nfont-size:50px;\n}\n.av-special-heading.av-ckope-93059bac2338816362658c49d5722cef .av-subheading{\nfont-size:15px;\n}\n\n@media only screen and (min-width: 480px) and (max-width: 767px){ \n#top #wrap_all .av-special-heading.av-ckope-93059bac2338816362658c49d5722cef .av-special-heading-tag{\nfont-size:0.8em;\n}\n}\n\n@media only screen and (max-width: 479px){ \n#top #wrap_all .av-special-heading.av-ckope-93059bac2338816362658c49d5722cef .av-special-heading-tag{\nfont-size:0.8em;\n}\n}\n<\/style>\n<div  class='av-special-heading av-ckope-93059bac2338816362658c49d5722cef av-special-heading-h2 meta-heading blockquote modern-quote  avia-builder-el-8  el_after_av_one_half  el_before_av_textblock  av-inherit-size'><h2 class='av-special-heading-tag'  >O ArioseMusic<\/h2><div class=\"special-heading-border\"><div class=\"special-heading-inner-border\"><\/div><\/div><\/div>\n<section  class='av_textblock_section av-kih3f8yq-ab7413c0f0000c0c775f02d6341f4683'  ><div class='avia_textblock' ><h3>Czy jeste\u015b fabryk\u0105 czy firm\u0105 handlow\u0105?<\/h3>\n<ul>\n<li>Prowadzimy zar\u00f3wno fabryki, jak i firm\u0119 handlow\u0105. Nasza pierwsza fabryka specjalizuje si\u0119 w produkcji gitar, ukulele i b\u0119bn\u00f3w bongo, podczas gdy nasza druga fabryka koncentruje si\u0119 na produkcji skrzypiec i powi\u0105zanych akcesori\u00f3w. Ponadto nasza firma handlowa pomaga klientom w pozyskiwaniu potrzebnych im towar\u00f3w.<\/li>\n<\/ul>\n<p>ArioseMusic d\u0105\u017cy do tego, aby zosta\u0107 profesjonalnym dostawc\u0105 instrument\u00f3w muzycznych. Od ponad 15 lat ArioseMusic zapewnia swoim klientom kompleksow\u0105 obs\u0142ug\u0119 zakupow\u0105 i zwi\u0119ksza sw\u00f3j udzia\u0142 w rynku na ca\u0142ym \u015bwiecie. Dzi\u0119ki d\u0142ugotrwa\u0142ej wsp\u00f3\u0142pracy z ponad 150 producentami instrument\u00f3w muzycznych, od instrument\u00f3w szkolnych, instrument\u00f3w d\u0119tych, b\u0119bn\u00f3w i instrument\u00f3w perkusyjnych, instrument\u00f3w Orffa, po r\u00f3\u017cnorodne akcesoria do instrument\u00f3w muzycznych. Obecnie ArioseMusic eksportuje swoje produkty do ponad 60 kraj\u00f3w i region\u00f3w na ca\u0142ym \u015bwiecie i przyci\u0105gn\u0105\u0142 wielu zagranicznych dealer\u00f3w jako swoich wieloletnich klient\u00f3w.<\/p>\n<ul>\n<li><strong>Firma handlowa VS Factory<\/strong><\/li>\n<\/ul>\n<p>Jako klient prawdopodobnie wolisz pracowa\u0107 bezpo\u015brednio z fabrykami, aby zabezpieczy\u0107 najkorzystniejsze ceny. Jednak fabryki cz\u0119sto wi\u0105\u017c\u0105 si\u0119 z wyzwaniami: komunikacja mo\u017ce by\u0107 trudna, minimalne ilo\u015bci zam\u00f3wienia (MOQ) s\u0105 zazwyczaj du\u017ce, a oferta produkt\u00f3w mo\u017ce by\u0107 ograniczona.<\/p>\n<p>ArioseMusic \u0142\u0105czy t\u0119 luk\u0119, prowadz\u0105c dwie fabryki i firm\u0119 handlow\u0105. Oferujemy to, co najlepsze z obu \u015bwiat\u00f3w \u2014 konkurencyjne ceny fabryczne i wygod\u0119 firmy handlowej. Nasz model pozwala nam pozyskiwa\u0107 szerok\u0105 gam\u0119 instrument\u00f3w muzycznych i akcesori\u00f3w, zapewniaj\u0105c, \u017ce mo\u017cesz kupi\u0107 wszystko, czego potrzebujesz, od jednego dostawcy. To nie tylko obni\u017ca koszty zakupu i wysy\u0142ki, ale tak\u017ce upraszcza proces zaopatrzenia.<\/p>\n<p>Je\u015bli interesuj\u0105 Ci\u0119 gitary, mamy w\u0142asn\u0105 fabryk\u0119 gitar w ArioseMusic, kt\u00f3ra jest w stanie sprosta\u0107 Twoim wymaganiom dotycz\u0105cym gitar niestandardowych i zam\u00f3wie\u0144 hurtowych. Potrzebujesz skrzypiec lub innych instrument\u00f3w? Mo\u017cemy zapewni\u0107 najlepsze ceny fabryczne. Szukasz akcesori\u00f3w, takich jak paski do gitary, kostki do gry na kostce i kable? Mamy dla Ciebie rozwi\u0105zanie.<\/p>\n<p>W ArioseMusic wsp\u00f3\u0142pracujemy z ponad 150 fabrykami w Chinach, zapewniaj\u0105c dost\u0119p do produkt\u00f3w najwy\u017cszej jako\u015bci w konkurencyjnych cenach. Nie musisz martwi\u0107 si\u0119 o pozyskiwanie od wielu dostawc\u00f3w. Oferujemy ma\u0142e MOQ, rozs\u0105dne ceny i kompleksowy wyb\u00f3r instrument\u00f3w muzycznych i akcesori\u00f3w, aby sprosta\u0107 potrzebom wszystkich naszych klient\u00f3w.<\/p>\n<h4><\/h4>\n<h4>Jak zam\u00f3wi\u0107 przedmiot, kt\u00f3rego nie mo\u017cna znale\u017a\u0107 na stronie internetowej?<\/h4>\n<ul>\n<li>Upewnij si\u0119, \u017ce Tw\u00f3j przedmiot nale\u017cy do instrument\u00f3w muzycznych i akcesori\u00f3w<\/li>\n<li>Potwierdzimy, czy mamy produkt na stanie, ale nie poka\u017cemy go na stronie internetowej<\/li>\n<li>Je\u015bli tak, przedstawimy Ci najlepsz\u0105 ofert\u0119 w najkr\u00f3tszym mo\u017cliwym terminie.<\/li>\n<li>Je\u015bli nie mamy danego artyku\u0142u, sprowadzimy go dla Ciebie na podstawie Twojego zdj\u0119cia. Mo\u017cesz nawi\u0105za\u0107 wsp\u00f3\u0142prac\u0119 z nami lub z fabryk\u0105 tych towar\u00f3w.<\/li>\n<\/ul>\n<h4>Jaki jest asortyment produkt\u00f3w ArioseMusic?<\/h4>\n<p>Jako profesjonalny dostawca instrument\u00f3w muzycznych oferujemy Pa\u0144stwu szeroki asortyment produkt\u00f3w, obejmuj\u0105cy ukulele, skrzypce, gitary, keyboardy, perkusje i inne powi\u0105zane akcesoria.<\/p>\n<h4>Jakie us\u0142ugi oferuje ArioseMusic?<\/h4>\n<ul>\n<li>Us\u0142uga OEM\/ODM<\/li>\n<li>Us\u0142uga Drop Shipping<\/li>\n<li>Kompleksowa obs\u0142uga zakup\u00f3w<\/li>\n<\/ul>\n<div id=\"gtx-trans\" style=\"position: absolute; left: 256px; top: 1129.91px;\">\n<div class=\"gtx-trans-icon\"><\/div>\n<\/div>\n<\/div><\/section>\n\n<style type=\"text\/css\" data-created_by=\"avia_inline_auto\" id=\"style-css-av-8rbhm-0de23a570ece016029a7321618124b95\">\n#top .av-special-heading.av-8rbhm-0de23a570ece016029a7321618124b95{\npadding-bottom:30px;\nfont-size:26px;\n}\nbody .av-special-heading.av-8rbhm-0de23a570ece016029a7321618124b95 .av-special-heading-tag .heading-char{\nfont-size:25px;\n}\n#top #wrap_all .av-special-heading.av-8rbhm-0de23a570ece016029a7321618124b95 .av-special-heading-tag{\nfont-size:26px;\n}\n.av-special-heading.av-8rbhm-0de23a570ece016029a7321618124b95 .av-subheading{\nfont-size:15px;\n}\n\n@media only screen and (min-width: 480px) and (max-width: 767px){ \n#top #wrap_all .av-special-heading.av-8rbhm-0de23a570ece016029a7321618124b95 .av-special-heading-tag{\nfont-size:0.8em;\n}\n}\n\n@media only screen and (max-width: 479px){ \n#top #wrap_all .av-special-heading.av-8rbhm-0de23a570ece016029a7321618124b95 .av-special-heading-tag{\nfont-size:0.8em;\n}\n}\n<\/style>\n<div  class='av-special-heading av-8rbhm-0de23a570ece016029a7321618124b95 av-special-heading-h3 meta-heading blockquote modern-quote  avia-builder-el-10  el_after_av_textblock  el_before_av_one_full  av-inherit-size'><h3 class='av-special-heading-tag'  >Je\u015bli masz jakie\u015b pytania, kt\u00f3re nie zosta\u0142y wymienione powy\u017cej, skontaktuj si\u0119 z nami za pomoc\u0105 poni\u017cszego formularza!<\/h3><div class=\"special-heading-border\"><div class=\"special-heading-inner-border\"><\/div><\/div><\/div>\n<div  class='flex_column av-a91wi-b46d0bfd527a0047aa33f3706eb744b5 av_one_full  avia-builder-el-11  el_after_av_heading  avia-builder-el-last  first flex_column_div'     ><section  class='av_textblock_section av-li9kn3pu-33d3afedae9aad0deec966d2df2d0baf'  ><div class='avia_textblock' ><div class='fluentform ff-default fluentform_wrapper_3 ffs_default_wrap'><form data-form_id=\"3\" id=\"fluentform_3\" class=\"frm-fluent-form fluent_form_3 ff-el-form-top ff_form_instance_3_1 ff-form-loading ff_has_v3_recptcha ffs_default\" data-form_instance=\"ff_form_instance_3_1\" method=\"POST\" data-recptcha_key=\"6LdvPbYsAAAAAM2J1-0JpySnG6QnGqwHlTX7VjrZ\" action=\"\" ><fieldset  style=\"border: none!important;margin: 0!important;padding: 0!important;background-color: transparent!important;box-shadow: none!important;outline: none!important; min-inline-size: 100%;\">\n                    <legend class=\"ff_screen_reader_title\" style=\"display: block; margin: 0!important;padding: 0!important;height: 0!important;text-indent: -999999px;width: 0!important;overflow:hidden;\">Demo formularza kontaktowego (#3)<\/legend><p style=\"display: none !important;\" class=\"akismet-fields-container\" data-prefix=\"ak_\"><label>&#916;<textarea name=\"ak_hp_textarea\" cols=\"45\" rows=\"8\" maxlength=\"100\"><\/textarea><\/label><input type=\"hidden\" id=\"ak_js_1\" name=\"ak_js\" value=\"237\"\/><script>document.getElementById( \"ak_js_1\" ).setAttribute( \"value\", ( new Date() ).getTime() );<\/script><\/p>        <div\n                style=\"display: none!important; position: absolute!important; transform: translateX(1000%)!important;\"\n                class=\"ff-el-group ff-hpsf-container\"\n        >\n            <div class=\"ff-el-input--label asterisk-right\">\n                <label for=\"ff_3_item_sf\" aria-label=\"Subskrybowa\u0107\">\n                    Subskrybowa\u0107                <\/label>\n            <\/div>\n            <div class=\"ff-el-input--content\">\n                <input type=\"text\"\n                       name=\"item_3__fluent_sf\"\n                       class=\"ff-el-form-control\"\n                       id=\"ff_3_item_sf\"\n                \/>\n            <\/div>\n        <\/div>\n                <input type=\"hidden\" id=\"__fluent_protection_token_3\" class=\"fluent-form-token-field\" name=\"__fluent_protection_token_3\">\n        <input type='hidden' name='__fluent_form_embded_post_id' value='530' \/><input type=\"hidden\" id=\"_fluentform_3_fluentformnonce\" name=\"_fluentform_3_fluentformnonce\" value=\"2c35f737e1\" \/><input type=\"hidden\" name=\"_wp_http_referer\" value=\"\/pl\/wp-json\/wp\/v2\/pages\/530\" \/><div data-type=\"name-element\" data-name=\"names\" class=\"ff-field_container ff-name-field-wrapper\" ><div class='ff-t-container'><div class='ff-t-cell'><div class='ff-el-group  ff-el-form-hide_label'><div class=\"ff-el-input--label asterisk-right\"><label for='ff_3_names_first_name_' id='label_ff_3_names_first_name_' >Nazwa firmy<\/label><\/div><div class='ff-el-input--content'><input type=\"text\" name=\"names[first_name]\" id=\"ff_3_names_first_name_\" class=\"ff-el-form-control\" placeholder=\"Nazwa firmy *\" aria-invalid=\"false\" aria-required=\"false\"><\/div><\/div><\/div><\/div><\/div><div class='ff-el-group ff-el-form-hide_label'><div class=\"ff-el-input--label ff-el-is-required asterisk-right\"><label for='ff_3_email' id='label_ff_3_email' aria-label=\"E-mail\">E-mail<\/label><\/div><div class='ff-el-input--content'><input type=\"email\" name=\"email\" id=\"ff_3_email\" class=\"ff-el-form-control\" placeholder=\"Adres e-mail *\" data-name=\"email\"  aria-invalid=\"false\" aria-required=\"true\"><\/div><\/div><div class='ff-el-group ff-el-form-hide_label'><div class=\"ff-el-input--label ff-el-is-required asterisk-right\"><label for='ff_3_message' id='label_ff_3_message' aria-label=\"Twoja wiadomo\u015b\u0107\">Twoja wiadomo\u015b\u0107<\/label><\/div><div class='ff-el-input--content'><textarea aria-required=\"true\" aria-labelledby=\"label_ff_3_message\" name=\"message\" id=\"ff_3_message\" class=\"ff-el-form-control\" placeholder=\"Wiadomo\u015b\u0107 *\" rows=\"6\" cols=\"2\" data-name=\"message\" ><\/textarea><\/div><\/div><div class='ff-el-group ff-text-left ff_submit_btn_wrapper'><button type=\"submit\" class=\"ff-btn ff-btn-submit ff-btn-md ff_btn_style wpf_has_custom_css\"  aria-label=\"Wys\u0142a\u0107\">Wys\u0142a\u0107<\/button><\/div><\/fieldset><input type=\"hidden\" name=\"trp-form-language\" value=\"pl\"\/><\/form><div id='fluentform_3_errors' class='ff-errors-in-stack ff_form_instance_3_1 ff-form-loading_errors ff_form_instance_3_1_errors'><\/div><\/div>            <script type=\"text\/javascript\">\n                window.fluent_form_ff_form_instance_3_1 = {\"id\":\"3\",\"settings\":{\"layout\":{\"labelPlacement\":\"top\",\"helpMessagePlacement\":\"with_label\",\"errorMessagePlacement\":\"inline\",\"cssClassName\":\"\",\"asteriskPlacement\":\"asterisk-right\"},\"restrictions\":{\"denyEmptySubmission\":{\"enabled\":false}}},\"form_instance\":\"ff_form_instance_3_1\",\"form_id_selector\":\"fluentform_3\",\"rules\":{\"names[first_name]\":{\"required\":{\"value\":false,\"message\":\"This field is required\"}},\"names[middle_name]\":{\"required\":{\"value\":false,\"message\":\"This field is required\"}},\"names[last_name]\":{\"required\":{\"value\":false,\"message\":\"This field is required\"}},\"email\":{\"required\":{\"value\":true,\"message\":\"This field is required\"},\"email\":{\"value\":true,\"message\":\"This field must contain a valid email\"}},\"message\":{\"required\":{\"value\":true,\"message\":\"This field is required\"}}},\"debounce_time\":300};\n                            <\/script>\n            \n<\/div><\/section><\/div><\/div><\/div><\/main><!-- close content main element --><\/div><\/div><div id='after_section_1'  class='main_color av_default_container_wrap container_wrap sidebar_right'  ><div class='container av-section-cont-open' ><div class='template-page content  av-content-small alpha units'><div class='post-entry post-entry-type-page post-entry-530'><div class='entry-content-wrapper clearfix'><section  class='av_textblock_section av-l2coq4y7-9768262045e6b2b065ff0ef5e5be7dc1'  ><div class='avia_textblock' ><p>Bezpo\u015bredni kontakt:echo@ariosemusic.com \/ariosemusic08@gmail.com; Whatsapp\/Wechat: 86-18018389989<\/p>\n<\/div><\/section><\/p>","protected":false},"excerpt":{"rendered":"","protected":false},"author":1,"featured_media":0,"parent":0,"menu_order":0,"comment_status":"closed","ping_status":"closed","template":"","meta":{"_seopress_robots_primary_cat":"","_seopress_titles_title":"FAQ | ArioseMusic","_seopress_titles_desc":"You will know all information about our ArioseMusic, such as the orders process, shipping delivery, ranges of the production line.","_seopress_robots_index":"","footnotes":""},"class_list":["post-530","page","type-page","status-publish","hentry"],"_links":{"self":[{"href":"https:\/\/ariosemusic.com\/pl\/wp-json\/wp\/v2\/pages\/530","targetHints":{"allow":["GET"]}}],"collection":[{"href":"https:\/\/ariosemusic.com\/pl\/wp-json\/wp\/v2\/pages"}],"about":[{"href":"https:\/\/ariosemusic.com\/pl\/wp-json\/wp\/v2\/types\/page"}],"author":[{"embeddable":true,"href":"https:\/\/ariosemusic.com\/pl\/wp-json\/wp\/v2\/users\/1"}],"replies":[{"embeddable":true,"href":"https:\/\/ariosemusic.com\/pl\/wp-json\/wp\/v2\/comments?post=530"}],"version-history":[{"count":0,"href":"https:\/\/ariosemusic.com\/pl\/wp-json\/wp\/v2\/pages\/530\/revisions"}],"wp:attachment":[{"href":"https:\/\/ariosemusic.com\/pl\/wp-json\/wp\/v2\/media?parent=530"}],"curies":[{"name":"wp","href":"https:\/\/api.w.org\/{rel}","templated":true}]}}