{"id":513,"date":"2024-05-27T13:48:44","date_gmt":"2024-05-27T13:48:44","guid":{"rendered":"http:\/\/wpoffice\/enfold-fitness\/?page_id=513"},"modified":"2026-04-16T00:22:45","modified_gmt":"2026-04-16T00:22:45","slug":"skontaktuj-sie-z-ariosemusic","status":"publish","type":"page","link":"https:\/\/ariosemusic.com\/pl\/skontaktuj-sie-z-ariosemusic\/","title":{"rendered":"Kontakt"},"content":{"rendered":"<div id='av_section_1'  class='avia-section av-4di2b5-0b6946f752395645ae3eddc68b681353 main_color avia-section-large avia-no-border-styling  avia-builder-el-0  el_before_av_section  avia-builder-el-first  avia-bg-style-scroll container_wrap sidebar_right'  ><div class='container av-section-cont-open' ><main  class='template-page content  av-content-small alpha units'><div class='post-entry post-entry-type-page post-entry-513'><div class='entry-content-wrapper clearfix'>\n\n<style type=\"text\/css\" data-created_by=\"avia_inline_auto\" id=\"style-css-av-fykt5-ab8ee1ba6c49bdffc56e674bb075f863\">\n#top .av-special-heading.av-fykt5-ab8ee1ba6c49bdffc56e674bb075f863{\npadding-bottom:30px;\nfont-size:70px;\n}\nbody .av-special-heading.av-fykt5-ab8ee1ba6c49bdffc56e674bb075f863 .av-special-heading-tag .heading-char{\nfont-size:25px;\n}\n#top #wrap_all .av-special-heading.av-fykt5-ab8ee1ba6c49bdffc56e674bb075f863 .av-special-heading-tag{\nfont-size:70px;\n}\n.av-special-heading.av-fykt5-ab8ee1ba6c49bdffc56e674bb075f863 .av-subheading{\nfont-size:15px;\n}\n\n@media only screen and (min-width: 480px) and (max-width: 767px){ \n#top #wrap_all .av-special-heading.av-fykt5-ab8ee1ba6c49bdffc56e674bb075f863 .av-special-heading-tag{\nfont-size:0.8em;\n}\n}\n\n@media only screen and (max-width: 479px){ \n#top #wrap_all .av-special-heading.av-fykt5-ab8ee1ba6c49bdffc56e674bb075f863 .av-special-heading-tag{\nfont-size:0.8em;\n}\n}\n<\/style>\n<div  class='av-special-heading av-fykt5-ab8ee1ba6c49bdffc56e674bb075f863 av-special-heading-h1 blockquote modern-quote  avia-builder-el-1  avia-builder-el-no-sibling  av-thin-font av-inherit-size'><h1 class='av-special-heading-tag'  >Skontaktuj si\u0119 z ArioseMusic<strong>.<\/strong><\/h1><div class=\"special-heading-border\"><div class=\"special-heading-inner-border\"><\/div><\/div><\/div>\n\n<\/div><\/div><\/main><!-- close content main element --><\/div><\/div>\n<style type=\"text\/css\" data-created_by=\"avia_inline_auto\" id=\"style-css-av-32z3p5-7b723e58906169840d0202f1b710efc1\">\n.avia-section.av-32z3p5-7b723e58906169840d0202f1b710efc1{\nbackground-repeat:no-repeat;\nbackground-image:url(https:\/\/ariosemusic.com\/wp-content\/uploads\/2023\/07\/1-1-1536x1152-1.jpeg);\nbackground-position:50% 50%;\nbackground-attachment:fixed;\n}\n.avia-section.av-32z3p5-7b723e58906169840d0202f1b710efc1 .av-section-color-overlay{\nopacity:0.6;\nbackground-color:#000000;\n}\n<\/style>\n<div id='av_section_2'  class='avia-section av-32z3p5-7b723e58906169840d0202f1b710efc1 alternate_color avia-section-huge avia-no-border-styling  avia-builder-el-2  el_after_av_section  avia-builder-el-last  avia-full-stretch avia-bg-style-fixed av-section-color-overlay-active container_wrap sidebar_right'  data-section-bg-repeat='stretch'><div class=\"av-section-color-overlay-wrap\"><div class=\"av-section-color-overlay\"><\/div><div class='container av-section-cont-open' ><div class='template-page content  av-content-small alpha units'><div class='post-entry post-entry-type-page post-entry-513'><div class='entry-content-wrapper clearfix'>\n\n<style type=\"text\/css\" data-created_by=\"avia_inline_auto\" id=\"style-css-av-t1r01-d09d605c341adb965887648f3ba67229\">\n.flex_column.av-t1r01-d09d605c341adb965887648f3ba67229{\nborder-radius:0px 0px 0px 0px;\npadding:0px 0px 0px 0px;\n}\n<\/style>\n<div  class='flex_column av-t1r01-d09d605c341adb965887648f3ba67229 av_one_half  avia-builder-el-3  el_before_av_one_half  avia-builder-el-first  first flex_column_div av-zero-column-padding'     ><p>\n<style type=\"text\/css\" data-created_by=\"avia_inline_auto\" id=\"style-css-av-b8ybt-d3cc6d9cb8d7e556dc941d4263b96668\">\n#top .av-special-heading.av-b8ybt-d3cc6d9cb8d7e556dc941d4263b96668{\npadding-bottom:20px;\nfont-size:50px;\n}\nbody .av-special-heading.av-b8ybt-d3cc6d9cb8d7e556dc941d4263b96668 .av-special-heading-tag .heading-char{\nfont-size:25px;\n}\n#top #wrap_all .av-special-heading.av-b8ybt-d3cc6d9cb8d7e556dc941d4263b96668 .av-special-heading-tag{\nfont-size:50px;\n}\n.av-special-heading.av-b8ybt-d3cc6d9cb8d7e556dc941d4263b96668 .av-subheading{\nfont-size:15px;\n}\n\n@media only screen and (min-width: 480px) and (max-width: 767px){ \n#top #wrap_all .av-special-heading.av-b8ybt-d3cc6d9cb8d7e556dc941d4263b96668 .av-special-heading-tag{\nfont-size:0.8em;\n}\n}\n\n@media only screen and (max-width: 479px){ \n#top #wrap_all .av-special-heading.av-b8ybt-d3cc6d9cb8d7e556dc941d4263b96668 .av-special-heading-tag{\nfont-size:0.8em;\n}\n}\n<\/style>\n<div  class='av-special-heading av-b8ybt-d3cc6d9cb8d7e556dc941d4263b96668 av-special-heading-h2 blockquote modern-quote modern-centered  avia-builder-el-4  el_before_av_textblock  avia-builder-el-first  av-inherit-size'><h2 class='av-special-heading-tag'  >SKONTAKTUJ SI\u0118 Z ArioseMusic<\/h2><div class=\"special-heading-border\"><div class=\"special-heading-inner-border\"><\/div><\/div><\/div><br \/>\n<section  class='av_textblock_section av-mo0qisr6-9452355e1419d190f8a4e72c7016987a'  ><div class='avia_textblock' ><div class='fluentform ff-default fluentform_wrapper_3 ffs_default_wrap'><form data-form_id=\"3\" id=\"fluentform_3\" class=\"frm-fluent-form fluent_form_3 ff-el-form-top ff_form_instance_3_1 ff-form-loading ff_has_v3_recptcha ffs_default\" data-form_instance=\"ff_form_instance_3_1\" method=\"POST\" data-recptcha_key=\"6LdvPbYsAAAAAM2J1-0JpySnG6QnGqwHlTX7VjrZ\" action=\"\" ><fieldset  style=\"border: none!important;margin: 0!important;padding: 0!important;background-color: transparent!important;box-shadow: none!important;outline: none!important; min-inline-size: 100%;\">\n                    <legend class=\"ff_screen_reader_title\" style=\"display: block; margin: 0!important;padding: 0!important;height: 0!important;text-indent: -999999px;width: 0!important;overflow:hidden;\">Demo formularza kontaktowego (#3)<\/legend><p style=\"display: none !important;\" class=\"akismet-fields-container\" data-prefix=\"ak_\"><label>&#916;<textarea name=\"ak_hp_textarea\" cols=\"45\" rows=\"8\" maxlength=\"100\"><\/textarea><\/label><input type=\"hidden\" id=\"ak_js_1\" name=\"ak_js\" value=\"213\"\/><script>document.getElementById( \"ak_js_1\" ).setAttribute( \"value\", ( new Date() ).getTime() );<\/script><\/p>        <div\n                style=\"display: none!important; position: absolute!important; transform: translateX(1000%)!important;\"\n                class=\"ff-el-group ff-hpsf-container\"\n        >\n            <div class=\"ff-el-input--label asterisk-right\">\n                <label for=\"ff_3_item_sf\" aria-label=\"Aktualizacje\">\n                    Aktualizacje                <\/label>\n            <\/div>\n            <div class=\"ff-el-input--content\">\n                <input type=\"text\"\n                       name=\"item_3__fluent_sf\"\n                       class=\"ff-el-form-control\"\n                       id=\"ff_3_item_sf\"\n                \/>\n            <\/div>\n        <\/div>\n                <input type=\"hidden\" id=\"__fluent_protection_token_3\" class=\"fluent-form-token-field\" name=\"__fluent_protection_token_3\">\n        <input type='hidden' name='__fluent_form_embded_post_id' value='513' \/><input type=\"hidden\" id=\"_fluentform_3_fluentformnonce\" name=\"_fluentform_3_fluentformnonce\" value=\"2c35f737e1\" \/><input type=\"hidden\" name=\"_wp_http_referer\" value=\"\/pl\/wp-json\/wp\/v2\/pages\/513\" \/><div data-type=\"name-element\" data-name=\"names\" class=\"ff-field_container ff-name-field-wrapper\" ><div class='ff-t-container'><div class='ff-t-cell'><div class='ff-el-group  ff-el-form-hide_label'><div class=\"ff-el-input--label asterisk-right\"><label for='ff_3_names_first_name_' id='label_ff_3_names_first_name_' >Nazwa firmy<\/label><\/div><div class='ff-el-input--content'><input type=\"text\" name=\"names[first_name]\" id=\"ff_3_names_first_name_\" class=\"ff-el-form-control\" placeholder=\"Nazwa firmy *\" aria-invalid=\"false\" aria-required=\"false\"><\/div><\/div><\/div><\/div><\/div><div class='ff-el-group ff-el-form-hide_label'><div class=\"ff-el-input--label ff-el-is-required asterisk-right\"><label for='ff_3_email' id='label_ff_3_email' aria-label=\"E-mail\">E-mail<\/label><\/div><div class='ff-el-input--content'><input type=\"email\" name=\"email\" id=\"ff_3_email\" class=\"ff-el-form-control\" placeholder=\"Adres e-mail *\" data-name=\"email\"  aria-invalid=\"false\" aria-required=\"true\"><\/div><\/div><div class='ff-el-group ff-el-form-hide_label'><div class=\"ff-el-input--label ff-el-is-required asterisk-right\"><label for='ff_3_message' id='label_ff_3_message' aria-label=\"Twoja wiadomo\u015b\u0107\">Twoja wiadomo\u015b\u0107<\/label><\/div><div class='ff-el-input--content'><textarea aria-required=\"true\" aria-labelledby=\"label_ff_3_message\" name=\"message\" id=\"ff_3_message\" class=\"ff-el-form-control\" placeholder=\"Wiadomo\u015b\u0107 *\" rows=\"6\" cols=\"2\" data-name=\"message\" ><\/textarea><\/div><\/div><div class='ff-el-group ff-text-left ff_submit_btn_wrapper'><button type=\"submit\" class=\"ff-btn ff-btn-submit ff-btn-md ff_btn_style wpf_has_custom_css\"  aria-label=\"Wys\u0142a\u0107\">Wys\u0142a\u0107<\/button><\/div><\/fieldset><input type=\"hidden\" name=\"trp-form-language\" value=\"pl\"\/><\/form><div id='fluentform_3_errors' class='ff-errors-in-stack ff_form_instance_3_1 ff-form-loading_errors ff_form_instance_3_1_errors'><\/div><\/div>            <script type=\"text\/javascript\">\n                window.fluent_form_ff_form_instance_3_1 = {\"id\":\"3\",\"settings\":{\"layout\":{\"labelPlacement\":\"top\",\"helpMessagePlacement\":\"with_label\",\"errorMessagePlacement\":\"inline\",\"cssClassName\":\"\",\"asteriskPlacement\":\"asterisk-right\"},\"restrictions\":{\"denyEmptySubmission\":{\"enabled\":false}}},\"form_instance\":\"ff_form_instance_3_1\",\"form_id_selector\":\"fluentform_3\",\"rules\":{\"names[first_name]\":{\"required\":{\"value\":false,\"message\":\"This field is required\"}},\"names[middle_name]\":{\"required\":{\"value\":false,\"message\":\"This field is required\"}},\"names[last_name]\":{\"required\":{\"value\":false,\"message\":\"This field is required\"}},\"email\":{\"required\":{\"value\":true,\"message\":\"This field is required\"},\"email\":{\"value\":true,\"message\":\"This field must contain a valid email\"}},\"message\":{\"required\":{\"value\":true,\"message\":\"This field is required\"}}},\"debounce_time\":300};\n                            <\/script>\n            \n<div id=\"gtx-trans\" style=\"position: absolute; left: -40px; top: -11.4062px;\">\n<div class=\"gtx-trans-icon\"><\/div>\n<\/div>\n<\/div><\/section><\/p><\/div>\n<style type=\"text\/css\" data-created_by=\"avia_inline_auto\" id=\"style-css-av-dd7p5-5d317750d80ea887a15a46d5c5369d2e\">\n.flex_column.av-dd7p5-5d317750d80ea887a15a46d5c5369d2e{\nborder-radius:0px 0px 0px 0px;\npadding:0px 0px 0px 0px;\n}\n<\/style>\n<div  class='flex_column av-dd7p5-5d317750d80ea887a15a46d5c5369d2e av_one_half  avia-builder-el-6  el_after_av_one_half  el_before_av_one_full  flex_column_div av-zero-column-padding'     ><p>\n<style type=\"text\/css\" data-created_by=\"avia_inline_auto\" id=\"style-css-av-kii9klhi-dd81102eb5d57d2e27d97736b976a4dd\">\n#top .av-special-heading.av-kii9klhi-dd81102eb5d57d2e27d97736b976a4dd{\npadding-bottom:20px;\nfont-size:23px;\n}\nbody .av-special-heading.av-kii9klhi-dd81102eb5d57d2e27d97736b976a4dd .av-special-heading-tag .heading-char{\nfont-size:25px;\n}\n#top #wrap_all .av-special-heading.av-kii9klhi-dd81102eb5d57d2e27d97736b976a4dd .av-special-heading-tag{\nfont-size:23px;\n}\n.av-special-heading.av-kii9klhi-dd81102eb5d57d2e27d97736b976a4dd .av-subheading{\nfont-size:15px;\n}\n\n@media only screen and (min-width: 480px) and (max-width: 767px){ \n#top #wrap_all .av-special-heading.av-kii9klhi-dd81102eb5d57d2e27d97736b976a4dd .av-special-heading-tag{\nfont-size:0.8em;\n}\n}\n\n@media only screen and (max-width: 479px){ \n#top #wrap_all .av-special-heading.av-kii9klhi-dd81102eb5d57d2e27d97736b976a4dd .av-special-heading-tag{\nfont-size:0.8em;\n}\n}\n<\/style>\n<div  class='av-special-heading av-kii9klhi-dd81102eb5d57d2e27d97736b976a4dd av-special-heading-h2 blockquote modern-quote  avia-builder-el-7  el_before_av_textblock  avia-builder-el-first  av-inherit-size'><h2 class='av-special-heading-tag'  >Szukasz dostawcy instrument\u00f3w muzycznych?<\/h2><div class=\"special-heading-border\"><div class=\"special-heading-inner-border\"><\/div><\/div><\/div><br \/>\n\n<style type=\"text\/css\" data-created_by=\"avia_inline_auto\" id=\"style-css-av-1ddq2x-f4f677ac8b25c1f9209402e575dbdced\">\n#top .av_textblock_section.av-1ddq2x-f4f677ac8b25c1f9209402e575dbdced .avia_textblock{\ncolor:#ffffff;\n}\n<\/style>\n<section  class='av_textblock_section av-1ddq2x-f4f677ac8b25c1f9209402e575dbdced'  ><div class='avia_textblock av_inherit_color' ><h3>Suzhou Ariose Musical Instrument Co., Ltd.<\/h3>\n<h4><br class=\"avia-permanent-lb\" \/>Adres:<\/h4>\n<p>Nr 8 Yucun Road, miasto Suzhou, prowincja Jiangsu, CHINY<\/p>\n<p>Telefon: 86-512-55379958<\/p>\n<p>Telefon\/WhatsApp: 86-18018389989<\/p>\n<p>Strona internetowa: www.ariosemusic.com<\/p>\n<\/div><\/section><\/p><\/div><div  class='flex_column av-6s6ip-72737700fac918a25747bc0982f87046 av_one_full  avia-builder-el-9  el_after_av_one_half  avia-builder-el-last  first flex_column_div  column-top-margin'     ><p>\n<style type=\"text\/css\" data-created_by=\"avia_inline_auto\" id=\"style-css-av-l38a5b57-669a552c03f15a2ea23e177a8b0d7507\">\n#top .av-special-heading.av-l38a5b57-669a552c03f15a2ea23e177a8b0d7507{\npadding-bottom:10px;\n}\nbody .av-special-heading.av-l38a5b57-669a552c03f15a2ea23e177a8b0d7507 .av-special-heading-tag .heading-char{\nfont-size:25px;\n}\n.av-special-heading.av-l38a5b57-669a552c03f15a2ea23e177a8b0d7507 .av-subheading{\nfont-size:15px;\n}\n<\/style>\n<div  class='av-special-heading av-l38a5b57-669a552c03f15a2ea23e177a8b0d7507 av-special-heading-h2 blockquote modern-quote modern-centered  avia-builder-el-10  el_before_av_button  avia-builder-el-first'><h2 class='av-special-heading-tag'  >Dzi\u0119kujemy za po\u015bwi\u0119cony czas!<\/h2><div class=\"special-heading-border\"><div class=\"special-heading-inner-border\"><\/div><\/div><\/div><br \/>\n<div  class='avia-button-wrap av-l38a6n5g-44043e0b7592d2fa5558c3804e400b24-wrap avia-button-center  avia-builder-el-11  el_after_av_heading  avia-builder-el-last'><a href=''  class='avia-button av-l38a6n5g-44043e0b7592d2fa5558c3804e400b24 av-link-btn avia-icon_select-no avia-size-large avia-position-center avia-color-theme-color'  target=\"_blank\"  rel=\"noopener noreferrer\"  aria-label=\"POWR\u00d3T DO DOMU\"><span class='avia_iconbox_title' >POWR\u00d3T DO DOMU<\/span><\/a><\/div><\/p><\/div><\/div><\/div><\/div><!-- close content main div --><\/div><\/div><\/div><div id='after_section_2'  class='main_color av_default_container_wrap container_wrap sidebar_right'  ><div class='container av-section-cont-open' ><div class='template-page content  av-content-small alpha units'><div class='post-entry post-entry-type-page post-entry-513'><div class='entry-content-wrapper clearfix'>","protected":false},"excerpt":{"rendered":"","protected":false},"author":1,"featured_media":0,"parent":0,"menu_order":0,"comment_status":"closed","ping_status":"closed","template":"","meta":{"_seopress_robots_primary_cat":"","_seopress_titles_title":"Contact ArioseMusic For Guitars & Ukuleles Free Quotation","_seopress_titles_desc":"Please feel free to contact ArioseMusic to get a free quote for Guitars & Ukuleles and Accessories, ArioseMusic offers a factory competitive price.","_seopress_robots_index":"","footnotes":""},"class_list":["post-513","page","type-page","status-publish","hentry"],"_links":{"self":[{"href":"https:\/\/ariosemusic.com\/pl\/wp-json\/wp\/v2\/pages\/513","targetHints":{"allow":["GET"]}}],"collection":[{"href":"https:\/\/ariosemusic.com\/pl\/wp-json\/wp\/v2\/pages"}],"about":[{"href":"https:\/\/ariosemusic.com\/pl\/wp-json\/wp\/v2\/types\/page"}],"author":[{"embeddable":true,"href":"https:\/\/ariosemusic.com\/pl\/wp-json\/wp\/v2\/users\/1"}],"replies":[{"embeddable":true,"href":"https:\/\/ariosemusic.com\/pl\/wp-json\/wp\/v2\/comments?post=513"}],"version-history":[{"count":4,"href":"https:\/\/ariosemusic.com\/pl\/wp-json\/wp\/v2\/pages\/513\/revisions"}],"predecessor-version":[{"id":51246,"href":"https:\/\/ariosemusic.com\/pl\/wp-json\/wp\/v2\/pages\/513\/revisions\/51246"}],"wp:attachment":[{"href":"https:\/\/ariosemusic.com\/pl\/wp-json\/wp\/v2\/media?parent=513"}],"curies":[{"name":"wp","href":"https:\/\/api.w.org\/{rel}","templated":true}]}}