{"id":3896,"date":"2024-05-27T02:28:34","date_gmt":"2024-05-27T02:28:34","guid":{"rendered":"https:\/\/ariosemusic.com\/?page_id=3896"},"modified":"2024-05-28T05:58:23","modified_gmt":"2024-05-28T05:58:23","slug":"dziekuje","status":"publish","type":"page","link":"https:\/\/ariosemusic.com\/pl\/dziekuje\/","title":{"rendered":"Dzi\u0119kuj\u0119"},"content":{"rendered":"<div id='av_section_1'  class='avia-section av-1ck6t1-d4cf30f6a42766dbb70260a761afb671 main_color avia-section-large avia-no-border-styling  avia-builder-el-0  avia-builder-el-no-sibling  avia-bg-style-scroll container_wrap sidebar_right'  ><div class='container av-section-cont-open' ><main  class='template-page content  av-content-small alpha units'><div class='post-entry post-entry-type-page post-entry-3896'><div class='entry-content-wrapper clearfix'>\n\n<style type=\"text\/css\" data-created_by=\"avia_inline_auto\" id=\"style-css-av-ikss5-bfa0c576b0c1332816df255652617b5c\">\n#top .av-special-heading.av-ikss5-bfa0c576b0c1332816df255652617b5c{\npadding-bottom:30px;\nfont-size:70px;\n}\nbody .av-special-heading.av-ikss5-bfa0c576b0c1332816df255652617b5c .av-special-heading-tag .heading-char{\nfont-size:25px;\n}\n#top #wrap_all .av-special-heading.av-ikss5-bfa0c576b0c1332816df255652617b5c .av-special-heading-tag{\nfont-size:70px;\n}\n.av-special-heading.av-ikss5-bfa0c576b0c1332816df255652617b5c .av-subheading{\nfont-size:15px;\n}\n\n@media only screen and (min-width: 480px) and (max-width: 767px){ \n#top #wrap_all .av-special-heading.av-ikss5-bfa0c576b0c1332816df255652617b5c .av-special-heading-tag{\nfont-size:0.8em;\n}\n}\n\n@media only screen and (max-width: 479px){ \n#top #wrap_all .av-special-heading.av-ikss5-bfa0c576b0c1332816df255652617b5c .av-special-heading-tag{\nfont-size:0.8em;\n}\n}\n<\/style>\n<div  class='av-special-heading av-ikss5-bfa0c576b0c1332816df255652617b5c av-special-heading-h1 blockquote modern-quote  avia-builder-el-1  el_before_av_one_full  avia-builder-el-first  av-inherit-size'><h1 class='av-special-heading-tag'  >Dzi\u0119kuj\u0119<\/h1><div class=\"special-heading-border\"><div class=\"special-heading-inner-border\"><\/div><\/div><\/div>\n\n<style type=\"text\/css\" data-created_by=\"avia_inline_auto\" id=\"style-css-av-1536e5-ab52da7d8f11e2bdafa6af89d17cafd5\">\n.flex_column.av-1536e5-ab52da7d8f11e2bdafa6af89d17cafd5{\nborder-radius:0px 0px 0px 0px;\npadding:0px 0px 0px 0px;\n}\n<\/style>\n<div  class='flex_column av-1536e5-ab52da7d8f11e2bdafa6af89d17cafd5 av_one_full  avia-builder-el-2  el_after_av_heading  avia-builder-el-last  first flex_column_div av-zero-column-padding'     ><section  class='av_textblock_section av-ypin9-9147fd6f9eaf839be148fb7d97df6784'  ><div class='avia_textblock' ><p><img fetchpriority=\"high\" decoding=\"async\" class=\"size-medium wp-image-1515 alignright\" src=\"https:\/\/ariosemusic.com\/wp-content\/uploads\/2020\/11\/\u672a\u6807\u9898-1-300x300.jpg\" alt=\"\" width=\"300\" height=\"300\" srcset=\"https:\/\/ariosemusic.com\/wp-content\/uploads\/2020\/11\/\u672a\u6807\u9898-1-300x300.jpg 300w, https:\/\/ariosemusic.com\/wp-content\/uploads\/2020\/11\/\u672a\u6807\u9898-1-80x80.jpg 80w, https:\/\/ariosemusic.com\/wp-content\/uploads\/2020\/11\/\u672a\u6807\u9898-1-768x768.jpg 768w, https:\/\/ariosemusic.com\/wp-content\/uploads\/2020\/11\/\u672a\u6807\u9898-1-36x36.jpg 36w, https:\/\/ariosemusic.com\/wp-content\/uploads\/2020\/11\/\u672a\u6807\u9898-1-180x180.jpg 180w, https:\/\/ariosemusic.com\/wp-content\/uploads\/2020\/11\/\u672a\u6807\u9898-1-705x705.jpg 705w, https:\/\/ariosemusic.com\/wp-content\/uploads\/2020\/11\/\u672a\u6807\u9898-1-100x100.jpg 100w, https:\/\/ariosemusic.com\/wp-content\/uploads\/2020\/11\/\u672a\u6807\u9898-1-600x600.jpg 600w, https:\/\/ariosemusic.com\/wp-content\/uploads\/2020\/11\/\u672a\u6807\u9898-1.jpg 800w\" sizes=\"(max-width: 300px) 100vw, 300px\" \/><\/p>\n<h2>Dzi\u0119kujemy za wybranie ArisoeMusic<\/h2>\n<p>Jako profesjonalny producent instrument\u00f3w muzycznych nasz\u0105 misj\u0105 jest zapewnienie wi\u0119kszych mo\u017cliwo\u015bci rozwoju wszystkim hurtownikom instrument\u00f3w muzycznych poprzez nasz\u0105 zindywidualizowan\u0105 obs\u0142ug\u0119, konkurencyjne i wysokiej jako\u015bci produkty.<\/p>\n<h3>Dlaczego Ariose Music?<\/h3>\n<h4>Polityka Satysfakcji Klienta<\/h4>\n<p>Nasz\u0105 misj\u0105 jest\u00a0<strong><b>TWOJA CA\u0141KOWITA SATYSFAKCJA<\/b><\/strong>.<br \/>\nChcemy, aby\u015b czu\u0142 si\u0119 bezpiecznie, mia\u0142 pewno\u015b\u0107 i mia\u0142 pewno\u015b\u0107, \u017ce ka\u017cdy zakup, kt\u00f3rego dokonasz, b\u0119dzie dla Ciebie odpowiedni.<\/p>\n<h3>Us\u0142uga PLUS<\/h3>\n<h4><em><i>\u201eJakie wsparcie oferuje Ariose&#039;s Music?\u201d<\/i><\/em><\/h4>\n<p>W Ariose Music stawiamy sobie za cel zapewnienie Pa\u0144stwu us\u0142ug najwy\u017cszej jako\u015bci.<\/p>\n<p><strong><b>Nasz <\/b><\/strong><strong><b>24 godziny <\/b><\/strong><strong><b>Obs\u0142uga klienta <\/b><\/strong><strong><b>infolinia <\/b><\/strong><strong><b>Jest <\/b><\/strong><strong><b>86-18018389989<\/b><\/strong><br \/>\nCh\u0119tnie pomo\u017cemy Ci znale\u017a\u0107 odpowiedni produkt i w pe\u0142ni wykorzysta\u0107 potencja\u0142 Twojego zakupu.<\/p>\n<h4><em><i>\u201eJakie us\u0142ugi oferuje <\/i><\/em><em><i>Ariosa<\/i><\/em><em><i>\u00a0\u201ePropozycja muzyczna?\u201d<\/i><\/em><\/h4>\n<p>Dla Pa\u0144stwa wygody Ariose Music oferuje nast\u0119puj\u0105ce us\u0142ugi:<\/p>\n<ul>\n<li>24HoursCustomer Service Hotline 86-18018389989<\/li>\n<li>7-dniowy szybki czas dostawy<\/li>\n<li>Dropshipping w ciemno<\/li>\n<li>Ma\u0142e zam\u00f3wienie Ilo\u015b\u0107<\/li>\n<li>Us\u0142uga OEM\/ODM<\/li>\n<\/ul>\n<\/div><\/section><\/div><\/div><\/div><\/main><!-- close content main element --><\/div><\/div><div id='after_section_1'  class='main_color av_default_container_wrap container_wrap sidebar_right'  ><div class='container av-section-cont-open' ><div class='template-page content  av-content-small alpha units'><div class='post-entry post-entry-type-page post-entry-3896'><div class='entry-content-wrapper clearfix'>","protected":false},"excerpt":{"rendered":"","protected":false},"author":1,"featured_media":0,"parent":0,"menu_order":0,"comment_status":"closed","ping_status":"closed","template":"","meta":{"_seopress_robots_primary_cat":"","_seopress_titles_title":"Thank you \uff5c Ariose Music ","_seopress_titles_desc":"As A Global OEM Brand Guitar Factory, Ariose Music Thank you Visit Our Website","_seopress_robots_index":"","footnotes":""},"class_list":["post-3896","page","type-page","status-publish","hentry"],"_links":{"self":[{"href":"https:\/\/ariosemusic.com\/pl\/wp-json\/wp\/v2\/pages\/3896","targetHints":{"allow":["GET"]}}],"collection":[{"href":"https:\/\/ariosemusic.com\/pl\/wp-json\/wp\/v2\/pages"}],"about":[{"href":"https:\/\/ariosemusic.com\/pl\/wp-json\/wp\/v2\/types\/page"}],"author":[{"embeddable":true,"href":"https:\/\/ariosemusic.com\/pl\/wp-json\/wp\/v2\/users\/1"}],"replies":[{"embeddable":true,"href":"https:\/\/ariosemusic.com\/pl\/wp-json\/wp\/v2\/comments?post=3896"}],"version-history":[{"count":0,"href":"https:\/\/ariosemusic.com\/pl\/wp-json\/wp\/v2\/pages\/3896\/revisions"}],"wp:attachment":[{"href":"https:\/\/ariosemusic.com\/pl\/wp-json\/wp\/v2\/media?parent=3896"}],"curies":[{"name":"wp","href":"https:\/\/api.w.org\/{rel}","templated":true}]}}