{"id":36844,"date":"2024-05-25T05:37:57","date_gmt":"2024-05-25T05:37:57","guid":{"rendered":"https:\/\/ariosemusic.com\/?page_id=36844"},"modified":"2025-01-06T07:55:03","modified_gmt":"2025-01-06T07:55:03","slug":"tamburyn-instrument-muzyczny","status":"publish","type":"page","link":"https:\/\/ariosemusic.com\/pl\/instrumenty-muzyczne-dla-dzieci\/tamburyn-instrument-muzyczny\/","title":{"rendered":"Tamburyn Instrument muzyczny"},"content":{"rendered":"<style type=\"text\/css\" data-created_by=\"avia_inline_auto\" id=\"style-css-av-l72wy4d3-2304debc8e3c7f8a6e8bf2d66e63cbf0\">\n#top .av-special-heading.av-l72wy4d3-2304debc8e3c7f8a6e8bf2d66e63cbf0{\npadding-bottom:10px;\n}\nbody .av-special-heading.av-l72wy4d3-2304debc8e3c7f8a6e8bf2d66e63cbf0 .av-special-heading-tag .heading-char{\nfont-size:25px;\n}\n.av-special-heading.av-l72wy4d3-2304debc8e3c7f8a6e8bf2d66e63cbf0 .av-subheading{\nfont-size:15px;\n}\n<\/style>\n<div  class='av-special-heading av-l72wy4d3-2304debc8e3c7f8a6e8bf2d66e63cbf0 av-special-heading-h1 blockquote modern-quote modern-centered  avia-builder-el-0  el_before_av_one_third  avia-builder-el-first'><h1 class='av-special-heading-tag'  >Globalny dostawca us\u0142ug OEM<\/h1><div class=\"special-heading-border\"><div class=\"special-heading-inner-border\"><\/div><\/div><\/div>\n<div  class='flex_column av-16rpvyk-5c0f8daa34adde2e620e0322921270b4 av_one_third  avia-builder-el-1  el_after_av_heading  el_before_av_two_third  first flex_column_div'     ><section  class='av_textblock_section av-l72wmeig-a85adf40af9227916801d8258174c816'  ><div class='avia_textblock' ><h3 data-spm-anchor-id=\"a2700.details.0.i27.14531fd47vucVi\">Tamburyn Instrument muzyczny<\/h3>\n<ul>\n<li>\n<p data-spm-anchor-id=\"a2700.details.0.i27.14531fd47vucVi\">Zabawka r\u0119czny b\u0119ben oceaniczny na sprzeda\u017c Zabawki edukacyjne dla dzieci<\/p>\n<\/li>\n<li><span class=\"attr-name J-attr-name\" title=\"Styl\" data-spm-anchor-id=\"a2700.details.0.i34.14531fd47vucVi\">Styl: <\/span>instrument muzyczny b\u0119ben oceaniczny<\/li>\n<li><span class=\"attr-name J-attr-name\" title=\"Rozmiar\" data-spm-anchor-id=\"a2700.details.0.i35.14531fd47vucVi\">Rozmiar:<\/span>20*3,5 cm \/25*3,5 cm lub dostosowane<\/li>\n<li><span class=\"attr-name J-attr-name\" title=\"kolor\" data-spm-anchor-id=\"a2700.details.0.i36.14531fd47vucVi\">Kolor: C<\/span>kolorowe lub dostosowane<\/li>\n<li><span class=\"attr-name J-attr-name\" title=\"Producent OEM\" data-spm-anchor-id=\"a2700.details.0.i37.14531fd47vucVi\">OEM: <\/span>TAK; mile widziane s\u0105 Twoje w\u0142asne projekty<\/li>\n<li><span class=\"attr-name J-attr-name\" title=\"Materia\u0142 komory b\u0119bna\" data-spm-anchor-id=\"a2700.details.0.i39.14531fd47vucVi\">Materia\u0142 komory b\u0119bna: W<\/span>woda<\/li>\n<li><span class=\"attr-name J-attr-name\" title=\"Materia\u0142 opakowaniowy\" data-spm-anchor-id=\"a2700.details.0.i41.14531fd47vucVi\">Materia\u0142 opakowaniowy: <\/span>Worek OPP, pude\u0142ko kolorowe, pude\u0142ko bia\u0142e, blister, pude\u0142ko z okienkiem<\/li>\n<li><span class=\"attr-name J-attr-name\" title=\"Logo\" data-spm-anchor-id=\"a2700.details.0.i42.14531fd47vucVi\">Logo: <\/span>Akceptujemy Logo Klienta<\/li>\n<li><span class=\"attr-name J-attr-name\" title=\"Czas produkcji\" data-spm-anchor-id=\"a2700.details.0.i43.14531fd47vucVi\">Czas produkcji:<\/span>7-25 dni na b\u0119ben oceaniczny<\/li>\n<\/ul>\n<\/div><\/section><\/div>\n<div  class='flex_column av-wl5ass-b04e77c0a9fbc3cce8e0896d31328878 av_two_third  avia-builder-el-3  el_after_av_one_third  el_before_av_one_half  flex_column_div'     ><style type=\"text\/css\" data-created_by=\"avia_inline_auto\" id=\"style-css-av-l72wh0vd-41a2d3ca8e9d600f0249757b17e45e11\">\n.avia-image-container.av-l72wh0vd-41a2d3ca8e9d600f0249757b17e45e11 img.avia_image{\nbox-shadow:none;\n}\n.avia-image-container.av-l72wh0vd-41a2d3ca8e9d600f0249757b17e45e11 .av-image-caption-overlay-center{\ncolor:#ffffff;\n}\n<\/style>\n<div  class='avia-image-container av-l72wh0vd-41a2d3ca8e9d600f0249757b17e45e11 av-styling- avia-align-center  avia-builder-el-4  avia-builder-el-no-sibling'  ><div class=\"avia-image-container-inner\"><div class=\"avia-image-overlay-wrap\"><img fetchpriority=\"high\" decoding=\"async\" class='wp-image-36847 avia-img-lazy-loading-not-36847 avia_image' src=\"https:\/\/ariosemusic.com\/wp-content\/uploads\/2022\/08\/oem-600x1030.jpg\" alt='Tamburyny OEM' title='Tamburyny OEM' height=\"1030\" width=\"600\"  srcset=\"https:\/\/ariosemusic.com\/wp-content\/uploads\/2022\/08\/oem-600x1030.jpg 600w, https:\/\/ariosemusic.com\/wp-content\/uploads\/2022\/08\/oem-175x300.jpg 175w, https:\/\/ariosemusic.com\/wp-content\/uploads\/2022\/08\/oem-768x1319.jpg 768w, https:\/\/ariosemusic.com\/wp-content\/uploads\/2022\/08\/oem-895x1536.jpg 895w, https:\/\/ariosemusic.com\/wp-content\/uploads\/2022\/08\/oem-7x12.jpg 7w, https:\/\/ariosemusic.com\/wp-content\/uploads\/2022\/08\/oem-874x1500.jpg 874w, https:\/\/ariosemusic.com\/wp-content\/uploads\/2022\/08\/oem-411x705.jpg 411w, https:\/\/ariosemusic.com\/wp-content\/uploads\/2022\/08\/oem.jpg 1000w\" sizes=\"(max-width: 600px) 100vw, 600px\" \/><\/div><\/div><\/div><\/div>\n<div  class='flex_column av-2kx4qrw-aaf5977c1b8bbd167b7c18c4bfb3de63 av_one_half  avia-builder-el-5  el_after_av_two_third  el_before_av_one_half  first flex_column_div  column-top-margin'     ><style type=\"text\/css\" data-created_by=\"avia_inline_auto\" id=\"style-css-av-l72wrqh0-d1e7008ab78031eb7baa380620438673\">\n#top .avia-gallery.av-l72wrqh0-d1e7008ab78031eb7baa380620438673 .avia-gallery-thumb a{\nwidth:25%;\n}\n<\/style>\n<div  class='avia-gallery av-l72wrqh0-d1e7008ab78031eb7baa380620438673 avia_animate_when_visible  avia-builder-el-6  avia-builder-el-no-sibling  avia_lazyload av-slideshow-ui av-loop-manual-endless av-control-hidden av-navigate-arrows av-navigate-dots hover-effect av-control-hidden avia-gallery-animate avia-gallery-1' ><meta itemprop=\"contentURL\" content=\"https:\/\/ariosemusic.com\/pl\/instrumenty-muzyczne-dla-dzieci\/tamburyn-instrument-muzyczny\/\"><a class='avia-gallery-big fakeLightbox lightbox avia-gallery-big-crop-thumb' href=\"https:\/\/ariosemusic.com\/wp-content\/uploads\/2022\/08\/\u4e3b\u56fe-02-1.jpg\" data-srcset=\"https:\/\/ariosemusic.com\/wp-content\/uploads\/2022\/08\/\u4e3b\u56fe-02-1.jpg 800w, https:\/\/ariosemusic.com\/wp-content\/uploads\/2022\/08\/\u4e3b\u56fe-02-1-300x300.jpg 300w, https:\/\/ariosemusic.com\/wp-content\/uploads\/2022\/08\/\u4e3b\u56fe-02-1-80x80.jpg 80w, https:\/\/ariosemusic.com\/wp-content\/uploads\/2022\/08\/\u4e3b\u56fe-02-1-768x768.jpg 768w, https:\/\/ariosemusic.com\/wp-content\/uploads\/2022\/08\/\u4e3b\u56fe-02-1-12x12.jpg 12w, https:\/\/ariosemusic.com\/wp-content\/uploads\/2022\/08\/\u4e3b\u56fe-02-1-36x36.jpg 36w, https:\/\/ariosemusic.com\/wp-content\/uploads\/2022\/08\/\u4e3b\u56fe-02-1-180x180.jpg 180w, https:\/\/ariosemusic.com\/wp-content\/uploads\/2022\/08\/\u4e3b\u56fe-02-1-705x705.jpg 705w\" data-sizes=\"(max-width: 800px) 100vw, 800px\"  data-onclick='1' title='Tamburyny wysokiej jako\u015bci' ><span class='avia-gallery-big-inner' ><img fetchpriority=\"high\" decoding=\"async\" class=\"wp-image-36850 avia-img-lazy-loading-not-36850\" width=\"300\" height=\"300\"  src=\"https:\/\/ariosemusic.com\/wp-content\/uploads\/2022\/08\/\u4e3b\u56fe-02-1-300x300.jpg\" title='Tamburyny wysokiej jako\u015bci' alt='Tamburyny wysokiej jako\u015bci' srcset=\"https:\/\/ariosemusic.com\/wp-content\/uploads\/2022\/08\/\u4e3b\u56fe-02-1-300x300.jpg 300w, https:\/\/ariosemusic.com\/wp-content\/uploads\/2022\/08\/\u4e3b\u56fe-02-1-80x80.jpg 80w, https:\/\/ariosemusic.com\/wp-content\/uploads\/2022\/08\/\u4e3b\u56fe-02-1-768x768.jpg 768w, https:\/\/ariosemusic.com\/wp-content\/uploads\/2022\/08\/\u4e3b\u56fe-02-1-12x12.jpg 12w, https:\/\/ariosemusic.com\/wp-content\/uploads\/2022\/08\/\u4e3b\u56fe-02-1-36x36.jpg 36w, https:\/\/ariosemusic.com\/wp-content\/uploads\/2022\/08\/\u4e3b\u56fe-02-1-180x180.jpg 180w, https:\/\/ariosemusic.com\/wp-content\/uploads\/2022\/08\/\u4e3b\u56fe-02-1-705x705.jpg 705w, https:\/\/ariosemusic.com\/wp-content\/uploads\/2022\/08\/\u4e3b\u56fe-02-1.jpg 800w\" sizes=\"(max-width: 300px) 100vw, 300px\" \/><span class='avia-gallery-caption'>Tamburyny wysokiej jako\u015bci<\/span><\/span><\/a><div class='avia-gallery-thumb'><a href=\"https:\/\/ariosemusic.com\/wp-content\/uploads\/2022\/08\/\u4e3b\u56fe-02-1.jpg\" data-srcset=\"https:\/\/ariosemusic.com\/wp-content\/uploads\/2022\/08\/\u4e3b\u56fe-02-1.jpg 800w, https:\/\/ariosemusic.com\/wp-content\/uploads\/2022\/08\/\u4e3b\u56fe-02-1-300x300.jpg 300w, https:\/\/ariosemusic.com\/wp-content\/uploads\/2022\/08\/\u4e3b\u56fe-02-1-80x80.jpg 80w, https:\/\/ariosemusic.com\/wp-content\/uploads\/2022\/08\/\u4e3b\u56fe-02-1-768x768.jpg 768w, https:\/\/ariosemusic.com\/wp-content\/uploads\/2022\/08\/\u4e3b\u56fe-02-1-12x12.jpg 12w, https:\/\/ariosemusic.com\/wp-content\/uploads\/2022\/08\/\u4e3b\u56fe-02-1-36x36.jpg 36w, https:\/\/ariosemusic.com\/wp-content\/uploads\/2022\/08\/\u4e3b\u56fe-02-1-180x180.jpg 180w, https:\/\/ariosemusic.com\/wp-content\/uploads\/2022\/08\/\u4e3b\u56fe-02-1-705x705.jpg 705w\" data-sizes=\"(max-width: 800px) 100vw, 800px\" data-rel='gallery-1' data-prev-img='https:\/\/ariosemusic.com\/wp-content\/uploads\/2022\/08\/\u4e3b\u56fe-02-1-300x300.jpg' class='first_thumb lightbox' data-onclick='1' title='Tamburyny wysokiej jako\u015bci'  ><img fetchpriority=\"high\" decoding=\"async\" class=\"wp-image-36850 avia-img-lazy-loading-not-36850\" data-avia-tooltip='High Quality Tambourines' src=\"https:\/\/ariosemusic.com\/wp-content\/uploads\/2022\/08\/\u4e3b\u56fe-02-1-495x400.jpg\"  width=\"495\" height=\"400\" title='Tamburyny wysokiej jako\u015bci' alt='Tamburyny wysokiej jako\u015bci' \/><div class='big-prev-fake'><img fetchpriority=\"high\" decoding=\"async\" class=\"wp-image-36850 avia-img-lazy-loading-not-36850\" width=\"300\" height=\"300\"  src=\"https:\/\/ariosemusic.com\/wp-content\/uploads\/2022\/08\/\u4e3b\u56fe-02-1-300x300.jpg\" title='Tamburyny wysokiej jako\u015bci' alt='Tamburyny wysokiej jako\u015bci' srcset=\"https:\/\/ariosemusic.com\/wp-content\/uploads\/2022\/08\/\u4e3b\u56fe-02-1-300x300.jpg 300w, https:\/\/ariosemusic.com\/wp-content\/uploads\/2022\/08\/\u4e3b\u56fe-02-1-80x80.jpg 80w, https:\/\/ariosemusic.com\/wp-content\/uploads\/2022\/08\/\u4e3b\u56fe-02-1-768x768.jpg 768w, https:\/\/ariosemusic.com\/wp-content\/uploads\/2022\/08\/\u4e3b\u56fe-02-1-12x12.jpg 12w, https:\/\/ariosemusic.com\/wp-content\/uploads\/2022\/08\/\u4e3b\u56fe-02-1-36x36.jpg 36w, https:\/\/ariosemusic.com\/wp-content\/uploads\/2022\/08\/\u4e3b\u56fe-02-1-180x180.jpg 180w, https:\/\/ariosemusic.com\/wp-content\/uploads\/2022\/08\/\u4e3b\u56fe-02-1-705x705.jpg 705w, https:\/\/ariosemusic.com\/wp-content\/uploads\/2022\/08\/\u4e3b\u56fe-02-1.jpg 800w\" sizes=\"(max-width: 300px) 100vw, 300px\" \/><\/div><\/a><a href=\"https:\/\/ariosemusic.com\/wp-content\/uploads\/2022\/08\/\u4e3b\u56fe-03.jpg\" data-srcset=\"https:\/\/ariosemusic.com\/wp-content\/uploads\/2022\/08\/\u4e3b\u56fe-03.jpg 800w, https:\/\/ariosemusic.com\/wp-content\/uploads\/2022\/08\/\u4e3b\u56fe-03-300x300.jpg 300w, https:\/\/ariosemusic.com\/wp-content\/uploads\/2022\/08\/\u4e3b\u56fe-03-80x80.jpg 80w, https:\/\/ariosemusic.com\/wp-content\/uploads\/2022\/08\/\u4e3b\u56fe-03-768x768.jpg 768w, https:\/\/ariosemusic.com\/wp-content\/uploads\/2022\/08\/\u4e3b\u56fe-03-12x12.jpg 12w, https:\/\/ariosemusic.com\/wp-content\/uploads\/2022\/08\/\u4e3b\u56fe-03-36x36.jpg 36w, https:\/\/ariosemusic.com\/wp-content\/uploads\/2022\/08\/\u4e3b\u56fe-03-180x180.jpg 180w, https:\/\/ariosemusic.com\/wp-content\/uploads\/2022\/08\/\u4e3b\u56fe-03-705x705.jpg 705w\" data-sizes=\"(max-width: 800px) 100vw, 800px\" data-rel='gallery-1' data-prev-img='https:\/\/ariosemusic.com\/wp-content\/uploads\/2022\/08\/\u4e3b\u56fe-03-300x300.jpg' class='lightbox' data-onclick='2' title='Tamburyn Instrument muzyczny '  ><img fetchpriority=\"high\" decoding=\"async\" class=\"wp-image-36851 avia-img-lazy-loading-not-36851\" data-avia-tooltip='Tambourines Musical Instrument ' src=\"https:\/\/ariosemusic.com\/wp-content\/uploads\/2022\/08\/\u4e3b\u56fe-03-495x400.jpg\"  width=\"495\" height=\"400\" title='Tamburyn Instrument muzyczny' alt='Tamburyn Instrument muzyczny' \/><div class='big-prev-fake'><img fetchpriority=\"high\" decoding=\"async\" class=\"wp-image-36851 avia-img-lazy-loading-not-36851\" width=\"300\" height=\"300\"  src=\"https:\/\/ariosemusic.com\/wp-content\/uploads\/2022\/08\/\u4e3b\u56fe-03-300x300.jpg\" title='Tamburyn Instrument muzyczny' alt='Tamburyn Instrument muzyczny' srcset=\"https:\/\/ariosemusic.com\/wp-content\/uploads\/2022\/08\/\u4e3b\u56fe-03-300x300.jpg 300w, https:\/\/ariosemusic.com\/wp-content\/uploads\/2022\/08\/\u4e3b\u56fe-03-80x80.jpg 80w, https:\/\/ariosemusic.com\/wp-content\/uploads\/2022\/08\/\u4e3b\u56fe-03-768x768.jpg 768w, https:\/\/ariosemusic.com\/wp-content\/uploads\/2022\/08\/\u4e3b\u56fe-03-12x12.jpg 12w, https:\/\/ariosemusic.com\/wp-content\/uploads\/2022\/08\/\u4e3b\u56fe-03-36x36.jpg 36w, https:\/\/ariosemusic.com\/wp-content\/uploads\/2022\/08\/\u4e3b\u56fe-03-180x180.jpg 180w, https:\/\/ariosemusic.com\/wp-content\/uploads\/2022\/08\/\u4e3b\u56fe-03-705x705.jpg 705w, https:\/\/ariosemusic.com\/wp-content\/uploads\/2022\/08\/\u4e3b\u56fe-03.jpg 800w\" sizes=\"(max-width: 300px) 100vw, 300px\" \/><\/div><\/a><a href=\"https:\/\/ariosemusic.com\/wp-content\/uploads\/2022\/08\/\u4e3b\u56fe-04.jpg\" data-srcset=\"https:\/\/ariosemusic.com\/wp-content\/uploads\/2022\/08\/\u4e3b\u56fe-04.jpg 800w, https:\/\/ariosemusic.com\/wp-content\/uploads\/2022\/08\/\u4e3b\u56fe-04-300x300.jpg 300w, https:\/\/ariosemusic.com\/wp-content\/uploads\/2022\/08\/\u4e3b\u56fe-04-80x80.jpg 80w, https:\/\/ariosemusic.com\/wp-content\/uploads\/2022\/08\/\u4e3b\u56fe-04-768x768.jpg 768w, https:\/\/ariosemusic.com\/wp-content\/uploads\/2022\/08\/\u4e3b\u56fe-04-12x12.jpg 12w, https:\/\/ariosemusic.com\/wp-content\/uploads\/2022\/08\/\u4e3b\u56fe-04-36x36.jpg 36w, https:\/\/ariosemusic.com\/wp-content\/uploads\/2022\/08\/\u4e3b\u56fe-04-180x180.jpg 180w, https:\/\/ariosemusic.com\/wp-content\/uploads\/2022\/08\/\u4e3b\u56fe-04-705x705.jpg 705w\" data-sizes=\"(max-width: 800px) 100vw, 800px\" data-rel='gallery-1' data-prev-img='https:\/\/ariosemusic.com\/wp-content\/uploads\/2022\/08\/\u4e3b\u56fe-04-300x300.jpg' class='lightbox' data-onclick='3' title='Zabawkowy r\u0119czny b\u0119ben oceaniczny na sprzeda\u017c'  ><img fetchpriority=\"high\" decoding=\"async\" class=\"wp-image-36852 avia-img-lazy-loading-not-36852\" data-avia-tooltip='Toy Hand-held Ocean Drum For Sale' src=\"https:\/\/ariosemusic.com\/wp-content\/uploads\/2022\/08\/\u4e3b\u56fe-04-495x400.jpg\"  width=\"495\" height=\"400\" title='Zabawkowy r\u0119czny b\u0119ben oceaniczny na sprzeda\u017c' alt='Zabawkowy r\u0119czny b\u0119ben oceaniczny na sprzeda\u017c' \/><div class='big-prev-fake'><img fetchpriority=\"high\" decoding=\"async\" class=\"wp-image-36852 avia-img-lazy-loading-not-36852\" width=\"300\" height=\"300\"  src=\"https:\/\/ariosemusic.com\/wp-content\/uploads\/2022\/08\/\u4e3b\u56fe-04-300x300.jpg\" title='Zabawkowy r\u0119czny b\u0119ben oceaniczny na sprzeda\u017c' alt='Zabawkowy r\u0119czny b\u0119ben oceaniczny na sprzeda\u017c' srcset=\"https:\/\/ariosemusic.com\/wp-content\/uploads\/2022\/08\/\u4e3b\u56fe-04-300x300.jpg 300w, https:\/\/ariosemusic.com\/wp-content\/uploads\/2022\/08\/\u4e3b\u56fe-04-80x80.jpg 80w, https:\/\/ariosemusic.com\/wp-content\/uploads\/2022\/08\/\u4e3b\u56fe-04-768x768.jpg 768w, https:\/\/ariosemusic.com\/wp-content\/uploads\/2022\/08\/\u4e3b\u56fe-04-12x12.jpg 12w, https:\/\/ariosemusic.com\/wp-content\/uploads\/2022\/08\/\u4e3b\u56fe-04-36x36.jpg 36w, https:\/\/ariosemusic.com\/wp-content\/uploads\/2022\/08\/\u4e3b\u56fe-04-180x180.jpg 180w, https:\/\/ariosemusic.com\/wp-content\/uploads\/2022\/08\/\u4e3b\u56fe-04-705x705.jpg 705w, https:\/\/ariosemusic.com\/wp-content\/uploads\/2022\/08\/\u4e3b\u56fe-04.jpg 800w\" sizes=\"(max-width: 300px) 100vw, 300px\" \/><\/div><\/a><a href=\"https:\/\/ariosemusic.com\/wp-content\/uploads\/2022\/08\/\u4e3b\u56fe-05.jpg\" data-srcset=\"https:\/\/ariosemusic.com\/wp-content\/uploads\/2022\/08\/\u4e3b\u56fe-05.jpg 800w, https:\/\/ariosemusic.com\/wp-content\/uploads\/2022\/08\/\u4e3b\u56fe-05-300x300.jpg 300w, https:\/\/ariosemusic.com\/wp-content\/uploads\/2022\/08\/\u4e3b\u56fe-05-80x80.jpg 80w, https:\/\/ariosemusic.com\/wp-content\/uploads\/2022\/08\/\u4e3b\u56fe-05-768x768.jpg 768w, https:\/\/ariosemusic.com\/wp-content\/uploads\/2022\/08\/\u4e3b\u56fe-05-12x12.jpg 12w, https:\/\/ariosemusic.com\/wp-content\/uploads\/2022\/08\/\u4e3b\u56fe-05-36x36.jpg 36w, https:\/\/ariosemusic.com\/wp-content\/uploads\/2022\/08\/\u4e3b\u56fe-05-180x180.jpg 180w, https:\/\/ariosemusic.com\/wp-content\/uploads\/2022\/08\/\u4e3b\u56fe-05-705x705.jpg 705w\" data-sizes=\"(max-width: 800px) 100vw, 800px\" data-rel='gallery-1' data-prev-img='https:\/\/ariosemusic.com\/wp-content\/uploads\/2022\/08\/\u4e3b\u56fe-05-300x300.jpg' class='lightbox' data-onclick='4' title='Zabawki edukacyjne dla dzieci'  ><img fetchpriority=\"high\" decoding=\"async\" class=\"wp-image-36853 avia-img-lazy-loading-not-36853\" data-avia-tooltip='Children&#8217;s Educational Toys' src=\"https:\/\/ariosemusic.com\/wp-content\/uploads\/2022\/08\/\u4e3b\u56fe-05-495x400.jpg\"  width=\"495\" height=\"400\" title='Zabawki edukacyjne dla dzieci' alt='Zabawki edukacyjne dla dzieci' \/><div class='big-prev-fake'><img fetchpriority=\"high\" decoding=\"async\" class=\"wp-image-36853 avia-img-lazy-loading-not-36853\" width=\"300\" height=\"300\"  src=\"https:\/\/ariosemusic.com\/wp-content\/uploads\/2022\/08\/\u4e3b\u56fe-05-300x300.jpg\" title='Zabawki edukacyjne dla dzieci' alt='Zabawki edukacyjne dla dzieci' srcset=\"https:\/\/ariosemusic.com\/wp-content\/uploads\/2022\/08\/\u4e3b\u56fe-05-300x300.jpg 300w, https:\/\/ariosemusic.com\/wp-content\/uploads\/2022\/08\/\u4e3b\u56fe-05-80x80.jpg 80w, https:\/\/ariosemusic.com\/wp-content\/uploads\/2022\/08\/\u4e3b\u56fe-05-768x768.jpg 768w, https:\/\/ariosemusic.com\/wp-content\/uploads\/2022\/08\/\u4e3b\u56fe-05-12x12.jpg 12w, https:\/\/ariosemusic.com\/wp-content\/uploads\/2022\/08\/\u4e3b\u56fe-05-36x36.jpg 36w, https:\/\/ariosemusic.com\/wp-content\/uploads\/2022\/08\/\u4e3b\u56fe-05-180x180.jpg 180w, https:\/\/ariosemusic.com\/wp-content\/uploads\/2022\/08\/\u4e3b\u56fe-05-705x705.jpg 705w, https:\/\/ariosemusic.com\/wp-content\/uploads\/2022\/08\/\u4e3b\u56fe-05.jpg 800w\" sizes=\"(max-width: 300px) 100vw, 300px\" \/><\/div><\/a><\/div><\/div><\/div>\n<div  class='flex_column av-1z8jbjg-0ac403240a365c4ba8925dc3d9c6cdfa av_one_half  avia-builder-el-7  el_after_av_one_half  el_before_av_contact  flex_column_div  column-top-margin'     ><section  class='av_textblock_section av-l72weczo-a108b2e42f4083915ca159938ce43da9'  ><div class='avia_textblock' ><h2>O ArioseMusic OEM Tamburyny<\/h2>\n<p>W ca\u0142ych Chinach znajdziesz tysi\u0105ce producent\u00f3w instrument\u00f3w muzycznych. Ale <a href=\"https:\/\/ariosemusic.com\/pl\/produkty\/akcesoria\/\"><u>Muzyka Ariose<\/u><\/a>\u00a0jest najbardziej zaufanym dostawc\u0105 spo\u015br\u00f3d nich wszystkich.<\/p>\n<ul>\n<li>Ariose Music dostarcza swoim klientom wysokiej jako\u015bci Tamburyny. Poniewa\u017c sta\u0142 si\u0119 najlepiej ocenianym dostawc\u0105 gitar B2B i ma r\u00f3wnie\u017c klient\u00f3w z ca\u0142ego \u015bwiata. Wi\u0119c bez w\u0105tpienia mo\u017cesz polega\u0107 na Ariose Music.<\/li>\n<li>Jeste\u015bmy w stanie zaprojektowa\u0107 tamburyny w dowolnym stylu, nie rezygnuj\u0105c przy tym z jako\u015bci kosztem ilo\u015bci.<\/li>\n<li>Ariosemusic oferuje spersonalizowane tamburyny, kolor, logo, opakowanie<\/li>\n<li>Pr\u00f3bki nale\u017cy wys\u0142a\u0107 najp\u00f3\u017aniej w ci\u0105gu 72 godzin<\/li>\n<li>Dostarczaj w dowolne miejsce na \u015bwiecie<\/li>\n<li>Ma\u0142e ilo\u015bci s\u0105 mile widziane<\/li>\n<\/ul>\n<\/div><\/section><\/div>\n<form action=\"https:\/\/ariosemusic.com\/pl\/instrumenty-muzyczne-dla-dzieci\/tamburyn-instrument-muzyczny\/\" method=\"post\" data-fields-with-error=\"Found errors in the following field(s):\" class=\"avia_ajax_form av-form-labels-visible   avia-builder-el-9  el_after_av_one_half  avia-builder-el-last\" data-avia-form-id=\"1\" data-avia-redirect='' data-trp-original-action=\"https:\/\/ariosemusic.com\/pl\/instrumenty-muzyczne-dla-dzieci\/tamburyn-instrument-muzyczny\/\" ><h3 class=''>Skontaktuj si\u0119 z nami<\/h3><fieldset><p class='first_form  form_element form_fullwidth' id='element_avia_1_1'><label for=\"avia_1_1\">Nazwa firmy: <abbr class=\"required\" title=\"wymagany\">*<\/abbr><\/label> <input name=\"avia_1_1\" class=\"text_input is_empty\" type=\"text\" id=\"avia_1_1\" value=\"\" \/><\/p><p class='first_form  form_element form_fullwidth' id='element_avia_2_1'><label for=\"avia_2_1\">E-mail <abbr class=\"required\" title=\"wymagany\">*<\/abbr><\/label> <input name=\"avia_2_1\" class=\"text_input is_email\" type=\"text\" id=\"avia_2_1\" value=\"\" \/><\/p><p class='first_form  form_element form_fullwidth av-last-visible-form-element' id='element_avia_3_1'><label for=\"avia_3_1\" class=\"textare_label hidden textare_label_avia_3_1\">Wiadomo\u015b\u0107 <abbr class=\"required\" title=\"wymagany\">*<\/abbr><\/label><textarea  name=\"avia_3_1\" class=\"text_area is_empty\" cols=\"40\" rows=\"7\" id=\"avia_3_1\" ><\/textarea><\/p><p class=\"hidden\"><input type=\"text\" name=\"avia_4_1\" class=\"hidden\" id=\"avia_4_1\" value=\"\" \/><\/p><p class=\"form_element\"><input type=\"hidden\" value=\"1\" name=\"avia_generated_form1\" \/><input type=\"submit\" value=\"Sk\u0142ada\u0107\" class=\"button\"  data-sending-label=\"Trwa wysy\u0142anie...\"\/><\/p><\/fieldset><input type=\"hidden\" name=\"trp-form-language\" value=\"pl\"\/><\/form><div id=\"ajaxresponse_1\" class=\"ajaxresponse ajaxresponse_1 hidden\"><\/div>","protected":false},"excerpt":{"rendered":"","protected":false},"author":1,"featured_media":36851,"parent":43436,"menu_order":0,"comment_status":"closed","ping_status":"closed","template":"","meta":{"_seopress_robots_primary_cat":"","_seopress_titles_title":"Tambourines Musical Instrument | China Orff Instrument Factory","_seopress_titles_desc":"As a professional manufacturer and supplier of tambourines founded in 2014, we provide customized services and one-stop solutions to our clients.","_seopress_robots_index":"","footnotes":""},"class_list":["post-36844","page","type-page","status-publish","has-post-thumbnail","hentry"],"_links":{"self":[{"href":"https:\/\/ariosemusic.com\/pl\/wp-json\/wp\/v2\/pages\/36844","targetHints":{"allow":["GET"]}}],"collection":[{"href":"https:\/\/ariosemusic.com\/pl\/wp-json\/wp\/v2\/pages"}],"about":[{"href":"https:\/\/ariosemusic.com\/pl\/wp-json\/wp\/v2\/types\/page"}],"author":[{"embeddable":true,"href":"https:\/\/ariosemusic.com\/pl\/wp-json\/wp\/v2\/users\/1"}],"replies":[{"embeddable":true,"href":"https:\/\/ariosemusic.com\/pl\/wp-json\/wp\/v2\/comments?post=36844"}],"version-history":[{"count":1,"href":"https:\/\/ariosemusic.com\/pl\/wp-json\/wp\/v2\/pages\/36844\/revisions"}],"predecessor-version":[{"id":49035,"href":"https:\/\/ariosemusic.com\/pl\/wp-json\/wp\/v2\/pages\/36844\/revisions\/49035"}],"up":[{"embeddable":true,"href":"https:\/\/ariosemusic.com\/pl\/wp-json\/wp\/v2\/pages\/43436"}],"wp:featuredmedia":[{"embeddable":true,"href":"https:\/\/ariosemusic.com\/pl\/wp-json\/wp\/v2\/media\/36851"}],"wp:attachment":[{"href":"https:\/\/ariosemusic.com\/pl\/wp-json\/wp\/v2\/media?parent=36844"}],"curies":[{"name":"wp","href":"https:\/\/api.w.org\/{rel}","templated":true}]}}