{"id":530,"date":"2024-05-25T13:53:03","date_gmt":"2024-05-25T13:53:03","guid":{"rendered":"http:\/\/wpoffice\/enfold-fitness\/?page_id=530"},"modified":"2024-06-18T02:28:31","modified_gmt":"2024-06-18T02:28:31","slug":"faq","status":"publish","type":"page","link":"https:\/\/ariosemusic.com\/fr\/faq\/","title":{"rendered":"FAQ"},"content":{"rendered":"<div id='av_section_1'  class='avia-section av-pq9be-f41b716bbd36b512f9df304dfef7f135 main_color avia-section-large avia-no-border-styling  avia-builder-el-0  el_before_av_textblock  avia-builder-el-first  avia-bg-style-scroll av-minimum-height av-minimum-height-100 av-height-100  container_wrap sidebar_right'   data-av_minimum_height_pc='100' data-av_min_height_opt='100'><div class='container av-section-cont-open' ><main  class='template-page content  av-content-small alpha units'><div class='post-entry post-entry-type-page post-entry-530'><div class='entry-content-wrapper clearfix'>\n\n<style type=\"text\/css\" data-created_by=\"avia_inline_auto\" id=\"style-css-av-xu84a-4e21ad14525c9ba8e69820a304b46706\">\n#top .av-special-heading.av-xu84a-4e21ad14525c9ba8e69820a304b46706{\npadding-bottom:30px;\nfont-size:70px;\n}\nbody .av-special-heading.av-xu84a-4e21ad14525c9ba8e69820a304b46706 .av-special-heading-tag .heading-char{\nfont-size:25px;\n}\n#top #wrap_all .av-special-heading.av-xu84a-4e21ad14525c9ba8e69820a304b46706 .av-special-heading-tag{\nfont-size:70px;\n}\n.av-special-heading.av-xu84a-4e21ad14525c9ba8e69820a304b46706 .av-subheading{\nfont-size:15px;\n}\n\n@media only screen and (min-width: 480px) and (max-width: 767px){ \n#top #wrap_all .av-special-heading.av-xu84a-4e21ad14525c9ba8e69820a304b46706 .av-special-heading-tag{\nfont-size:0.8em;\n}\n}\n\n@media only screen and (max-width: 479px){ \n#top #wrap_all .av-special-heading.av-xu84a-4e21ad14525c9ba8e69820a304b46706 .av-special-heading-tag{\nfont-size:0.8em;\n}\n}\n<\/style>\n<div  class='av-special-heading av-xu84a-4e21ad14525c9ba8e69820a304b46706 av-special-heading-h1 blockquote modern-quote  avia-builder-el-1  el_before_av_one_half  avia-builder-el-first  av-thin-font av-inherit-size'><h1 class='av-special-heading-tag'  >FAQ<strong>.<\/strong><\/h1><div class=\"special-heading-border\"><div class=\"special-heading-inner-border\"><\/div><\/div><\/div>\n\n<style type=\"text\/css\" data-created_by=\"avia_inline_auto\" id=\"style-css-av-j8mtm-668257bcff217ce464b213fe3f75693e\">\n.flex_column.av-j8mtm-668257bcff217ce464b213fe3f75693e{\nborder-radius:0px 0px 0px 0px;\npadding:0px 0px 0px 0px;\n}\n<\/style>\n<div  class='flex_column av-j8mtm-668257bcff217ce464b213fe3f75693e av_one_half  avia-builder-el-2  el_after_av_heading  el_before_av_one_half  first flex_column_div av-zero-column-padding'     ><p>\n<style type=\"text\/css\" data-created_by=\"avia_inline_auto\" id=\"style-css-av-sohe2-5910191d2f5e7a626d34c23d6d34b20a\">\n#top .av-special-heading.av-sohe2-5910191d2f5e7a626d34c23d6d34b20a{\npadding-bottom:30px;\nfont-size:50px;\n}\nbody .av-special-heading.av-sohe2-5910191d2f5e7a626d34c23d6d34b20a .av-special-heading-tag .heading-char{\nfont-size:25px;\n}\n#top #wrap_all .av-special-heading.av-sohe2-5910191d2f5e7a626d34c23d6d34b20a .av-special-heading-tag{\nfont-size:50px;\n}\n.av-special-heading.av-sohe2-5910191d2f5e7a626d34c23d6d34b20a .av-subheading{\nfont-size:15px;\n}\n\n@media only screen and (min-width: 480px) and (max-width: 767px){ \n#top #wrap_all .av-special-heading.av-sohe2-5910191d2f5e7a626d34c23d6d34b20a .av-special-heading-tag{\nfont-size:0.8em;\n}\n}\n\n@media only screen and (max-width: 479px){ \n#top #wrap_all .av-special-heading.av-sohe2-5910191d2f5e7a626d34c23d6d34b20a .av-special-heading-tag{\nfont-size:0.8em;\n}\n}\n<\/style>\n<div  class='av-special-heading av-sohe2-5910191d2f5e7a626d34c23d6d34b20a av-special-heading-h2 meta-heading blockquote modern-quote  avia-builder-el-3  el_before_av_textblock  avia-builder-el-first  av-inherit-size'><h2 class='av-special-heading-tag'  >Ordres<\/h2><div class=\"special-heading-border\"><div class=\"special-heading-inner-border\"><\/div><\/div><\/div><br \/>\n<section  class='av_textblock_section av-kifnl32u-808ad92c0024d76bd00b482f32f5bf3a'  ><div class='avia_textblock' ><h3>Pouvez-vous accepter de petites quantit\u00e9s de commande?<\/h3>\n<p>ArioseMusic couvrant une vari\u00e9t\u00e9 d&#039;instruments de musique et d&#039;accessoires, vous pouvez commander des articles m\u00e9lang\u00e9s, et notre quantit\u00e9 minimale sera d&#039;un carton.<\/p>\n<h3>Comment passer une commande pour vous?<\/h3>\n<p>Vous pouvez nous envoyer la demande de vos articles int\u00e9ress\u00e9s, puis nous allons, en fonction de votre quantit\u00e9, vous offrir le meilleur prix et sugg\u00e9rer les modes d&#039;exp\u00e9dition pour votre r\u00e9f\u00e9rence, puis apr\u00e8s avoir confirm\u00e9, nous commencerons \u00e0 l&#039;\u00e9tape suivante.<\/p>\n<h3>Quelles sont les conditions de paiement et les moyens de paiement avez-vous?<\/h3>\n<p>Modalit\u00e9s de paiement:<\/p>\n<ul>\n<li>100% paiement anticip\u00e9 pour les clients de la commande d&#039;essai avant l&#039;exp\u00e9dition<\/li>\n<li>Paiement anticip\u00e9 30% pour les anciens clients, 70% paiera avant l&#039;exp\u00e9dition<\/li>\n<li>L \/ C en vue<\/li>\n<\/ul>\n<p>Modes de paiement\u00a0:<\/p>\n<ul>\n<li>Alipay pour les nouveaux clients<\/li>\n<li>T\/T \u00e0 notre compte d&#039;entreprise<\/li>\n<li>Western union<\/li>\n<li>Pay Pal<\/li>\n<\/ul>\n<h3>Comment suivre ma commande?<\/h3>\n<p>Nous fournirons des informations d\u00e9taill\u00e9es sur vos commandes et nous vous informerons de chaque \u00e9tape jusqu&#039;\u00e0 l&#039;arriv\u00e9e des marchandises. Si vous choisissez d&#039;exp\u00e9dier par avion ou express, nous vous indiquerons le num\u00e9ro de suivi. Si vos marchandises sont exp\u00e9di\u00e9es par mer, nous vous informerons de la date d&#039;exp\u00e9dition, de l&#039;\u00e9tat de la mer et de l&#039;heure d&#039;arriv\u00e9e.<\/p>\n<\/div><\/section><\/p><\/div>\n<style type=\"text\/css\" data-created_by=\"avia_inline_auto\" id=\"style-css-av-ghix6-ddfc88f49a59eaa525ec5bf1645da0c5\">\n.flex_column.av-ghix6-ddfc88f49a59eaa525ec5bf1645da0c5{\nborder-radius:0px 0px 0px 0px;\npadding:0px 0px 0px 0px;\n}\n<\/style>\n<div  class='flex_column av-ghix6-ddfc88f49a59eaa525ec5bf1645da0c5 av_one_half  avia-builder-el-5  el_after_av_one_half  el_before_av_heading  flex_column_div av-zero-column-padding'     ><p>\n<style type=\"text\/css\" data-created_by=\"avia_inline_auto\" id=\"style-css-av-lnb6y-1dae7c8a79213f0926661e1ce5dd0701\">\n#top .av-special-heading.av-lnb6y-1dae7c8a79213f0926661e1ce5dd0701{\npadding-bottom:30px;\nfont-size:50px;\n}\nbody .av-special-heading.av-lnb6y-1dae7c8a79213f0926661e1ce5dd0701 .av-special-heading-tag .heading-char{\nfont-size:25px;\n}\n#top #wrap_all .av-special-heading.av-lnb6y-1dae7c8a79213f0926661e1ce5dd0701 .av-special-heading-tag{\nfont-size:50px;\n}\n.av-special-heading.av-lnb6y-1dae7c8a79213f0926661e1ce5dd0701 .av-subheading{\nfont-size:15px;\n}\n\n@media only screen and (min-width: 480px) and (max-width: 767px){ \n#top #wrap_all .av-special-heading.av-lnb6y-1dae7c8a79213f0926661e1ce5dd0701 .av-special-heading-tag{\nfont-size:0.8em;\n}\n}\n\n@media only screen and (max-width: 479px){ \n#top #wrap_all .av-special-heading.av-lnb6y-1dae7c8a79213f0926661e1ce5dd0701 .av-special-heading-tag{\nfont-size:0.8em;\n}\n}\n<\/style>\n<div  class='av-special-heading av-lnb6y-1dae7c8a79213f0926661e1ce5dd0701 av-special-heading-h2 meta-heading blockquote modern-quote  avia-builder-el-6  el_before_av_textblock  avia-builder-el-first  av-inherit-size'><h2 class='av-special-heading-tag'  >Exp\u00e9dition <span class='special_amp'>&amp;<\/span> livraison <\/h2><div class=\"special-heading-border\"><div class=\"special-heading-inner-border\"><\/div><\/div><\/div><br \/>\n<section  class='av_textblock_section av-kifnl32u-1-3347e1323ce4fa933ca6212de4cfc084'  ><div class='avia_textblock' ><h4>Quel est le d\u00e9lai de livraison de ma commande ?<\/h4>\n<ul>\n<li>Par fret maritime: il faudra 15 jours \u00e0 30 jours dans le monde. d\u00e9taill\u00e9 d\u00e9pend de votre pays. Comme aux \u00c9tats-Unis, il faudra 15 jours pour arriver \u00e0 destination, en Europe, il faudra 20 \u00e0 25 jours pour arriver.<\/li>\n<li>Par fret a\u00e9rien : il faudra 3 \u00e0 7 jours pour arriver<\/li>\n<\/ul>\n<h4>Avant la commande, nous offrez-vous un \u00e9chantillon pour v\u00e9rifier la qualit\u00e9?<\/h4>\n<p>Oui, nous pouvons vous offrir un \u00e9chantillon pour v\u00e9rifier la qualit\u00e9, si les accessoires de musique, nous pouvons vous offrir un \u00e9chantillon gratuit, vous ne payez que les frais de transport, si vous avez besoin d&#039;une guitare ou d&#039;un ukul\u00e9l\u00e9 ou d&#039;un violon, nous vous rembourserons les frais de l&#039;\u00e9chantillon \u00e0 vous lorsque vous passez une commande.<\/p>\n<h4>Quelles sont les options d&#039;exp\u00e9dition disponibles\u00a0?<\/h4>\n<ul>\n<li>Petite quantit\u00e9, nous offrons la livraison express<\/li>\n<li>Quantit\u00e9 moyenne, nous offrons le transport a\u00e9rien<\/li>\n<li>Grande quantit\u00e9, nous offrons le transport maritime<\/li>\n<\/ul>\n<h4><span data-spm-anchor-id=\"a2700.details.pronpeci14.i0.71141d99fp2FxT\">Quelles sont vos conditions de livraison pour les commandes ?<\/span><\/h4>\n<ul>\n<li>Petite quantit\u00e9\u00a0: EXW, DDP<\/li>\n<li>Grande quantit\u00e9 : FOB ou CIF<\/li>\n<\/ul>\n<h4>Combien de temps pour la garantie de qualit\u00e9<strong><span data-spm-anchor-id=\"a2700.details.pronpeci14.i0.6f007996uB12AN\">?<\/span><\/strong><\/h4>\n<ul>\n<li>Instruments de musique : garantie d&#039;un an<\/li>\n<li>Accessoires d&#039;instruments de musique : un an ou six mois<\/li>\n<\/ul>\n<h4>Pourriez-vous nous indiquer les frais d&#039;exp\u00e9dition pour calculer le co\u00fbt de l&#039;entreprise?<\/h4>\n<ul>\n<li>Dites-nous les quantit\u00e9s de votre article command\u00e9<\/li>\n<li>Nous allons selon vos quantit\u00e9s vous sugg\u00e9rer de choisir les modes d&#039;exp\u00e9dition.<\/li>\n<li>Nous citerons les frais de transport de 2 ou 3 fa\u00e7ons pour vous de choisir<\/li>\n<\/ul>\n<\/div><\/section><\/p><\/div>\n<style type=\"text\/css\" data-created_by=\"avia_inline_auto\" id=\"style-css-av-ckope-93059bac2338816362658c49d5722cef\">\n#top .av-special-heading.av-ckope-93059bac2338816362658c49d5722cef{\npadding-bottom:30px;\nfont-size:50px;\n}\nbody .av-special-heading.av-ckope-93059bac2338816362658c49d5722cef .av-special-heading-tag .heading-char{\nfont-size:25px;\n}\n#top #wrap_all .av-special-heading.av-ckope-93059bac2338816362658c49d5722cef .av-special-heading-tag{\nfont-size:50px;\n}\n.av-special-heading.av-ckope-93059bac2338816362658c49d5722cef .av-subheading{\nfont-size:15px;\n}\n\n@media only screen and (min-width: 480px) and (max-width: 767px){ \n#top #wrap_all .av-special-heading.av-ckope-93059bac2338816362658c49d5722cef .av-special-heading-tag{\nfont-size:0.8em;\n}\n}\n\n@media only screen and (max-width: 479px){ \n#top #wrap_all .av-special-heading.av-ckope-93059bac2338816362658c49d5722cef .av-special-heading-tag{\nfont-size:0.8em;\n}\n}\n<\/style>\n<div  class='av-special-heading av-ckope-93059bac2338816362658c49d5722cef av-special-heading-h2 meta-heading blockquote modern-quote  avia-builder-el-8  el_after_av_one_half  el_before_av_textblock  av-inherit-size'><h2 class='av-special-heading-tag'  >\u00c0 propos de Ariose Music<\/h2><div class=\"special-heading-border\"><div class=\"special-heading-inner-border\"><\/div><\/div><\/div>\n<section  class='av_textblock_section av-kih3f8yq-ab7413c0f0000c0c775f02d6341f4683'  ><div class='avia_textblock' ><h3>\u00cates-vous une usine ou une soci\u00e9t\u00e9 commerciale\u00a0?<\/h3>\n<ul>\n<li>Nous exploitons \u00e0 la fois des usines et une soci\u00e9t\u00e9 commerciale. Notre premi\u00e8re usine est sp\u00e9cialis\u00e9e dans la production de guitares, d&#039;ukul\u00e9l\u00e9s et de bongos, tandis que notre deuxi\u00e8me usine se concentre sur la fabrication de violons et d&#039;accessoires connexes. De plus, notre soci\u00e9t\u00e9 commerciale aide les clients \u00e0 s&#039;approvisionner en produits dont ils ont besoin.<\/li>\n<\/ul>\n<p>ArioseMusic vise \u00e0 \u00eatre un fournisseur professionnel d&#039;instruments de musique. Depuis plus de 15 ans, ArioseMusic fournit \u00e0 ses clients un service d&#039;achat \u00e0 guichet unique et \u00e9largit sa part de march\u00e9 dans le monde entier. Avec un partenariat de longue date avec plus de 150 fabricants d&#039;instruments de musique, d&#039;instruments scolaires, d&#039;instruments \u00e0 vent, de tambours et de percussions, d&#039;instruments Orff et de divers accessoires d&#039;instruments de musique. Aujourd&#039;hui, ArioseMusic exporte ses produits dans plus de 60 pays et r\u00e9gions du monde et a attir\u00e9 de nombreux revendeurs \u00e9trangers en tant que clients de longue date.<\/p>\n<ul>\n<li><strong>Soci\u00e9t\u00e9 commerciale VS Usine<\/strong><\/li>\n<\/ul>\n<p>En tant que client, vous pr\u00e9f\u00e9rez probablement travailler directement avec les usines pour obtenir les prix les plus avantageux. Cependant, les usines pr\u00e9sentent souvent des d\u00e9fis : la communication peut \u00eatre difficile, les quantit\u00e9s minimales de commande (MOQ) sont g\u00e9n\u00e9ralement importantes et l&#039;offre de produits peut \u00eatre limit\u00e9e.<\/p>\n<p>ArioseMusic comble cette lacune en exploitant deux usines et une soci\u00e9t\u00e9 commerciale. Nous offrons le meilleur des deux mondes : des prix d&#039;usine comp\u00e9titifs et la commodit\u00e9 d&#039;une soci\u00e9t\u00e9 commerciale. Notre mod\u00e8le nous permet de nous approvisionner en une large gamme d&#039;instruments de musique et d&#039;accessoires, vous garantissant ainsi de pouvoir acheter tout ce dont vous avez besoin aupr\u00e8s d&#039;un seul fournisseur. Cela r\u00e9duit non seulement les co\u00fbts d&#039;achat et d&#039;exp\u00e9dition, mais simplifie \u00e9galement le processus d&#039;approvisionnement.<\/p>\n<p>Si vous \u00eates int\u00e9ress\u00e9 par les guitares, nous avons notre propre usine de guitares chez ArioseMusic, capable de r\u00e9pondre \u00e0 vos besoins en mati\u00e8re de guitares personnalis\u00e9es et de commandes en gros. Besoin de violons ou d&#039;autres instruments ? Nous pouvons vous proposer les meilleurs prix d&#039;usine. Vous recherchez des accessoires tels que des sangles de guitare, des m\u00e9diators et des c\u00e2bles ? Nous avons ce qu&#039;il vous faut.<\/p>\n<p>Chez ArioseMusic, nous collaborons avec plus de 150 usines \u00e0 travers la Chine, garantissant l&#039;acc\u00e8s aux meilleurs produits de qualit\u00e9 \u00e0 des prix comp\u00e9titifs. Vous n&#039;avez pas \u00e0 vous soucier de vous approvisionner aupr\u00e8s de plusieurs fournisseurs. Nous proposons de petits MOQ, des prix raisonnables et une s\u00e9lection compl\u00e8te d&#039;instruments de musique et d&#039;accessoires pour r\u00e9pondre aux besoins de tous nos clients.<\/p>\n<h4><\/h4>\n<h4>Comment commander un article introuvable sur le site ?<\/h4>\n<ul>\n<li>Assurez-vous que votre article appartient aux instruments de musique et accessoires<\/li>\n<li>Nous confirmerons si nous avons en stock, mais ne le montrerons pas sur le site Web<\/li>\n<li>Si nous l&#039;avons, nous vous proposerons le meilleur devis en temps opportun.<\/li>\n<li>Si nous n&#039;avons pas cet article, nous le ferons en fonction de votre image pour vous en soucier. vous pouvez coop\u00e9rer avec nous ou coop\u00e9rer avec ces usines de produits.<\/li>\n<\/ul>\n<h4>Quelle est la gamme de produits ArioseMusic ?<\/h4>\n<p>En tant que fournisseur professionnel d&#039;instruments de musique, nous vous proposons un large assortiment de produits, notamment des ukul\u00e9l\u00e9s, des violons, des guitares, des claviers, des batteries et d&#039;autres accessoires connexes.<\/p>\n<h4>Quels sont les services propos\u00e9s par ArioseMusic ?<\/h4>\n<ul>\n<li>Service OEM\/ODM<\/li>\n<li>Service de livraison directe<\/li>\n<li>Service d&#039;achat \u00e0 guichet unique<\/li>\n<\/ul>\n<div id=\"gtx-trans\" style=\"position: absolute; left: 256px; top: 1129.91px;\">\n<div class=\"gtx-trans-icon\"><\/div>\n<\/div>\n<\/div><\/section>\n\n<style type=\"text\/css\" data-created_by=\"avia_inline_auto\" id=\"style-css-av-8rbhm-0de23a570ece016029a7321618124b95\">\n#top .av-special-heading.av-8rbhm-0de23a570ece016029a7321618124b95{\npadding-bottom:30px;\nfont-size:26px;\n}\nbody .av-special-heading.av-8rbhm-0de23a570ece016029a7321618124b95 .av-special-heading-tag .heading-char{\nfont-size:25px;\n}\n#top #wrap_all .av-special-heading.av-8rbhm-0de23a570ece016029a7321618124b95 .av-special-heading-tag{\nfont-size:26px;\n}\n.av-special-heading.av-8rbhm-0de23a570ece016029a7321618124b95 .av-subheading{\nfont-size:15px;\n}\n\n@media only screen and (min-width: 480px) and (max-width: 767px){ \n#top #wrap_all .av-special-heading.av-8rbhm-0de23a570ece016029a7321618124b95 .av-special-heading-tag{\nfont-size:0.8em;\n}\n}\n\n@media only screen and (max-width: 479px){ \n#top #wrap_all .av-special-heading.av-8rbhm-0de23a570ece016029a7321618124b95 .av-special-heading-tag{\nfont-size:0.8em;\n}\n}\n<\/style>\n<div  class='av-special-heading av-8rbhm-0de23a570ece016029a7321618124b95 av-special-heading-h3 meta-heading blockquote modern-quote  avia-builder-el-10  el_after_av_textblock  el_before_av_one_full  av-inherit-size'><h3 class='av-special-heading-tag'  >Si vous avez d&#039;autres questions non r\u00e9pertori\u00e9es ci-dessus, n&#039;h\u00e9sitez pas \u00e0 nous contacter via le formulaire ci-dessous\u00a0!<\/h3><div class=\"special-heading-border\"><div class=\"special-heading-inner-border\"><\/div><\/div><\/div>\n<div  class='flex_column av-a91wi-b46d0bfd527a0047aa33f3706eb744b5 av_one_full  avia-builder-el-11  el_after_av_heading  avia-builder-el-last  first flex_column_div'     ><section  class='av_textblock_section av-li9kn3pu-33d3afedae9aad0deec966d2df2d0baf'  ><div class='avia_textblock' ><div class='fluentform ff-default fluentform_wrapper_3 ffs_default_wrap'><form data-form_id=\"3\" id=\"fluentform_3\" class=\"frm-fluent-form fluent_form_3 ff-el-form-top ff_form_instance_3_1 ff-form-loading ffs_default\" data-form_instance=\"ff_form_instance_3_1\" method=\"POST\" action=\"\" ><fieldset  style=\"border: none!important;margin: 0!important;padding: 0!important;background-color: transparent!important;box-shadow: none!important;outline: none!important; min-inline-size: 100%;\">\n                    <legend class=\"ff_screen_reader_title\" style=\"display: block; margin: 0!important;padding: 0!important;height: 0!important;text-indent: -999999px;width: 0!important;overflow:hidden;\">D\u00e9mo du formulaire de contact (#3)<\/legend><p style=\"display: none !important;\" class=\"akismet-fields-container\" data-prefix=\"ak_\"><label>&#916;<textarea name=\"ak_hp_textarea\" cols=\"45\" rows=\"8\" maxlength=\"100\"><\/textarea><\/label><input type=\"hidden\" id=\"ak_js_1\" name=\"ak_js\" value=\"84\"\/><script>document.getElementById( \"ak_js_1\" ).setAttribute( \"value\", ( new Date() ).getTime() );<\/script><\/p><input type='hidden' name='__fluent_form_embded_post_id' value='530' \/><input type=\"hidden\" id=\"_fluentform_3_fluentformnonce\" name=\"_fluentform_3_fluentformnonce\" value=\"2c35f737e1\" \/><input type=\"hidden\" name=\"_wp_http_referer\" value=\"\/fr\/wp-json\/wp\/v2\/pages\/530\" \/><div data-type=\"name-element\" data-name=\"names\" class=\"ff-field_container ff-name-field-wrapper\" ><div class='ff-t-container'><div class='ff-t-cell'><div class='ff-el-group  ff-el-form-hide_label'><div class=\"ff-el-input--label asterisk-right\"><label for='ff_3_names_first_name_' id='label_ff_3_names_first_name_' >Nom de l&#039;entreprise<\/label><\/div><div class='ff-el-input--content'><input type=\"text\" name=\"names[first_name]\" id=\"ff_3_names_first_name_\" class=\"ff-el-form-control\" placeholder=\"Nom de l&#039;entreprise *\" aria-invalid=\"false\" aria-required=\"false\"><\/div><\/div><\/div><\/div><\/div><div class='ff-el-group ff-el-form-hide_label'><div class=\"ff-el-input--label ff-el-is-required asterisk-right\"><label for='ff_3_email' id='label_ff_3_email' aria-label=\"E-mail\">E-mail<\/label><\/div><div class='ff-el-input--content'><input type=\"email\" name=\"email\" id=\"ff_3_email\" class=\"ff-el-form-control\" placeholder=\"E-mail *\" data-name=\"email\"  aria-invalid=\"false\" aria-required=\"true\"><\/div><\/div><div class='ff-el-group ff-el-form-hide_label'><div class=\"ff-el-input--label ff-el-is-required asterisk-right\"><label for='ff_3_message' id='label_ff_3_message' aria-label=\"Votre message\">Votre message<\/label><\/div><div class='ff-el-input--content'><textarea aria-required=\"true\" aria-labelledby=\"label_ff_3_message\" name=\"message\" id=\"ff_3_message\" class=\"ff-el-form-control\" placeholder=\"Message *\" rows=\"6\" cols=\"2\" data-name=\"message\" ><\/textarea><\/div><\/div><div class='ff-el-group ff-text-left ff_submit_btn_wrapper'><button type=\"submit\" class=\"ff-btn ff-btn-submit ff-btn-md ff_btn_style wpf_has_custom_css\"  aria-label=\"Envoyer\">Envoyer<\/button><\/div><\/fieldset><input type=\"hidden\" name=\"trp-form-language\" value=\"fr\"\/><\/form><div id='fluentform_3_errors' class='ff-errors-in-stack ff_form_instance_3_1 ff-form-loading_errors ff_form_instance_3_1_errors'><\/div><\/div>            <script type=\"text\/javascript\">\n                window.fluent_form_ff_form_instance_3_1 = {\"id\":\"3\",\"settings\":{\"layout\":{\"labelPlacement\":\"top\",\"helpMessagePlacement\":\"with_label\",\"errorMessagePlacement\":\"inline\",\"cssClassName\":\"\",\"asteriskPlacement\":\"asterisk-right\"},\"restrictions\":{\"denyEmptySubmission\":{\"enabled\":false}}},\"form_instance\":\"ff_form_instance_3_1\",\"form_id_selector\":\"fluentform_3\",\"rules\":{\"names[first_name]\":{\"required\":{\"value\":false,\"message\":\"This field is required\"}},\"names[middle_name]\":{\"required\":{\"value\":false,\"message\":\"This field is required\"}},\"names[last_name]\":{\"required\":{\"value\":false,\"message\":\"This field is required\"}},\"email\":{\"required\":{\"value\":true,\"message\":\"This field is required\"},\"email\":{\"value\":true,\"message\":\"This field must contain a valid email\"}},\"message\":{\"required\":{\"value\":true,\"message\":\"This field is required\"}}},\"debounce_time\":300};\n                            <\/script>\n            \n<\/div><\/section><\/div><\/div><\/div><\/main><!-- close content main element --><\/div><\/div><div id='after_section_1'  class='main_color av_default_container_wrap container_wrap sidebar_right'  ><div class='container av-section-cont-open' ><div class='template-page content  av-content-small alpha units'><div class='post-entry post-entry-type-page post-entry-530'><div class='entry-content-wrapper clearfix'><section  class='av_textblock_section av-l2coq4y7-9768262045e6b2b065ff0ef5e5be7dc1'  ><div class='avia_textblock' ><p>Contact direct\u00a0:echo@ariosemusic.com \/ariosemusic08@gmail.com\u00a0; Whatsapp\/Wechat : 86-18018389989<\/p>\n<\/div><\/section><\/p>","protected":false},"excerpt":{"rendered":"","protected":false},"author":1,"featured_media":0,"parent":0,"menu_order":0,"comment_status":"closed","ping_status":"closed","template":"","meta":{"_seopress_robots_primary_cat":"","_seopress_titles_title":"FAQ | ArioseMusic","_seopress_titles_desc":"You will know all information about our ArioseMusic, such as the orders process, shipping delivery, ranges of the production line.","_seopress_robots_index":"","footnotes":""},"class_list":["post-530","page","type-page","status-publish","hentry"],"_links":{"self":[{"href":"https:\/\/ariosemusic.com\/fr\/wp-json\/wp\/v2\/pages\/530","targetHints":{"allow":["GET"]}}],"collection":[{"href":"https:\/\/ariosemusic.com\/fr\/wp-json\/wp\/v2\/pages"}],"about":[{"href":"https:\/\/ariosemusic.com\/fr\/wp-json\/wp\/v2\/types\/page"}],"author":[{"embeddable":true,"href":"https:\/\/ariosemusic.com\/fr\/wp-json\/wp\/v2\/users\/1"}],"replies":[{"embeddable":true,"href":"https:\/\/ariosemusic.com\/fr\/wp-json\/wp\/v2\/comments?post=530"}],"version-history":[{"count":0,"href":"https:\/\/ariosemusic.com\/fr\/wp-json\/wp\/v2\/pages\/530\/revisions"}],"wp:attachment":[{"href":"https:\/\/ariosemusic.com\/fr\/wp-json\/wp\/v2\/media?parent=530"}],"curies":[{"name":"wp","href":"https:\/\/api.w.org\/{rel}","templated":true}]}}