{"id":36844,"date":"2024-05-25T05:37:57","date_gmt":"2024-05-25T05:37:57","guid":{"rendered":"https:\/\/ariosemusic.com\/?page_id=36844"},"modified":"2025-01-06T07:55:03","modified_gmt":"2025-01-06T07:55:03","slug":"tambourins-instrument-de-musique","status":"publish","type":"page","link":"https:\/\/ariosemusic.com\/fr\/pianos-instruments-a-vent\/tambourins-instrument-de-musique\/","title":{"rendered":"Instrument de musique de tambourins"},"content":{"rendered":"<style type=\"text\/css\" data-created_by=\"avia_inline_auto\" id=\"style-css-av-l72wy4d3-2304debc8e3c7f8a6e8bf2d66e63cbf0\">\n#top .av-special-heading.av-l72wy4d3-2304debc8e3c7f8a6e8bf2d66e63cbf0{\npadding-bottom:10px;\n}\nbody .av-special-heading.av-l72wy4d3-2304debc8e3c7f8a6e8bf2d66e63cbf0 .av-special-heading-tag .heading-char{\nfont-size:25px;\n}\n.av-special-heading.av-l72wy4d3-2304debc8e3c7f8a6e8bf2d66e63cbf0 .av-subheading{\nfont-size:15px;\n}\n<\/style>\n<div  class='av-special-heading av-l72wy4d3-2304debc8e3c7f8a6e8bf2d66e63cbf0 av-special-heading-h1 blockquote modern-quote modern-centered  avia-builder-el-0  el_before_av_one_third  avia-builder-el-first'><h1 class='av-special-heading-tag'  >Fournisseur de services OEM de marque mondiale<\/h1><div class=\"special-heading-border\"><div class=\"special-heading-inner-border\"><\/div><\/div><\/div>\n<div  class='flex_column av-16rpvyk-5c0f8daa34adde2e620e0322921270b4 av_one_third  avia-builder-el-1  el_after_av_heading  el_before_av_two_third  first flex_column_div'     ><section  class='av_textblock_section av-l72wmeig-a85adf40af9227916801d8258174c816'  ><div class='avia_textblock' ><h3 data-spm-anchor-id=\"a2700.details.0.i27.14531fd47vucVi\">Instrument de musique de tambourins<\/h3>\n<ul>\n<li>\n<p data-spm-anchor-id=\"a2700.details.0.i27.14531fd47vucVi\">Tambour oc\u00e9anique \u00e0 main \u00e0 vendre Jouets \u00e9ducatifs pour enfants<\/p>\n<\/li>\n<li><span class=\"attr-name J-attr-name\" title=\"Style\" data-spm-anchor-id=\"a2700.details.0.i34.14531fd47vucVi\">Style: <\/span>instrument de musique de tambour d&#039;oc\u00e9an<\/li>\n<li><span class=\"attr-name J-attr-name\" title=\"Taille\" data-spm-anchor-id=\"a2700.details.0.i35.14531fd47vucVi\">Taille:<\/span>20*3.5cm \/25*3.5cm ou personnalis\u00e9<\/li>\n<li><span class=\"attr-name J-attr-name\" title=\"Couleur\" data-spm-anchor-id=\"a2700.details.0.i36.14531fd47vucVi\">Couleur : C<\/span>color\u00e9 ou personnalis\u00e9<\/li>\n<li><span class=\"attr-name J-attr-name\" title=\"FEO\" data-spm-anchor-id=\"a2700.details.0.i37.14531fd47vucVi\">FEO\u00a0: <\/span>OUI; nous nous f\u00e9licitons de votre propre conception<\/li>\n<li><span class=\"attr-name J-attr-name\" title=\"Mat\u00e9riau de la chambre du tambour\" data-spm-anchor-id=\"a2700.details.0.i39.14531fd47vucVi\">Mat\u00e9riau de la chambre du tambour : W<\/span>bon<\/li>\n<li><span class=\"attr-name J-attr-name\" title=\"Mat\u00e9riau d&#039;emballage\" data-spm-anchor-id=\"a2700.details.0.i41.14531fd47vucVi\">Mat\u00e9riau d&#039;emballage: <\/span>Sac OPP, bo\u00eete de couleur, bo\u00eete blanche, carte blister, bo\u00eete \u00e0 fen\u00eatre<\/li>\n<li><span class=\"attr-name J-attr-name\" title=\"Logo\" data-spm-anchor-id=\"a2700.details.0.i42.14531fd47vucVi\">Logo: <\/span>Nous acceptons le logo du client<\/li>\n<li><span class=\"attr-name J-attr-name\" title=\"Temps de production\" data-spm-anchor-id=\"a2700.details.0.i43.14531fd47vucVi\">Temps de production:<\/span>7-25 jours pour le tambour oc\u00e9anique<\/li>\n<\/ul>\n<\/div><\/section><\/div>\n<div  class='flex_column av-wl5ass-b04e77c0a9fbc3cce8e0896d31328878 av_two_third  avia-builder-el-3  el_after_av_one_third  el_before_av_one_half  flex_column_div'     ><style type=\"text\/css\" data-created_by=\"avia_inline_auto\" id=\"style-css-av-l72wh0vd-41a2d3ca8e9d600f0249757b17e45e11\">\n.avia-image-container.av-l72wh0vd-41a2d3ca8e9d600f0249757b17e45e11 img.avia_image{\nbox-shadow:none;\n}\n.avia-image-container.av-l72wh0vd-41a2d3ca8e9d600f0249757b17e45e11 .av-image-caption-overlay-center{\ncolor:#ffffff;\n}\n<\/style>\n<div  class='avia-image-container av-l72wh0vd-41a2d3ca8e9d600f0249757b17e45e11 av-styling- avia-align-center  avia-builder-el-4  avia-builder-el-no-sibling'  ><div class=\"avia-image-container-inner\"><div class=\"avia-image-overlay-wrap\"><img fetchpriority=\"high\" decoding=\"async\" class='wp-image-36847 avia-img-lazy-loading-not-36847 avia_image' src=\"https:\/\/ariosemusic.com\/wp-content\/uploads\/2022\/08\/oem-600x1030.jpg\" alt='Tambourins OEM' title='Tambourins OEM' height=\"1030\" width=\"600\"  srcset=\"https:\/\/ariosemusic.com\/wp-content\/uploads\/2022\/08\/oem-600x1030.jpg 600w, https:\/\/ariosemusic.com\/wp-content\/uploads\/2022\/08\/oem-175x300.jpg 175w, https:\/\/ariosemusic.com\/wp-content\/uploads\/2022\/08\/oem-768x1319.jpg 768w, https:\/\/ariosemusic.com\/wp-content\/uploads\/2022\/08\/oem-895x1536.jpg 895w, https:\/\/ariosemusic.com\/wp-content\/uploads\/2022\/08\/oem-7x12.jpg 7w, https:\/\/ariosemusic.com\/wp-content\/uploads\/2022\/08\/oem-874x1500.jpg 874w, https:\/\/ariosemusic.com\/wp-content\/uploads\/2022\/08\/oem-411x705.jpg 411w, https:\/\/ariosemusic.com\/wp-content\/uploads\/2022\/08\/oem.jpg 1000w\" sizes=\"(max-width: 600px) 100vw, 600px\" \/><\/div><\/div><\/div><\/div>\n<div  class='flex_column av-2kx4qrw-aaf5977c1b8bbd167b7c18c4bfb3de63 av_one_half  avia-builder-el-5  el_after_av_two_third  el_before_av_one_half  first flex_column_div  column-top-margin'     ><style type=\"text\/css\" data-created_by=\"avia_inline_auto\" id=\"style-css-av-l72wrqh0-d1e7008ab78031eb7baa380620438673\">\n#top .avia-gallery.av-l72wrqh0-d1e7008ab78031eb7baa380620438673 .avia-gallery-thumb a{\nwidth:25%;\n}\n<\/style>\n<div  class='avia-gallery av-l72wrqh0-d1e7008ab78031eb7baa380620438673 avia_animate_when_visible  avia-builder-el-6  avia-builder-el-no-sibling  avia_lazyload av-slideshow-ui av-loop-manual-endless av-control-hidden av-navigate-arrows av-navigate-dots hover-effect av-control-hidden avia-gallery-animate avia-gallery-1' ><meta itemprop=\"contentURL\" content=\"https:\/\/ariosemusic.com\/fr\/pianos-instruments-a-vent\/tambourins-instrument-de-musique\/\"><a class='avia-gallery-big fakeLightbox lightbox avia-gallery-big-crop-thumb' href=\"https:\/\/ariosemusic.com\/wp-content\/uploads\/2022\/08\/\u4e3b\u56fe-02-1.jpg\" data-srcset=\"https:\/\/ariosemusic.com\/wp-content\/uploads\/2022\/08\/\u4e3b\u56fe-02-1.jpg 800w, https:\/\/ariosemusic.com\/wp-content\/uploads\/2022\/08\/\u4e3b\u56fe-02-1-300x300.jpg 300w, https:\/\/ariosemusic.com\/wp-content\/uploads\/2022\/08\/\u4e3b\u56fe-02-1-80x80.jpg 80w, https:\/\/ariosemusic.com\/wp-content\/uploads\/2022\/08\/\u4e3b\u56fe-02-1-768x768.jpg 768w, https:\/\/ariosemusic.com\/wp-content\/uploads\/2022\/08\/\u4e3b\u56fe-02-1-12x12.jpg 12w, https:\/\/ariosemusic.com\/wp-content\/uploads\/2022\/08\/\u4e3b\u56fe-02-1-36x36.jpg 36w, https:\/\/ariosemusic.com\/wp-content\/uploads\/2022\/08\/\u4e3b\u56fe-02-1-180x180.jpg 180w, https:\/\/ariosemusic.com\/wp-content\/uploads\/2022\/08\/\u4e3b\u56fe-02-1-705x705.jpg 705w\" data-sizes=\"(max-width: 800px) 100vw, 800px\"  data-onclick='1' title='Tambourins de haute qualit\u00e9' ><span class='avia-gallery-big-inner' ><img fetchpriority=\"high\" decoding=\"async\" class=\"wp-image-36850 avia-img-lazy-loading-not-36850\" width=\"300\" height=\"300\"  src=\"https:\/\/ariosemusic.com\/wp-content\/uploads\/2022\/08\/\u4e3b\u56fe-02-1-300x300.jpg\" title='Tambourins de haute qualit\u00e9' alt='Tambourins de haute qualit\u00e9' srcset=\"https:\/\/ariosemusic.com\/wp-content\/uploads\/2022\/08\/\u4e3b\u56fe-02-1-300x300.jpg 300w, https:\/\/ariosemusic.com\/wp-content\/uploads\/2022\/08\/\u4e3b\u56fe-02-1-80x80.jpg 80w, https:\/\/ariosemusic.com\/wp-content\/uploads\/2022\/08\/\u4e3b\u56fe-02-1-768x768.jpg 768w, https:\/\/ariosemusic.com\/wp-content\/uploads\/2022\/08\/\u4e3b\u56fe-02-1-12x12.jpg 12w, https:\/\/ariosemusic.com\/wp-content\/uploads\/2022\/08\/\u4e3b\u56fe-02-1-36x36.jpg 36w, https:\/\/ariosemusic.com\/wp-content\/uploads\/2022\/08\/\u4e3b\u56fe-02-1-180x180.jpg 180w, https:\/\/ariosemusic.com\/wp-content\/uploads\/2022\/08\/\u4e3b\u56fe-02-1-705x705.jpg 705w, https:\/\/ariosemusic.com\/wp-content\/uploads\/2022\/08\/\u4e3b\u56fe-02-1.jpg 800w\" sizes=\"(max-width: 300px) 100vw, 300px\" \/><span class='avia-gallery-caption'>Tambourins de haute qualit\u00e9<\/span><\/span><\/a><div class='avia-gallery-thumb'><a href=\"https:\/\/ariosemusic.com\/wp-content\/uploads\/2022\/08\/\u4e3b\u56fe-02-1.jpg\" data-srcset=\"https:\/\/ariosemusic.com\/wp-content\/uploads\/2022\/08\/\u4e3b\u56fe-02-1.jpg 800w, https:\/\/ariosemusic.com\/wp-content\/uploads\/2022\/08\/\u4e3b\u56fe-02-1-300x300.jpg 300w, https:\/\/ariosemusic.com\/wp-content\/uploads\/2022\/08\/\u4e3b\u56fe-02-1-80x80.jpg 80w, https:\/\/ariosemusic.com\/wp-content\/uploads\/2022\/08\/\u4e3b\u56fe-02-1-768x768.jpg 768w, https:\/\/ariosemusic.com\/wp-content\/uploads\/2022\/08\/\u4e3b\u56fe-02-1-12x12.jpg 12w, https:\/\/ariosemusic.com\/wp-content\/uploads\/2022\/08\/\u4e3b\u56fe-02-1-36x36.jpg 36w, https:\/\/ariosemusic.com\/wp-content\/uploads\/2022\/08\/\u4e3b\u56fe-02-1-180x180.jpg 180w, https:\/\/ariosemusic.com\/wp-content\/uploads\/2022\/08\/\u4e3b\u56fe-02-1-705x705.jpg 705w\" data-sizes=\"(max-width: 800px) 100vw, 800px\" data-rel='gallery-1' data-prev-img='https:\/\/ariosemusic.com\/wp-content\/uploads\/2022\/08\/\u4e3b\u56fe-02-1-300x300.jpg' class='first_thumb lightbox' data-onclick='1' title='Tambourins de haute qualit\u00e9'  ><img fetchpriority=\"high\" decoding=\"async\" class=\"wp-image-36850 avia-img-lazy-loading-not-36850\" data-avia-tooltip='High Quality Tambourines' src=\"https:\/\/ariosemusic.com\/wp-content\/uploads\/2022\/08\/\u4e3b\u56fe-02-1-495x400.jpg\"  width=\"495\" height=\"400\" title='Tambourins de haute qualit\u00e9' alt='Tambourins de haute qualit\u00e9' \/><div class='big-prev-fake'><img fetchpriority=\"high\" decoding=\"async\" class=\"wp-image-36850 avia-img-lazy-loading-not-36850\" width=\"300\" height=\"300\"  src=\"https:\/\/ariosemusic.com\/wp-content\/uploads\/2022\/08\/\u4e3b\u56fe-02-1-300x300.jpg\" title='Tambourins de haute qualit\u00e9' alt='Tambourins de haute qualit\u00e9' srcset=\"https:\/\/ariosemusic.com\/wp-content\/uploads\/2022\/08\/\u4e3b\u56fe-02-1-300x300.jpg 300w, https:\/\/ariosemusic.com\/wp-content\/uploads\/2022\/08\/\u4e3b\u56fe-02-1-80x80.jpg 80w, https:\/\/ariosemusic.com\/wp-content\/uploads\/2022\/08\/\u4e3b\u56fe-02-1-768x768.jpg 768w, https:\/\/ariosemusic.com\/wp-content\/uploads\/2022\/08\/\u4e3b\u56fe-02-1-12x12.jpg 12w, https:\/\/ariosemusic.com\/wp-content\/uploads\/2022\/08\/\u4e3b\u56fe-02-1-36x36.jpg 36w, https:\/\/ariosemusic.com\/wp-content\/uploads\/2022\/08\/\u4e3b\u56fe-02-1-180x180.jpg 180w, https:\/\/ariosemusic.com\/wp-content\/uploads\/2022\/08\/\u4e3b\u56fe-02-1-705x705.jpg 705w, https:\/\/ariosemusic.com\/wp-content\/uploads\/2022\/08\/\u4e3b\u56fe-02-1.jpg 800w\" sizes=\"(max-width: 300px) 100vw, 300px\" \/><\/div><\/a><a href=\"https:\/\/ariosemusic.com\/wp-content\/uploads\/2022\/08\/\u4e3b\u56fe-03.jpg\" data-srcset=\"https:\/\/ariosemusic.com\/wp-content\/uploads\/2022\/08\/\u4e3b\u56fe-03.jpg 800w, https:\/\/ariosemusic.com\/wp-content\/uploads\/2022\/08\/\u4e3b\u56fe-03-300x300.jpg 300w, https:\/\/ariosemusic.com\/wp-content\/uploads\/2022\/08\/\u4e3b\u56fe-03-80x80.jpg 80w, https:\/\/ariosemusic.com\/wp-content\/uploads\/2022\/08\/\u4e3b\u56fe-03-768x768.jpg 768w, https:\/\/ariosemusic.com\/wp-content\/uploads\/2022\/08\/\u4e3b\u56fe-03-12x12.jpg 12w, https:\/\/ariosemusic.com\/wp-content\/uploads\/2022\/08\/\u4e3b\u56fe-03-36x36.jpg 36w, https:\/\/ariosemusic.com\/wp-content\/uploads\/2022\/08\/\u4e3b\u56fe-03-180x180.jpg 180w, https:\/\/ariosemusic.com\/wp-content\/uploads\/2022\/08\/\u4e3b\u56fe-03-705x705.jpg 705w\" data-sizes=\"(max-width: 800px) 100vw, 800px\" data-rel='gallery-1' data-prev-img='https:\/\/ariosemusic.com\/wp-content\/uploads\/2022\/08\/\u4e3b\u56fe-03-300x300.jpg' class='lightbox' data-onclick='2' title='Instrument de musique de tambourins '  ><img fetchpriority=\"high\" decoding=\"async\" class=\"wp-image-36851 avia-img-lazy-loading-not-36851\" data-avia-tooltip='Tambourines Musical Instrument ' src=\"https:\/\/ariosemusic.com\/wp-content\/uploads\/2022\/08\/\u4e3b\u56fe-03-495x400.jpg\"  width=\"495\" height=\"400\" title='Instrument de musique de tambourins' alt='Instrument de musique de tambourins' \/><div class='big-prev-fake'><img fetchpriority=\"high\" decoding=\"async\" class=\"wp-image-36851 avia-img-lazy-loading-not-36851\" width=\"300\" height=\"300\"  src=\"https:\/\/ariosemusic.com\/wp-content\/uploads\/2022\/08\/\u4e3b\u56fe-03-300x300.jpg\" title='Instrument de musique de tambourins' alt='Instrument de musique de tambourins' srcset=\"https:\/\/ariosemusic.com\/wp-content\/uploads\/2022\/08\/\u4e3b\u56fe-03-300x300.jpg 300w, https:\/\/ariosemusic.com\/wp-content\/uploads\/2022\/08\/\u4e3b\u56fe-03-80x80.jpg 80w, https:\/\/ariosemusic.com\/wp-content\/uploads\/2022\/08\/\u4e3b\u56fe-03-768x768.jpg 768w, https:\/\/ariosemusic.com\/wp-content\/uploads\/2022\/08\/\u4e3b\u56fe-03-12x12.jpg 12w, https:\/\/ariosemusic.com\/wp-content\/uploads\/2022\/08\/\u4e3b\u56fe-03-36x36.jpg 36w, https:\/\/ariosemusic.com\/wp-content\/uploads\/2022\/08\/\u4e3b\u56fe-03-180x180.jpg 180w, https:\/\/ariosemusic.com\/wp-content\/uploads\/2022\/08\/\u4e3b\u56fe-03-705x705.jpg 705w, https:\/\/ariosemusic.com\/wp-content\/uploads\/2022\/08\/\u4e3b\u56fe-03.jpg 800w\" sizes=\"(max-width: 300px) 100vw, 300px\" \/><\/div><\/a><a href=\"https:\/\/ariosemusic.com\/wp-content\/uploads\/2022\/08\/\u4e3b\u56fe-04.jpg\" data-srcset=\"https:\/\/ariosemusic.com\/wp-content\/uploads\/2022\/08\/\u4e3b\u56fe-04.jpg 800w, https:\/\/ariosemusic.com\/wp-content\/uploads\/2022\/08\/\u4e3b\u56fe-04-300x300.jpg 300w, https:\/\/ariosemusic.com\/wp-content\/uploads\/2022\/08\/\u4e3b\u56fe-04-80x80.jpg 80w, https:\/\/ariosemusic.com\/wp-content\/uploads\/2022\/08\/\u4e3b\u56fe-04-768x768.jpg 768w, https:\/\/ariosemusic.com\/wp-content\/uploads\/2022\/08\/\u4e3b\u56fe-04-12x12.jpg 12w, https:\/\/ariosemusic.com\/wp-content\/uploads\/2022\/08\/\u4e3b\u56fe-04-36x36.jpg 36w, https:\/\/ariosemusic.com\/wp-content\/uploads\/2022\/08\/\u4e3b\u56fe-04-180x180.jpg 180w, https:\/\/ariosemusic.com\/wp-content\/uploads\/2022\/08\/\u4e3b\u56fe-04-705x705.jpg 705w\" data-sizes=\"(max-width: 800px) 100vw, 800px\" data-rel='gallery-1' data-prev-img='https:\/\/ariosemusic.com\/wp-content\/uploads\/2022\/08\/\u4e3b\u56fe-04-300x300.jpg' class='lightbox' data-onclick='3' title='Tambour oc\u00e9anique portatif jouet \u00e0 vendre'  ><img fetchpriority=\"high\" decoding=\"async\" class=\"wp-image-36852 avia-img-lazy-loading-not-36852\" data-avia-tooltip='Toy Hand-held Ocean Drum For Sale' src=\"https:\/\/ariosemusic.com\/wp-content\/uploads\/2022\/08\/\u4e3b\u56fe-04-495x400.jpg\"  width=\"495\" height=\"400\" title='Tambour oc\u00e9anique portatif jouet \u00e0 vendre' alt='Tambour oc\u00e9anique portatif jouet \u00e0 vendre' \/><div class='big-prev-fake'><img fetchpriority=\"high\" decoding=\"async\" class=\"wp-image-36852 avia-img-lazy-loading-not-36852\" width=\"300\" height=\"300\"  src=\"https:\/\/ariosemusic.com\/wp-content\/uploads\/2022\/08\/\u4e3b\u56fe-04-300x300.jpg\" title='Tambour oc\u00e9anique portatif jouet \u00e0 vendre' alt='Tambour oc\u00e9anique portatif jouet \u00e0 vendre' srcset=\"https:\/\/ariosemusic.com\/wp-content\/uploads\/2022\/08\/\u4e3b\u56fe-04-300x300.jpg 300w, https:\/\/ariosemusic.com\/wp-content\/uploads\/2022\/08\/\u4e3b\u56fe-04-80x80.jpg 80w, https:\/\/ariosemusic.com\/wp-content\/uploads\/2022\/08\/\u4e3b\u56fe-04-768x768.jpg 768w, https:\/\/ariosemusic.com\/wp-content\/uploads\/2022\/08\/\u4e3b\u56fe-04-12x12.jpg 12w, https:\/\/ariosemusic.com\/wp-content\/uploads\/2022\/08\/\u4e3b\u56fe-04-36x36.jpg 36w, https:\/\/ariosemusic.com\/wp-content\/uploads\/2022\/08\/\u4e3b\u56fe-04-180x180.jpg 180w, https:\/\/ariosemusic.com\/wp-content\/uploads\/2022\/08\/\u4e3b\u56fe-04-705x705.jpg 705w, https:\/\/ariosemusic.com\/wp-content\/uploads\/2022\/08\/\u4e3b\u56fe-04.jpg 800w\" sizes=\"(max-width: 300px) 100vw, 300px\" \/><\/div><\/a><a href=\"https:\/\/ariosemusic.com\/wp-content\/uploads\/2022\/08\/\u4e3b\u56fe-05.jpg\" data-srcset=\"https:\/\/ariosemusic.com\/wp-content\/uploads\/2022\/08\/\u4e3b\u56fe-05.jpg 800w, https:\/\/ariosemusic.com\/wp-content\/uploads\/2022\/08\/\u4e3b\u56fe-05-300x300.jpg 300w, https:\/\/ariosemusic.com\/wp-content\/uploads\/2022\/08\/\u4e3b\u56fe-05-80x80.jpg 80w, https:\/\/ariosemusic.com\/wp-content\/uploads\/2022\/08\/\u4e3b\u56fe-05-768x768.jpg 768w, https:\/\/ariosemusic.com\/wp-content\/uploads\/2022\/08\/\u4e3b\u56fe-05-12x12.jpg 12w, https:\/\/ariosemusic.com\/wp-content\/uploads\/2022\/08\/\u4e3b\u56fe-05-36x36.jpg 36w, https:\/\/ariosemusic.com\/wp-content\/uploads\/2022\/08\/\u4e3b\u56fe-05-180x180.jpg 180w, https:\/\/ariosemusic.com\/wp-content\/uploads\/2022\/08\/\u4e3b\u56fe-05-705x705.jpg 705w\" data-sizes=\"(max-width: 800px) 100vw, 800px\" data-rel='gallery-1' data-prev-img='https:\/\/ariosemusic.com\/wp-content\/uploads\/2022\/08\/\u4e3b\u56fe-05-300x300.jpg' class='lightbox' data-onclick='4' title='Jouets \u00e9ducatifs pour enfants'  ><img fetchpriority=\"high\" decoding=\"async\" class=\"wp-image-36853 avia-img-lazy-loading-not-36853\" data-avia-tooltip='Children&#8217;s Educational Toys' src=\"https:\/\/ariosemusic.com\/wp-content\/uploads\/2022\/08\/\u4e3b\u56fe-05-495x400.jpg\"  width=\"495\" height=\"400\" title='Jouets \u00e9ducatifs pour enfants' alt='Jouets \u00e9ducatifs pour enfants' \/><div class='big-prev-fake'><img fetchpriority=\"high\" decoding=\"async\" class=\"wp-image-36853 avia-img-lazy-loading-not-36853\" width=\"300\" height=\"300\"  src=\"https:\/\/ariosemusic.com\/wp-content\/uploads\/2022\/08\/\u4e3b\u56fe-05-300x300.jpg\" title='Jouets \u00e9ducatifs pour enfants' alt='Jouets \u00e9ducatifs pour enfants' srcset=\"https:\/\/ariosemusic.com\/wp-content\/uploads\/2022\/08\/\u4e3b\u56fe-05-300x300.jpg 300w, https:\/\/ariosemusic.com\/wp-content\/uploads\/2022\/08\/\u4e3b\u56fe-05-80x80.jpg 80w, https:\/\/ariosemusic.com\/wp-content\/uploads\/2022\/08\/\u4e3b\u56fe-05-768x768.jpg 768w, https:\/\/ariosemusic.com\/wp-content\/uploads\/2022\/08\/\u4e3b\u56fe-05-12x12.jpg 12w, https:\/\/ariosemusic.com\/wp-content\/uploads\/2022\/08\/\u4e3b\u56fe-05-36x36.jpg 36w, https:\/\/ariosemusic.com\/wp-content\/uploads\/2022\/08\/\u4e3b\u56fe-05-180x180.jpg 180w, https:\/\/ariosemusic.com\/wp-content\/uploads\/2022\/08\/\u4e3b\u56fe-05-705x705.jpg 705w, https:\/\/ariosemusic.com\/wp-content\/uploads\/2022\/08\/\u4e3b\u56fe-05.jpg 800w\" sizes=\"(max-width: 300px) 100vw, 300px\" \/><\/div><\/a><\/div><\/div><\/div>\n<div  class='flex_column av-1z8jbjg-0ac403240a365c4ba8925dc3d9c6cdfa av_one_half  avia-builder-el-7  el_after_av_one_half  el_before_av_contact  flex_column_div  column-top-margin'     ><section  class='av_textblock_section av-l72weczo-a108b2e42f4083915ca159938ce43da9'  ><div class='avia_textblock' ><h2>\u00c0 propos des tambourins OEM ArioseMusic<\/h2>\n<p>Vous trouverez des milliers de fabricants d&#039;instruments de musique dans toute la Chine. Mais <a href=\"https:\/\/ariosemusic.com\/fr\/des-produits\/accessoires\/\"><u>Ariose Musique<\/u><\/a>\u00a0est le fournisseur le plus fiable parmi tous.<\/p>\n<ul>\n<li>Ariose Music a livr\u00e9 des tambourins de haute qualit\u00e9 \u00e0 ses consommateurs. Comme il est devenu le fournisseur de guitares B2B le mieux not\u00e9 et compte \u00e9galement des consommateurs du monde entier. Ainsi, vous pouvez sans aucun doute compter sur Ariose Music.<\/li>\n<li>Nous pouvons concevoir le style de tambourins que vous souhaitez et nous ne compromettons jamais la qualit\u00e9 par rapport \u00e0 la quantit\u00e9.<\/li>\n<li>Ariosemusic propose des Tambourins personnalis\u00e9s, couleur, logo, emballage<\/li>\n<li>Les \u00e9chantillons ont \u00e9t\u00e9 envoy\u00e9s au plus tard 72 heures<\/li>\n<li>Livrez partout dans le monde<\/li>\n<li>Les petites quantit\u00e9s sont les bienvenues<\/li>\n<\/ul>\n<\/div><\/section><\/div>\n<form action=\"https:\/\/ariosemusic.com\/fr\/pianos-instruments-a-vent\/tambourins-instrument-de-musique\/\" method=\"post\" data-fields-with-error=\"Erreurs trouv\u00e9es dans les champs suivants :\" class=\"avia_ajax_form av-form-labels-visible   avia-builder-el-9  el_after_av_one_half  avia-builder-el-last\" data-avia-form-id=\"1\" data-avia-redirect='' data-trp-original-action=\"https:\/\/ariosemusic.com\/fr\/pianos-instruments-a-vent\/tambourins-instrument-de-musique\/\" ><h3 class=''>Prenez contact avec nous<\/h3><fieldset><p class='first_form  form_element form_fullwidth' id='element_avia_1_1'><label for=\"avia_1_1\">Nom de l&#039;entreprise: <abbr class=\"required\" title=\"requis(e)\">*<\/abbr><\/label> <input name=\"avia_1_1\" class=\"text_input is_empty\" type=\"text\" id=\"avia_1_1\" value=\"\" \/><\/p><p class='first_form  form_element form_fullwidth' id='element_avia_2_1'><label for=\"avia_2_1\">E-mail <abbr class=\"required\" title=\"requis(e)\">*<\/abbr><\/label> <input name=\"avia_2_1\" class=\"text_input is_email\" type=\"text\" id=\"avia_2_1\" value=\"\" \/><\/p><p class='first_form  form_element form_fullwidth av-last-visible-form-element' id='element_avia_3_1'><label for=\"avia_3_1\" class=\"textare_label hidden textare_label_avia_3_1\">Message <abbr class=\"required\" title=\"requis(e)\">*<\/abbr><\/label><textarea  name=\"avia_3_1\" class=\"text_area is_empty\" cols=\"40\" rows=\"7\" id=\"avia_3_1\" ><\/textarea><\/p><p class=\"hidden\"><input type=\"text\" name=\"avia_4_1\" class=\"hidden\" id=\"avia_4_1\" value=\"\" \/><\/p><p class=\"form_element\"><input type=\"hidden\" value=\"1\" name=\"avia_generated_form1\" \/><input type=\"submit\" value=\"Soumettre\" class=\"button\"  data-sending-label=\"Envoi\"\/><\/p><\/fieldset><input type=\"hidden\" name=\"trp-form-language\" value=\"fr\"\/><\/form><div id=\"ajaxresponse_1\" class=\"ajaxresponse ajaxresponse_1 hidden\"><\/div>","protected":false},"excerpt":{"rendered":"","protected":false},"author":1,"featured_media":36851,"parent":43436,"menu_order":0,"comment_status":"closed","ping_status":"closed","template":"","meta":{"_seopress_robots_primary_cat":"","_seopress_titles_title":"Tambourines Musical Instrument | China Orff Instrument Factory","_seopress_titles_desc":"As a professional manufacturer and supplier of tambourines founded in 2014, we provide customized services and one-stop solutions to our clients.","_seopress_robots_index":"","footnotes":""},"class_list":["post-36844","page","type-page","status-publish","has-post-thumbnail","hentry"],"_links":{"self":[{"href":"https:\/\/ariosemusic.com\/fr\/wp-json\/wp\/v2\/pages\/36844","targetHints":{"allow":["GET"]}}],"collection":[{"href":"https:\/\/ariosemusic.com\/fr\/wp-json\/wp\/v2\/pages"}],"about":[{"href":"https:\/\/ariosemusic.com\/fr\/wp-json\/wp\/v2\/types\/page"}],"author":[{"embeddable":true,"href":"https:\/\/ariosemusic.com\/fr\/wp-json\/wp\/v2\/users\/1"}],"replies":[{"embeddable":true,"href":"https:\/\/ariosemusic.com\/fr\/wp-json\/wp\/v2\/comments?post=36844"}],"version-history":[{"count":1,"href":"https:\/\/ariosemusic.com\/fr\/wp-json\/wp\/v2\/pages\/36844\/revisions"}],"predecessor-version":[{"id":49035,"href":"https:\/\/ariosemusic.com\/fr\/wp-json\/wp\/v2\/pages\/36844\/revisions\/49035"}],"up":[{"embeddable":true,"href":"https:\/\/ariosemusic.com\/fr\/wp-json\/wp\/v2\/pages\/43436"}],"wp:featuredmedia":[{"embeddable":true,"href":"https:\/\/ariosemusic.com\/fr\/wp-json\/wp\/v2\/media\/36851"}],"wp:attachment":[{"href":"https:\/\/ariosemusic.com\/fr\/wp-json\/wp\/v2\/media?parent=36844"}],"curies":[{"name":"wp","href":"https:\/\/api.w.org\/{rel}","templated":true}]}}