{"id":530,"date":"2024-05-25T13:53:03","date_gmt":"2024-05-25T13:53:03","guid":{"rendered":"http:\/\/wpoffice\/enfold-fitness\/?page_id=530"},"modified":"2024-06-18T02:28:31","modified_gmt":"2024-06-18T02:28:31","slug":"preguntas-mas-frecuentes","status":"publish","type":"page","link":"https:\/\/ariosemusic.com\/es\/preguntas-mas-frecuentes\/","title":{"rendered":"Preguntas m\u00e1s frecuentes"},"content":{"rendered":"<div id='av_section_1'  class='avia-section av-pq9be-f41b716bbd36b512f9df304dfef7f135 main_color avia-section-large avia-no-border-styling  avia-builder-el-0  el_before_av_textblock  avia-builder-el-first  avia-bg-style-scroll av-minimum-height av-minimum-height-100 av-height-100  container_wrap sidebar_right'   data-av_minimum_height_pc='100' data-av_min_height_opt='100'><div class='container av-section-cont-open' ><main  class='template-page content  av-content-small alpha units'><div class='post-entry post-entry-type-page post-entry-530'><div class='entry-content-wrapper clearfix'>\n\n<style type=\"text\/css\" data-created_by=\"avia_inline_auto\" id=\"style-css-av-xu84a-4e21ad14525c9ba8e69820a304b46706\">\n#top .av-special-heading.av-xu84a-4e21ad14525c9ba8e69820a304b46706{\npadding-bottom:30px;\nfont-size:70px;\n}\nbody .av-special-heading.av-xu84a-4e21ad14525c9ba8e69820a304b46706 .av-special-heading-tag .heading-char{\nfont-size:25px;\n}\n#top #wrap_all .av-special-heading.av-xu84a-4e21ad14525c9ba8e69820a304b46706 .av-special-heading-tag{\nfont-size:70px;\n}\n.av-special-heading.av-xu84a-4e21ad14525c9ba8e69820a304b46706 .av-subheading{\nfont-size:15px;\n}\n\n@media only screen and (min-width: 480px) and (max-width: 767px){ \n#top #wrap_all .av-special-heading.av-xu84a-4e21ad14525c9ba8e69820a304b46706 .av-special-heading-tag{\nfont-size:0.8em;\n}\n}\n\n@media only screen and (max-width: 479px){ \n#top #wrap_all .av-special-heading.av-xu84a-4e21ad14525c9ba8e69820a304b46706 .av-special-heading-tag{\nfont-size:0.8em;\n}\n}\n<\/style>\n<div  class='av-special-heading av-xu84a-4e21ad14525c9ba8e69820a304b46706 av-special-heading-h1 blockquote modern-quote  avia-builder-el-1  el_before_av_one_half  avia-builder-el-first  av-thin-font av-inherit-size'><h1 class='av-special-heading-tag'  >Preguntas m\u00e1s frecuentes<strong>.<\/strong><\/h1><div class=\"special-heading-border\"><div class=\"special-heading-inner-border\"><\/div><\/div><\/div>\n\n<style type=\"text\/css\" data-created_by=\"avia_inline_auto\" id=\"style-css-av-j8mtm-668257bcff217ce464b213fe3f75693e\">\n.flex_column.av-j8mtm-668257bcff217ce464b213fe3f75693e{\nborder-radius:0px 0px 0px 0px;\npadding:0px 0px 0px 0px;\n}\n<\/style>\n<div  class='flex_column av-j8mtm-668257bcff217ce464b213fe3f75693e av_one_half  avia-builder-el-2  el_after_av_heading  el_before_av_one_half  first flex_column_div av-zero-column-padding'     ><p>\n<style type=\"text\/css\" data-created_by=\"avia_inline_auto\" id=\"style-css-av-sohe2-5910191d2f5e7a626d34c23d6d34b20a\">\n#top .av-special-heading.av-sohe2-5910191d2f5e7a626d34c23d6d34b20a{\npadding-bottom:30px;\nfont-size:50px;\n}\nbody .av-special-heading.av-sohe2-5910191d2f5e7a626d34c23d6d34b20a .av-special-heading-tag .heading-char{\nfont-size:25px;\n}\n#top #wrap_all .av-special-heading.av-sohe2-5910191d2f5e7a626d34c23d6d34b20a .av-special-heading-tag{\nfont-size:50px;\n}\n.av-special-heading.av-sohe2-5910191d2f5e7a626d34c23d6d34b20a .av-subheading{\nfont-size:15px;\n}\n\n@media only screen and (min-width: 480px) and (max-width: 767px){ \n#top #wrap_all .av-special-heading.av-sohe2-5910191d2f5e7a626d34c23d6d34b20a .av-special-heading-tag{\nfont-size:0.8em;\n}\n}\n\n@media only screen and (max-width: 479px){ \n#top #wrap_all .av-special-heading.av-sohe2-5910191d2f5e7a626d34c23d6d34b20a .av-special-heading-tag{\nfont-size:0.8em;\n}\n}\n<\/style>\n<div  class='av-special-heading av-sohe2-5910191d2f5e7a626d34c23d6d34b20a av-special-heading-h2 meta-heading blockquote modern-quote  avia-builder-el-3  el_before_av_textblock  avia-builder-el-first  av-inherit-size'><h2 class='av-special-heading-tag'  >Pedidos<\/h2><div class=\"special-heading-border\"><div class=\"special-heading-inner-border\"><\/div><\/div><\/div><br \/>\n<section  class='av_textblock_section av-kifnl32u-808ad92c0024d76bd00b482f32f5bf3a'  ><div class='avia_textblock' ><h3>\u00bfPueden aceptar peque\u00f1as cantidades de pedidos?<\/h3>\n<p>ArioseMusic cubre una variedad de instrumentos musicales y accesorios, puede pedir art\u00edculos combinados y nuestra cantidad m\u00ednima ser\u00e1 una caja.<\/p>\n<h3>\u00bfC\u00f3mo hacer un pedido para usted?<\/h3>\n<p>Puede enviarnos la consulta de sus art\u00edculos interesados, luego, de acuerdo con su cantidad, le ofreceremos el mejor precio y sugeriremos las formas de env\u00edo para su referencia, luego, despu\u00e9s de que confirme, comenzaremos con el siguiente paso.<\/p>\n<h3>\u00bfCu\u00e1les son las condiciones de pago y las formas de pago que tiene?<\/h3>\n<p>T\u00e9rminos de pago:<\/p>\n<ul>\n<li>Pago por adelantado 100% para clientes de pedidos de prueba antes del env\u00edo<\/li>\n<li>Pago por adelantado 30% para clientes antiguos, 70% pagar\u00e1 antes del env\u00edo<\/li>\n<li>L \/ C a primera vista<\/li>\n<\/ul>\n<p>Formas de pago:<\/p>\n<ul>\n<li>Alipay para nuevos clientes<\/li>\n<li>T\/T a nuestra cuenta de empresa<\/li>\n<li>Western Union<\/li>\n<li>PayPal<\/li>\n<\/ul>\n<h3>\u00bfC\u00f3mo puedo hacer un seguimiento de mi pedido?<\/h3>\n<p>Le proporcionaremos informaci\u00f3n detallada sobre sus pedidos y lo actualizaremos en cada paso hasta que lleguen los productos. si elige enviar por aire o expreso, le informaremos el n\u00famero de seguimiento. Si sus productos se env\u00edan por mar, le informaremos la fecha de env\u00edo, el estado en el mar y la hora de llegada<\/p>\n<\/div><\/section><\/p><\/div>\n<style type=\"text\/css\" data-created_by=\"avia_inline_auto\" id=\"style-css-av-ghix6-ddfc88f49a59eaa525ec5bf1645da0c5\">\n.flex_column.av-ghix6-ddfc88f49a59eaa525ec5bf1645da0c5{\nborder-radius:0px 0px 0px 0px;\npadding:0px 0px 0px 0px;\n}\n<\/style>\n<div  class='flex_column av-ghix6-ddfc88f49a59eaa525ec5bf1645da0c5 av_one_half  avia-builder-el-5  el_after_av_one_half  el_before_av_heading  flex_column_div av-zero-column-padding'     ><p>\n<style type=\"text\/css\" data-created_by=\"avia_inline_auto\" id=\"style-css-av-lnb6y-1dae7c8a79213f0926661e1ce5dd0701\">\n#top .av-special-heading.av-lnb6y-1dae7c8a79213f0926661e1ce5dd0701{\npadding-bottom:30px;\nfont-size:50px;\n}\nbody .av-special-heading.av-lnb6y-1dae7c8a79213f0926661e1ce5dd0701 .av-special-heading-tag .heading-char{\nfont-size:25px;\n}\n#top #wrap_all .av-special-heading.av-lnb6y-1dae7c8a79213f0926661e1ce5dd0701 .av-special-heading-tag{\nfont-size:50px;\n}\n.av-special-heading.av-lnb6y-1dae7c8a79213f0926661e1ce5dd0701 .av-subheading{\nfont-size:15px;\n}\n\n@media only screen and (min-width: 480px) and (max-width: 767px){ \n#top #wrap_all .av-special-heading.av-lnb6y-1dae7c8a79213f0926661e1ce5dd0701 .av-special-heading-tag{\nfont-size:0.8em;\n}\n}\n\n@media only screen and (max-width: 479px){ \n#top #wrap_all .av-special-heading.av-lnb6y-1dae7c8a79213f0926661e1ce5dd0701 .av-special-heading-tag{\nfont-size:0.8em;\n}\n}\n<\/style>\n<div  class='av-special-heading av-lnb6y-1dae7c8a79213f0926661e1ce5dd0701 av-special-heading-h2 meta-heading blockquote modern-quote  avia-builder-el-6  el_before_av_textblock  avia-builder-el-first  av-inherit-size'><h2 class='av-special-heading-tag'  >Env\u00edo <span class='special_amp'>&amp;<\/span> entrega <\/h2><div class=\"special-heading-border\"><div class=\"special-heading-inner-border\"><\/div><\/div><\/div><br \/>\n<section  class='av_textblock_section av-kifnl32u-1-3347e1323ce4fa933ca6212de4cfc084'  ><div class='avia_textblock' ><h4>\u00bfCu\u00e1l es el tiempo de entrega de mi pedido?<\/h4>\n<ul>\n<li>Por transporte mar\u00edtimo: necesitar\u00e1 de 15 a 30 d\u00edas para el mundo. detallada depende de su pa\u00eds. como a los EE. UU., necesitar\u00e1 15 d\u00edas para llegar al destino, a Europa, necesitar\u00e1 20-25 d\u00edas para llegar.<\/li>\n<li>Por Airfreight: tardar\u00e1 de 3 a 7 d\u00edas en llegar<\/li>\n<\/ul>\n<h4>Antes de realizar el pedido, \u00bfnos ofrece una muestra para verificar la calidad?<\/h4>\n<p>S\u00ed, podemos ofrecerle una muestra para verificar la calidad, si los accesorios musicales, podemos ofrecerle una muestra gratis, solo debe pagar la tarifa de flete, si necesita una guitarra, un ukelele o un viol\u00edn, le devolveremos la tarifa de la muestra a usted mientras hace un pedido.<\/p>\n<h4>\u00bfQu\u00e9 opciones de env\u00edo est\u00e1n disponibles?<\/h4>\n<ul>\n<li>Peque\u00f1a cantidad, ofrecemos env\u00edo expr\u00e9s<\/li>\n<li>Cantidad media, ofrecemos env\u00edo a\u00e9reo<\/li>\n<li>Gran cantidad, ofrecemos env\u00edo mar\u00edtimo<\/li>\n<\/ul>\n<h4><span data-spm-anchor-id=\"a2700.details.pronpeci14.i0.71141d99fp2FxT\">\u00bfCu\u00e1les son los plazos de entrega de los pedidos?<\/span><\/h4>\n<ul>\n<li>Peque\u00f1a cantidad: EXW, DDP<\/li>\n<li>Gran cantidad: FOB o CIF<\/li>\n<\/ul>\n<h4>\u00bfCu\u00e1nto dura la garant\u00eda de calidad?<strong><span data-spm-anchor-id=\"a2700.details.pronpeci14.i0.6f007996uB12AN\">?<\/span><\/strong><\/h4>\n<ul>\n<li>Instrumentos musicales: un a\u00f1o de garant\u00eda<\/li>\n<li>Accesorios para instrumentos musicales: un a\u00f1o o medio a\u00f1o<\/li>\n<\/ul>\n<h4>\u00bfPodr\u00eda indicarnos el costo de env\u00edo para calcular el costo comercial?<\/h4>\n<ul>\n<li>D\u00edganos las cantidades de su art\u00edculo pedido<\/li>\n<li>Lo haremos de acuerdo con sus cantidades para sugerirle que elija las formas de env\u00edo.<\/li>\n<li>Le cotizaremos una tarifa de flete de 2 o 3 formas para que usted elija<\/li>\n<\/ul>\n<\/div><\/section><\/p><\/div>\n<style type=\"text\/css\" data-created_by=\"avia_inline_auto\" id=\"style-css-av-ckope-93059bac2338816362658c49d5722cef\">\n#top .av-special-heading.av-ckope-93059bac2338816362658c49d5722cef{\npadding-bottom:30px;\nfont-size:50px;\n}\nbody .av-special-heading.av-ckope-93059bac2338816362658c49d5722cef .av-special-heading-tag .heading-char{\nfont-size:25px;\n}\n#top #wrap_all .av-special-heading.av-ckope-93059bac2338816362658c49d5722cef .av-special-heading-tag{\nfont-size:50px;\n}\n.av-special-heading.av-ckope-93059bac2338816362658c49d5722cef .av-subheading{\nfont-size:15px;\n}\n\n@media only screen and (min-width: 480px) and (max-width: 767px){ \n#top #wrap_all .av-special-heading.av-ckope-93059bac2338816362658c49d5722cef .av-special-heading-tag{\nfont-size:0.8em;\n}\n}\n\n@media only screen and (max-width: 479px){ \n#top #wrap_all .av-special-heading.av-ckope-93059bac2338816362658c49d5722cef .av-special-heading-tag{\nfont-size:0.8em;\n}\n}\n<\/style>\n<div  class='av-special-heading av-ckope-93059bac2338816362658c49d5722cef av-special-heading-h2 meta-heading blockquote modern-quote  avia-builder-el-8  el_after_av_one_half  el_before_av_textblock  av-inherit-size'><h2 class='av-special-heading-tag'  >Acerca de ArioseMusic<\/h2><div class=\"special-heading-border\"><div class=\"special-heading-inner-border\"><\/div><\/div><\/div>\n<section  class='av_textblock_section av-kih3f8yq-ab7413c0f0000c0c775f02d6341f4683'  ><div class='avia_textblock' ><h3>\u00bfEs usted una f\u00e1brica o una empresa comercial?<\/h3>\n<ul>\n<li>Operamos tanto f\u00e1bricas como una empresa comercial. Nuestra primera f\u00e1brica se especializa en la producci\u00f3n de guitarras, ukeleles y bong\u00f3s, mientras que nuestra segunda f\u00e1brica se centra en la fabricaci\u00f3n de violines y accesorios relacionados. Adem\u00e1s, nuestra empresa comercial ayuda a los clientes a obtener los productos que necesitan.<\/li>\n<\/ul>\n<p>ArioseMusic tiene como objetivo ser un proveedor profesional de instrumentos musicales. Durante m\u00e1s de 15 a\u00f1os, ArioseMusic ha proporcionado a sus clientes un servicio de compra integral y ha ampliado su participaci\u00f3n de mercado en todo el mundo. con la asociaci\u00f3n de largo plazo con m\u00e1s de 150 fabricantes de instrumentos musicales de instrumentos escolares, instrumentos de viento, bater\u00eda y percusi\u00f3n, instrumentos orff y varios accesorios de instrumentos musicales. Hoy en d\u00eda, ArioseMusic est\u00e1 exportando sus productos a m\u00e1s de 60 pa\u00edses y regiones de todo el mundo y ha atra\u00eddo a numerosos distribuidores extranjeros como sus clientes de largo plazo.<\/p>\n<ul>\n<li><strong>Empresa comercial VS Factory<\/strong><\/li>\n<\/ul>\n<p>Como cliente, probablemente prefiera trabajar directamente con las f\u00e1bricas para conseguir los precios m\u00e1s favorables. Sin embargo, las f\u00e1bricas suelen presentar desaf\u00edos: la comunicaci\u00f3n puede ser dif\u00edcil, las cantidades m\u00ednimas de pedido (MOQ) suelen ser grandes y la oferta de productos puede ser limitada.<\/p>\n<p>ArioseMusic cubre esta brecha mediante la operaci\u00f3n de dos f\u00e1bricas y una empresa comercial. Ofrecemos lo mejor de ambos mundos: precios de f\u00e1brica competitivos y la comodidad de una empresa comercial. Nuestro modelo nos permite obtener una amplia gama de instrumentos musicales y accesorios, lo que garantiza que pueda comprar todo lo que necesita de un solo proveedor. Esto no solo reduce los costos de compra y env\u00edo, sino que tambi\u00e9n simplifica el proceso de adquisici\u00f3n.<\/p>\n<p>Si te interesan las guitarras, en ArioseMusic contamos con nuestra propia f\u00e1brica de guitarras, capaz de satisfacer tus necesidades de guitarras personalizadas y pedidos al por mayor. \u00bfNecesitas violines u otros instrumentos? Podemos ofrecerte los mejores precios de f\u00e1brica. \u00bfBuscas accesorios como correas de guitarra, p\u00faas y cables? Tenemos lo que necesitas.<\/p>\n<p>En ArioseMusic, colaboramos con m\u00e1s de 150 f\u00e1bricas en China, lo que garantiza el acceso a productos de la mejor calidad a precios competitivos. No necesita preocuparse por obtener productos de varios proveedores. Ofrecemos cantidades m\u00ednimas de pedido peque\u00f1as, precios razonables y una amplia selecci\u00f3n de instrumentos musicales y accesorios para satisfacer las necesidades de todos nuestros clientes.<\/p>\n<h4><\/h4>\n<h4>\u00bfC\u00f3mo pedir un art\u00edculo que no se encuentra en el sitio web?<\/h4>\n<ul>\n<li>Aseg\u00farate de que tu art\u00edculo pertenezca a instrumentos musicales y accesorios.<\/li>\n<li>Confirmaremos si tenemos en stock, simplemente no se mostrar\u00e1 en el sitio web.<\/li>\n<li>Si lo tenemos, le ofreceremos la mejor cotizaci\u00f3n en el momento oportuno.<\/li>\n<li>Si no tenemos este art\u00edculo, lo haremos seg\u00fan su imagen para buscarlo por usted. puede cooperar con nosotros o cooperar con la f\u00e1brica de estos productos.<\/li>\n<\/ul>\n<h4>\u00bfCu\u00e1l es la gama de productos ArioseMusic?<\/h4>\n<p>Como proveedor profesional de instrumentos musicales, le ofrecemos una amplia variedad de productos que incluyen ukeleles, violines, guitarras, teclados, bater\u00edas y otros accesorios relacionados.<\/p>\n<h4>\u00bfQu\u00e9 servicios ofrece ArioseMusic?<\/h4>\n<ul>\n<li>Servicio OEM\/ODM<\/li>\n<li>Servicio de env\u00edo directo<\/li>\n<li>Servicio de compras de ventanilla \u00fanica<\/li>\n<\/ul>\n<div id=\"gtx-trans\" style=\"position: absolute; left: 256px; top: 1129.91px;\">\n<div class=\"gtx-trans-icon\"><\/div>\n<\/div>\n<\/div><\/section>\n\n<style type=\"text\/css\" data-created_by=\"avia_inline_auto\" id=\"style-css-av-8rbhm-0de23a570ece016029a7321618124b95\">\n#top .av-special-heading.av-8rbhm-0de23a570ece016029a7321618124b95{\npadding-bottom:30px;\nfont-size:26px;\n}\nbody .av-special-heading.av-8rbhm-0de23a570ece016029a7321618124b95 .av-special-heading-tag .heading-char{\nfont-size:25px;\n}\n#top #wrap_all .av-special-heading.av-8rbhm-0de23a570ece016029a7321618124b95 .av-special-heading-tag{\nfont-size:26px;\n}\n.av-special-heading.av-8rbhm-0de23a570ece016029a7321618124b95 .av-subheading{\nfont-size:15px;\n}\n\n@media only screen and (min-width: 480px) and (max-width: 767px){ \n#top #wrap_all .av-special-heading.av-8rbhm-0de23a570ece016029a7321618124b95 .av-special-heading-tag{\nfont-size:0.8em;\n}\n}\n\n@media only screen and (max-width: 479px){ \n#top #wrap_all .av-special-heading.av-8rbhm-0de23a570ece016029a7321618124b95 .av-special-heading-tag{\nfont-size:0.8em;\n}\n}\n<\/style>\n<div  class='av-special-heading av-8rbhm-0de23a570ece016029a7321618124b95 av-special-heading-h3 meta-heading blockquote modern-quote  avia-builder-el-10  el_after_av_textblock  el_before_av_one_full  av-inherit-size'><h3 class='av-special-heading-tag'  >Si tiene otras preguntas que no figuran en la lista anterior, \u00a1no dude en contactarnos en el formulario a continuaci\u00f3n!<\/h3><div class=\"special-heading-border\"><div class=\"special-heading-inner-border\"><\/div><\/div><\/div>\n<div  class='flex_column av-a91wi-b46d0bfd527a0047aa33f3706eb744b5 av_one_full  avia-builder-el-11  el_after_av_heading  avia-builder-el-last  first flex_column_div'     ><section  class='av_textblock_section av-li9kn3pu-33d3afedae9aad0deec966d2df2d0baf'  ><div class='avia_textblock' ><div class='fluentform ff-default fluentform_wrapper_3 ffs_default_wrap'><form data-form_id=\"3\" id=\"fluentform_3\" class=\"frm-fluent-form fluent_form_3 ff-el-form-top ff_form_instance_3_1 ff-form-loading ff_has_v3_recptcha ffs_default\" data-form_instance=\"ff_form_instance_3_1\" method=\"POST\" data-recptcha_key=\"6LdvPbYsAAAAAM2J1-0JpySnG6QnGqwHlTX7VjrZ\" action=\"\" ><fieldset  style=\"border: none!important;margin: 0!important;padding: 0!important;background-color: transparent!important;box-shadow: none!important;outline: none!important; min-inline-size: 100%;\">\n                    <legend class=\"ff_screen_reader_title\" style=\"display: block; margin: 0!important;padding: 0!important;height: 0!important;text-indent: -999999px;width: 0!important;overflow:hidden;\">Demostraci\u00f3n del formulario de contacto (#3)<\/legend><p style=\"display: none !important;\" class=\"akismet-fields-container\" data-prefix=\"ak_\"><label>&#916;<textarea name=\"ak_hp_textarea\" cols=\"45\" rows=\"8\" maxlength=\"100\"><\/textarea><\/label><input type=\"hidden\" id=\"ak_js_1\" name=\"ak_js\" value=\"118\"\/><script>document.getElementById( \"ak_js_1\" ).setAttribute( \"value\", ( new Date() ).getTime() );<\/script><\/p>        <div\n                style=\"display: none!important; position: absolute!important; transform: translateX(1000%)!important;\"\n                class=\"ff-el-group ff-hpsf-container\"\n        >\n            <div class=\"ff-el-input--label asterisk-right\">\n                <label for=\"ff_3_item_sf\" aria-label=\"Actualizaciones\">\n                    Actualizaciones                <\/label>\n            <\/div>\n            <div class=\"ff-el-input--content\">\n                <input type=\"text\"\n                       name=\"item_3__fluent_sf\"\n                       class=\"ff-el-form-control\"\n                       id=\"ff_3_item_sf\"\n                \/>\n            <\/div>\n        <\/div>\n                <input type=\"hidden\" id=\"__fluent_protection_token_3\" class=\"fluent-form-token-field\" name=\"__fluent_protection_token_3\">\n        <input type='hidden' name='__fluent_form_embded_post_id' value='530' \/><input type=\"hidden\" id=\"_fluentform_3_fluentformnonce\" name=\"_fluentform_3_fluentformnonce\" value=\"2c35f737e1\" \/><input type=\"hidden\" name=\"_wp_http_referer\" value=\"\/es\/wp-json\/wp\/v2\/pages\/530\" \/><div data-type=\"name-element\" data-name=\"names\" class=\"ff-field_container ff-name-field-wrapper\" ><div class='ff-t-container'><div class='ff-t-cell'><div class='ff-el-group  ff-el-form-hide_label'><div class=\"ff-el-input--label asterisk-right\"><label for='ff_3_names_first_name_' id='label_ff_3_names_first_name_' >nombre de empresa<\/label><\/div><div class='ff-el-input--content'><input type=\"text\" name=\"names[first_name]\" id=\"ff_3_names_first_name_\" class=\"ff-el-form-control\" placeholder=\"Nombre de empresa *\" aria-invalid=\"false\" aria-required=\"false\"><\/div><\/div><\/div><\/div><\/div><div class='ff-el-group ff-el-form-hide_label'><div class=\"ff-el-input--label ff-el-is-required asterisk-right\"><label for='ff_3_email' id='label_ff_3_email' aria-label=\"Correo electr\u00f3nico\">Correo electr\u00f3nico<\/label><\/div><div class='ff-el-input--content'><input type=\"email\" name=\"email\" id=\"ff_3_email\" class=\"ff-el-form-control\" placeholder=\"Correo electr\u00f3nico *\" data-name=\"email\"  aria-invalid=\"false\" aria-required=\"true\"><\/div><\/div><div class='ff-el-group ff-el-form-hide_label'><div class=\"ff-el-input--label ff-el-is-required asterisk-right\"><label for='ff_3_message' id='label_ff_3_message' aria-label=\"Tu mensaje\">Tu mensaje<\/label><\/div><div class='ff-el-input--content'><textarea aria-required=\"true\" aria-labelledby=\"label_ff_3_message\" name=\"message\" id=\"ff_3_message\" class=\"ff-el-form-control\" placeholder=\"Mensaje *\" rows=\"6\" cols=\"2\" data-name=\"message\" ><\/textarea><\/div><\/div><div class='ff-el-group ff-text-left ff_submit_btn_wrapper'><button type=\"submit\" class=\"ff-btn ff-btn-submit ff-btn-md ff_btn_style wpf_has_custom_css\"  aria-label=\"Enviar\">Enviar<\/button><\/div><\/fieldset><input type=\"hidden\" name=\"trp-form-language\" value=\"es\"\/><\/form><div id='fluentform_3_errors' class='ff-errors-in-stack ff_form_instance_3_1 ff-form-loading_errors ff_form_instance_3_1_errors'><\/div><\/div>            <script type=\"text\/javascript\">\n                window.fluent_form_ff_form_instance_3_1 = {\"id\":\"3\",\"settings\":{\"layout\":{\"labelPlacement\":\"top\",\"helpMessagePlacement\":\"with_label\",\"errorMessagePlacement\":\"inline\",\"cssClassName\":\"\",\"asteriskPlacement\":\"asterisk-right\"},\"restrictions\":{\"denyEmptySubmission\":{\"enabled\":false}}},\"form_instance\":\"ff_form_instance_3_1\",\"form_id_selector\":\"fluentform_3\",\"rules\":{\"names[first_name]\":{\"required\":{\"value\":false,\"message\":\"This field is required\"}},\"names[middle_name]\":{\"required\":{\"value\":false,\"message\":\"This field is required\"}},\"names[last_name]\":{\"required\":{\"value\":false,\"message\":\"This field is required\"}},\"email\":{\"required\":{\"value\":true,\"message\":\"This field is required\"},\"email\":{\"value\":true,\"message\":\"This field must contain a valid email\"}},\"message\":{\"required\":{\"value\":true,\"message\":\"This field is required\"}}},\"debounce_time\":300};\n                            <\/script>\n            \n<\/div><\/section><\/div><\/div><\/div><\/main><!-- close content main element --><\/div><\/div><div id='after_section_1'  class='main_color av_default_container_wrap container_wrap sidebar_right'  ><div class='container av-section-cont-open' ><div class='template-page content  av-content-small alpha units'><div class='post-entry post-entry-type-page post-entry-530'><div class='entry-content-wrapper clearfix'><section  class='av_textblock_section av-l2coq4y7-9768262045e6b2b065ff0ef5e5be7dc1'  ><div class='avia_textblock' ><p>Contacto directo: echo@ariosemusic.com \/ariosemusic08@gmail.com; Whatsapp\/Wechat: 86-18018389989<\/p>\n<\/div><\/section><\/p>","protected":false},"excerpt":{"rendered":"","protected":false},"author":1,"featured_media":0,"parent":0,"menu_order":0,"comment_status":"closed","ping_status":"closed","template":"","meta":{"_seopress_robots_primary_cat":"","_seopress_titles_title":"FAQ | ArioseMusic","_seopress_titles_desc":"You will know all information about our ArioseMusic, such as the orders process, shipping delivery, ranges of the production line.","_seopress_robots_index":"","footnotes":""},"class_list":["post-530","page","type-page","status-publish","hentry"],"_links":{"self":[{"href":"https:\/\/ariosemusic.com\/es\/wp-json\/wp\/v2\/pages\/530","targetHints":{"allow":["GET"]}}],"collection":[{"href":"https:\/\/ariosemusic.com\/es\/wp-json\/wp\/v2\/pages"}],"about":[{"href":"https:\/\/ariosemusic.com\/es\/wp-json\/wp\/v2\/types\/page"}],"author":[{"embeddable":true,"href":"https:\/\/ariosemusic.com\/es\/wp-json\/wp\/v2\/users\/1"}],"replies":[{"embeddable":true,"href":"https:\/\/ariosemusic.com\/es\/wp-json\/wp\/v2\/comments?post=530"}],"version-history":[{"count":0,"href":"https:\/\/ariosemusic.com\/es\/wp-json\/wp\/v2\/pages\/530\/revisions"}],"wp:attachment":[{"href":"https:\/\/ariosemusic.com\/es\/wp-json\/wp\/v2\/media?parent=530"}],"curies":[{"name":"Gracias","href":"https:\/\/api.w.org\/{rel}","templated":true}]}}