{"id":530,"date":"2024-05-25T13:53:03","date_gmt":"2024-05-25T13:53:03","guid":{"rendered":"http:\/\/wpoffice\/enfold-fitness\/?page_id=530"},"modified":"2024-06-18T02:28:31","modified_gmt":"2024-06-18T02:28:31","slug":"haufig-gestellte-fragen","status":"publish","type":"page","link":"https:\/\/ariosemusic.com\/de\/haufig-gestellte-fragen\/","title":{"rendered":"H\u00e4ufig gestellte Fragen"},"content":{"rendered":"<div id='av_section_1'  class='avia-section av-pq9be-f41b716bbd36b512f9df304dfef7f135 main_color avia-section-large avia-no-border-styling  avia-builder-el-0  el_before_av_textblock  avia-builder-el-first  avia-bg-style-scroll av-minimum-height av-minimum-height-100 av-height-100  container_wrap sidebar_right'   data-av_minimum_height_pc='100' data-av_min_height_opt='100'><div class='container av-section-cont-open' ><main  class='template-page content  av-content-small alpha units'><div class='post-entry post-entry-type-page post-entry-530'><div class='entry-content-wrapper clearfix'>\n\n<style type=\"text\/css\" data-created_by=\"avia_inline_auto\" id=\"style-css-av-xu84a-4e21ad14525c9ba8e69820a304b46706\">\n#top .av-special-heading.av-xu84a-4e21ad14525c9ba8e69820a304b46706{\npadding-bottom:30px;\nfont-size:70px;\n}\nbody .av-special-heading.av-xu84a-4e21ad14525c9ba8e69820a304b46706 .av-special-heading-tag .heading-char{\nfont-size:25px;\n}\n#top #wrap_all .av-special-heading.av-xu84a-4e21ad14525c9ba8e69820a304b46706 .av-special-heading-tag{\nfont-size:70px;\n}\n.av-special-heading.av-xu84a-4e21ad14525c9ba8e69820a304b46706 .av-subheading{\nfont-size:15px;\n}\n\n@media only screen and (min-width: 480px) and (max-width: 767px){ \n#top #wrap_all .av-special-heading.av-xu84a-4e21ad14525c9ba8e69820a304b46706 .av-special-heading-tag{\nfont-size:0.8em;\n}\n}\n\n@media only screen and (max-width: 479px){ \n#top #wrap_all .av-special-heading.av-xu84a-4e21ad14525c9ba8e69820a304b46706 .av-special-heading-tag{\nfont-size:0.8em;\n}\n}\n<\/style>\n<div  class='av-special-heading av-xu84a-4e21ad14525c9ba8e69820a304b46706 av-special-heading-h1 blockquote modern-quote  avia-builder-el-1  el_before_av_one_half  avia-builder-el-first  av-thin-font av-inherit-size'><h1 class='av-special-heading-tag'  >H\u00e4ufig gestellte Fragen<strong>.<\/strong><\/h1><div class=\"special-heading-border\"><div class=\"special-heading-inner-border\"><\/div><\/div><\/div>\n\n<style type=\"text\/css\" data-created_by=\"avia_inline_auto\" id=\"style-css-av-j8mtm-668257bcff217ce464b213fe3f75693e\">\n.flex_column.av-j8mtm-668257bcff217ce464b213fe3f75693e{\nborder-radius:0px 0px 0px 0px;\npadding:0px 0px 0px 0px;\n}\n<\/style>\n<div  class='flex_column av-j8mtm-668257bcff217ce464b213fe3f75693e av_one_half  avia-builder-el-2  el_after_av_heading  el_before_av_one_half  first flex_column_div av-zero-column-padding'     ><p>\n<style type=\"text\/css\" data-created_by=\"avia_inline_auto\" id=\"style-css-av-sohe2-5910191d2f5e7a626d34c23d6d34b20a\">\n#top .av-special-heading.av-sohe2-5910191d2f5e7a626d34c23d6d34b20a{\npadding-bottom:30px;\nfont-size:50px;\n}\nbody .av-special-heading.av-sohe2-5910191d2f5e7a626d34c23d6d34b20a .av-special-heading-tag .heading-char{\nfont-size:25px;\n}\n#top #wrap_all .av-special-heading.av-sohe2-5910191d2f5e7a626d34c23d6d34b20a .av-special-heading-tag{\nfont-size:50px;\n}\n.av-special-heading.av-sohe2-5910191d2f5e7a626d34c23d6d34b20a .av-subheading{\nfont-size:15px;\n}\n\n@media only screen and (min-width: 480px) and (max-width: 767px){ \n#top #wrap_all .av-special-heading.av-sohe2-5910191d2f5e7a626d34c23d6d34b20a .av-special-heading-tag{\nfont-size:0.8em;\n}\n}\n\n@media only screen and (max-width: 479px){ \n#top #wrap_all .av-special-heading.av-sohe2-5910191d2f5e7a626d34c23d6d34b20a .av-special-heading-tag{\nfont-size:0.8em;\n}\n}\n<\/style>\n<div  class='av-special-heading av-sohe2-5910191d2f5e7a626d34c23d6d34b20a av-special-heading-h2 meta-heading blockquote modern-quote  avia-builder-el-3  el_before_av_textblock  avia-builder-el-first  av-inherit-size'><h2 class='av-special-heading-tag'  >Bestellungen<\/h2><div class=\"special-heading-border\"><div class=\"special-heading-inner-border\"><\/div><\/div><\/div><br \/>\n<section  class='av_textblock_section av-kifnl32u-808ad92c0024d76bd00b482f32f5bf3a'  ><div class='avia_textblock' ><h3>K\u00f6nnen Sie kleine Bestellmengen annehmen?<\/h3>\n<p>ArioseMusic bietet eine Vielzahl von Musikinstrumenten und Zubeh\u00f6r an. Sie k\u00f6nnen gemischte Artikel bestellen. Unsere Mindestbestellmenge betr\u00e4gt einen Karton.<\/p>\n<h3>Wie kann ich eine Bestellung f\u00fcr Sie aufgeben?<\/h3>\n<p>Sie k\u00f6nnen uns eine Anfrage f\u00fcr die Artikel senden, an denen Sie interessiert sind. Wir werden Ihnen dann entsprechend der Menge den besten Preis anbieten und Ihnen die Versandart zu Ihrer Information vorschlagen. Nach Ihrer Best\u00e4tigung werden wir mit dem n\u00e4chsten Schritt fortfahren.<\/p>\n<h3>Welche Zahlungsbedingungen und Zahlungsarten bieten Sie an?<\/h3>\n<p>Zahlungsbedingungen:<\/p>\n<ul>\n<li>100% Vorauszahlung f\u00fcr Kunden mit Probebestellung vor Versand<\/li>\n<li>30% Vorauszahlung f\u00fcr alte Kunden, 70% zahlt vor dem Versand<\/li>\n<li>Akkreditiv bei Sicht<\/li>\n<\/ul>\n<p>Zahlungsm\u00f6glichkeiten:<\/p>\n<ul>\n<li>Alipay f\u00fcr Neukunden<\/li>\n<li>T\/T auf unser Firmenkonto<\/li>\n<li>Western Union<\/li>\n<li>Paypal<\/li>\n<\/ul>\n<h3>Wie kann ich meine Bestellung verfolgen?<\/h3>\n<p>Wir werden Ihnen detaillierte Informationen zu Ihren Bestellungen zukommen lassen und Sie \u00fcber jeden Schritt auf dem Laufenden halten, bis die Ware eintrifft. Wenn Sie sich f\u00fcr den Versand per Luftfracht oder Express entscheiden, teilen wir Ihnen die Sendungsnummer mit. Wenn Ihre Waren auf dem Seeweg versendet werden, teilen wir Ihnen das Versanddatum, den Status auf dem Seeweg und die Ankunftszeit mit.<\/p>\n<\/div><\/section><\/p><\/div>\n<style type=\"text\/css\" data-created_by=\"avia_inline_auto\" id=\"style-css-av-ghix6-ddfc88f49a59eaa525ec5bf1645da0c5\">\n.flex_column.av-ghix6-ddfc88f49a59eaa525ec5bf1645da0c5{\nborder-radius:0px 0px 0px 0px;\npadding:0px 0px 0px 0px;\n}\n<\/style>\n<div  class='flex_column av-ghix6-ddfc88f49a59eaa525ec5bf1645da0c5 av_one_half  avia-builder-el-5  el_after_av_one_half  el_before_av_heading  flex_column_div av-zero-column-padding'     ><p>\n<style type=\"text\/css\" data-created_by=\"avia_inline_auto\" id=\"style-css-av-lnb6y-1dae7c8a79213f0926661e1ce5dd0701\">\n#top .av-special-heading.av-lnb6y-1dae7c8a79213f0926661e1ce5dd0701{\npadding-bottom:30px;\nfont-size:50px;\n}\nbody .av-special-heading.av-lnb6y-1dae7c8a79213f0926661e1ce5dd0701 .av-special-heading-tag .heading-char{\nfont-size:25px;\n}\n#top #wrap_all .av-special-heading.av-lnb6y-1dae7c8a79213f0926661e1ce5dd0701 .av-special-heading-tag{\nfont-size:50px;\n}\n.av-special-heading.av-lnb6y-1dae7c8a79213f0926661e1ce5dd0701 .av-subheading{\nfont-size:15px;\n}\n\n@media only screen and (min-width: 480px) and (max-width: 767px){ \n#top #wrap_all .av-special-heading.av-lnb6y-1dae7c8a79213f0926661e1ce5dd0701 .av-special-heading-tag{\nfont-size:0.8em;\n}\n}\n\n@media only screen and (max-width: 479px){ \n#top #wrap_all .av-special-heading.av-lnb6y-1dae7c8a79213f0926661e1ce5dd0701 .av-special-heading-tag{\nfont-size:0.8em;\n}\n}\n<\/style>\n<div  class='av-special-heading av-lnb6y-1dae7c8a79213f0926661e1ce5dd0701 av-special-heading-h2 meta-heading blockquote modern-quote  avia-builder-el-6  el_before_av_textblock  avia-builder-el-first  av-inherit-size'><h2 class='av-special-heading-tag'  >Versand <span class='special_amp'>und<\/span> Lieferung <\/h2><div class=\"special-heading-border\"><div class=\"special-heading-inner-border\"><\/div><\/div><\/div><br \/>\n<section  class='av_textblock_section av-kifnl32u-1-3347e1323ce4fa933ca6212de4cfc084'  ><div class='avia_textblock' ><h4>Wie lange dauert die Lieferung meiner Bestellung?<\/h4>\n<ul>\n<li>Per Seefracht: Die weltweite Lieferung dauert 15 bis 30 Tage. Genauere Angaben h\u00e4ngen von Ihrem Land ab. In die USA beispielsweise dauert es 15 Tage, bis die Ware am Zielort ankommt, nach Europa dauert es 20-25 Tage.<\/li>\n<li>Per Luftfracht: Die Lieferzeit betr\u00e4gt 3 bis 7 Tage<\/li>\n<\/ul>\n<h4>Bieten Sie uns vor der Bestellung ein Muster zur Pr\u00fcfung der Qualit\u00e4t an?<\/h4>\n<p>Ja, wir k\u00f6nnen Ihnen ein Muster zur Pr\u00fcfung der Qualit\u00e4t anbieten. Bei Musikzubeh\u00f6r k\u00f6nnen wir Ihnen ein kostenloses Muster anbieten, Sie zahlen lediglich die Frachtkosten. Wenn Sie eine Gitarre, eine Ukulele oder eine Violine ben\u00f6tigen, erstatten wir Ihnen die Mustergeb\u00fchr, w\u00e4hrend Sie eine Bestellung aufgeben.<\/p>\n<h4>Welche Versandoptionen stehen zur Verf\u00fcgung?<\/h4>\n<ul>\n<li>Kleine Mengen, wir bieten Expressversand an<\/li>\n<li>Mittlere Mengen, wir bieten Luftfracht an<\/li>\n<li>Gro\u00dfe Menge, wir bieten Seetransport an<\/li>\n<\/ul>\n<h4><span data-spm-anchor-id=\"a2700.details.pronpeci14.i0.71141d99fp2FxT\">Wie sind Ihre Lieferbedingungen f\u00fcr die Bestellungen?<\/span><\/h4>\n<ul>\n<li>Kleine Menge: EXW, DDP<\/li>\n<li>Gro\u00dfe Menge: FOB oder CIF<\/li>\n<\/ul>\n<h4>Wie lange gilt die Qualit\u00e4tsgarantie<strong><span data-spm-anchor-id=\"a2700.details.pronpeci14.i0.6f007996uB12AN\">?<\/span><\/strong><\/h4>\n<ul>\n<li>Musikinstrumente: ein Jahr Garantie<\/li>\n<li>Musikinstrumentenzubeh\u00f6r: ein Jahr oder ein halbes Jahr<\/li>\n<\/ul>\n<h4>K\u00f6nnen Sie uns die Versandkosten mitteilen, damit wir die Gesch\u00e4ftskosten berechnen k\u00f6nnen?<\/h4>\n<ul>\n<li>Teilen Sie uns die Menge Ihres bestellten Artikels mit<\/li>\n<li>Wir schlagen Ihnen entsprechend Ihrer Menge eine Versandart vor.<\/li>\n<li>Wir werden Ihnen 2 oder 3 Wege Frachtkosten f\u00fcr Ihre Wahl anbieten<\/li>\n<\/ul>\n<\/div><\/section><\/p><\/div>\n<style type=\"text\/css\" data-created_by=\"avia_inline_auto\" id=\"style-css-av-ckope-93059bac2338816362658c49d5722cef\">\n#top .av-special-heading.av-ckope-93059bac2338816362658c49d5722cef{\npadding-bottom:30px;\nfont-size:50px;\n}\nbody .av-special-heading.av-ckope-93059bac2338816362658c49d5722cef .av-special-heading-tag .heading-char{\nfont-size:25px;\n}\n#top #wrap_all .av-special-heading.av-ckope-93059bac2338816362658c49d5722cef .av-special-heading-tag{\nfont-size:50px;\n}\n.av-special-heading.av-ckope-93059bac2338816362658c49d5722cef .av-subheading{\nfont-size:15px;\n}\n\n@media only screen and (min-width: 480px) and (max-width: 767px){ \n#top #wrap_all .av-special-heading.av-ckope-93059bac2338816362658c49d5722cef .av-special-heading-tag{\nfont-size:0.8em;\n}\n}\n\n@media only screen and (max-width: 479px){ \n#top #wrap_all .av-special-heading.av-ckope-93059bac2338816362658c49d5722cef .av-special-heading-tag{\nfont-size:0.8em;\n}\n}\n<\/style>\n<div  class='av-special-heading av-ckope-93059bac2338816362658c49d5722cef av-special-heading-h2 meta-heading blockquote modern-quote  avia-builder-el-8  el_after_av_one_half  el_before_av_textblock  av-inherit-size'><h2 class='av-special-heading-tag'  >\u00dcber ArioseMusic<\/h2><div class=\"special-heading-border\"><div class=\"special-heading-inner-border\"><\/div><\/div><\/div>\n<section  class='av_textblock_section av-kih3f8yq-ab7413c0f0000c0c775f02d6341f4683'  ><div class='avia_textblock' ><h3>Sind Sie eine Fabrik oder ein Handelsunternehmen?<\/h3>\n<ul>\n<li>Wir betreiben sowohl Fabriken als auch ein Handelsunternehmen. Unsere erste Fabrik ist auf die Herstellung von Gitarren, Ukulelen und Bongos spezialisiert, w\u00e4hrend sich unsere zweite Fabrik auf die Herstellung von Geigen und entsprechendem Zubeh\u00f6r konzentriert. Dar\u00fcber hinaus unterst\u00fctzt unser Handelsunternehmen Kunden bei der Beschaffung der ben\u00f6tigten Waren.<\/li>\n<\/ul>\n<p>ArioseMusic hat sich zum Ziel gesetzt, ein professioneller Lieferant von Musikinstrumenten zu sein. Seit mehr als 15 Jahren bietet ArioseMusic seinen Kunden einen One-Stop-Einkaufsservice und hat seinen Marktanteil weltweit ausgebaut. Durch die langj\u00e4hrige Partnerschaft mit \u00fcber 150 Herstellern von Musikinstrumenten, von Schulinstrumenten, Blasinstrumenten, Trommeln und Perkussion, Orff-Instrumenten bis hin zu diversem Musikinstrumentenzubeh\u00f6r, exportiert ArioseMusic seine Produkte heute in mehr als 60 L\u00e4nder und Regionen rund um den Globus und konnte zahlreiche ausl\u00e4ndische H\u00e4ndler zu seinen langj\u00e4hrigen Kunden z\u00e4hlen.<\/p>\n<ul>\n<li><strong>Handelsunternehmen VS Fabrik<\/strong><\/li>\n<\/ul>\n<p>Als Kunde arbeiten Sie wahrscheinlich lieber direkt mit Fabriken zusammen, um die g\u00fcnstigsten Preise zu erzielen. Allerdings sind mit Fabriken oft Herausforderungen verbunden: Die Kommunikation kann schwierig sein, die Mindestbestellmengen (MOQs) sind in der Regel hoch und das Produktangebot kann begrenzt sein.<\/p>\n<p>ArioseMusic schlie\u00dft diese L\u00fccke, indem wir zwei Fabriken und ein Handelsunternehmen betreiben. Wir bieten das Beste aus beiden Welten \u2013 wettbewerbsf\u00e4hige Fabrikpreise und den Komfort eines Handelsunternehmens. Unser Modell erm\u00f6glicht es uns, eine breite Palette an Musikinstrumenten und Zubeh\u00f6r zu beschaffen, sodass Sie alles, was Sie ben\u00f6tigen, von einem einzigen Lieferanten kaufen k\u00f6nnen. Dies reduziert nicht nur die Einkaufs- und Versandkosten, sondern vereinfacht auch den Beschaffungsprozess.<\/p>\n<p>Wenn Sie sich f\u00fcr Gitarren interessieren, haben wir bei ArioseMusic unsere eigene Gitarrenfabrik, die Ihren Anforderungen an Sonderanfertigungen und Gro\u00dfbestellungen gerecht wird. Sie brauchen Geigen oder andere Instrumente? Wir bieten Ihnen die besten Fabrikpreise. Sie suchen Zubeh\u00f6r wie Gitarrengurte, Plektren und Kabel? Wir sind f\u00fcr Sie da.<\/p>\n<p>Bei ArioseMusic arbeiten wir mit \u00fcber 150 Fabriken in ganz China zusammen und stellen so den Zugang zu Produkten bester Qualit\u00e4t zu wettbewerbsf\u00e4higen Preisen sicher. Sie m\u00fcssen sich keine Gedanken \u00fcber die Beschaffung bei mehreren Lieferanten machen. Wir bieten kleine Mindestbestellmengen, angemessene Preise und eine umfassende Auswahl an Musikinstrumenten und Zubeh\u00f6r, um die Bed\u00fcrfnisse aller unserer Kunden zu erf\u00fcllen.<\/p>\n<h4><\/h4>\n<h4>Wie bestelle ich einen Artikel, der nicht auf der Website zu finden ist?<\/h4>\n<ul>\n<li>Stellen Sie sicher, dass Ihr Artikel zu Musikinstrumenten und Zubeh\u00f6r geh\u00f6rt<\/li>\n<li>Wir werden best\u00e4tigen, ob der Artikel auf Lager ist, aber nicht auf der Website angezeigt wird.<\/li>\n<li>Wenn ja, unterbreiten wir Ihnen zeitnah das beste Angebot.<\/li>\n<li>Wenn wir diesen Artikel nicht haben, werden wir ihn gem\u00e4\u00df Ihrem Bild f\u00fcr Sie beschaffen. Sie k\u00f6nnen mit uns oder mit der Fabrik dieser Waren zusammenarbeiten.<\/li>\n<\/ul>\n<h4>Was ist die Produktpalette von ArioseMusic?<\/h4>\n<p>Als professioneller Lieferant von Musikinstrumenten bieten wir Ihnen eine gro\u00dfe Produktpalette, darunter Ukulelen, Violinen, Gitarren, Keyboards, Schlagzeuge und anderes entsprechendes Zubeh\u00f6r.<\/p>\n<h4>Welche Dienste bietet ArioseMusic an?<\/h4>\n<ul>\n<li>OEM\/ODM-Dienst<\/li>\n<li>Dropshipping-Dienst<\/li>\n<li>Einkaufsservice aus einer Hand<\/li>\n<\/ul>\n<div id=\"gtx-trans\" style=\"position: absolute; left: 256px; top: 1129.91px;\">\n<div class=\"gtx-trans-icon\"><\/div>\n<\/div>\n<\/div><\/section>\n\n<style type=\"text\/css\" data-created_by=\"avia_inline_auto\" id=\"style-css-av-8rbhm-0de23a570ece016029a7321618124b95\">\n#top .av-special-heading.av-8rbhm-0de23a570ece016029a7321618124b95{\npadding-bottom:30px;\nfont-size:26px;\n}\nbody .av-special-heading.av-8rbhm-0de23a570ece016029a7321618124b95 .av-special-heading-tag .heading-char{\nfont-size:25px;\n}\n#top #wrap_all .av-special-heading.av-8rbhm-0de23a570ece016029a7321618124b95 .av-special-heading-tag{\nfont-size:26px;\n}\n.av-special-heading.av-8rbhm-0de23a570ece016029a7321618124b95 .av-subheading{\nfont-size:15px;\n}\n\n@media only screen and (min-width: 480px) and (max-width: 767px){ \n#top #wrap_all .av-special-heading.av-8rbhm-0de23a570ece016029a7321618124b95 .av-special-heading-tag{\nfont-size:0.8em;\n}\n}\n\n@media only screen and (max-width: 479px){ \n#top #wrap_all .av-special-heading.av-8rbhm-0de23a570ece016029a7321618124b95 .av-special-heading-tag{\nfont-size:0.8em;\n}\n}\n<\/style>\n<div  class='av-special-heading av-8rbhm-0de23a570ece016029a7321618124b95 av-special-heading-h3 meta-heading blockquote modern-quote  avia-builder-el-10  el_after_av_textblock  el_before_av_one_full  av-inherit-size'><h3 class='av-special-heading-tag'  >Wenn Sie weitere Fragen haben, die oben nicht aufgef\u00fchrt sind, k\u00f6nnen Sie uns gerne \u00fcber das untenstehende Formular kontaktieren!<\/h3><div class=\"special-heading-border\"><div class=\"special-heading-inner-border\"><\/div><\/div><\/div>\n<div  class='flex_column av-a91wi-b46d0bfd527a0047aa33f3706eb744b5 av_one_full  avia-builder-el-11  el_after_av_heading  avia-builder-el-last  first flex_column_div'     ><section  class='av_textblock_section av-li9kn3pu-33d3afedae9aad0deec966d2df2d0baf'  ><div class='avia_textblock' ><div class='fluentform ff-default fluentform_wrapper_3 ffs_default_wrap'><form data-form_id=\"3\" id=\"fluentform_3\" class=\"frm-fluent-form fluent_form_3 ff-el-form-top ff_form_instance_3_1 ff-form-loading ffs_default\" data-form_instance=\"ff_form_instance_3_1\" method=\"POST\" action=\"\" ><fieldset  style=\"border: none!important;margin: 0!important;padding: 0!important;background-color: transparent!important;box-shadow: none!important;outline: none!important; min-inline-size: 100%;\">\n                    <legend class=\"ff_screen_reader_title\" style=\"display: block; margin: 0!important;padding: 0!important;height: 0!important;text-indent: -999999px;width: 0!important;overflow:hidden;\">Demo zum Kontaktformular (#3)<\/legend><p style=\"display: none !important;\" class=\"akismet-fields-container\" data-prefix=\"ak_\"><label>&#916;<textarea name=\"ak_hp_textarea\" cols=\"45\" rows=\"8\" maxlength=\"100\"><\/textarea><\/label><input type=\"hidden\" id=\"ak_js_1\" name=\"ak_js\" value=\"205\"\/><script>document.getElementById( \"ak_js_1\" ).setAttribute( \"value\", ( new Date() ).getTime() );<\/script><\/p><input type='hidden' name='__fluent_form_embded_post_id' value='530' \/><input type=\"hidden\" id=\"_fluentform_3_fluentformnonce\" name=\"_fluentform_3_fluentformnonce\" value=\"2c35f737e1\" \/><input type=\"hidden\" name=\"_wp_http_referer\" value=\"\/de\/wp-json\/wp\/v2\/pages\/530\" \/><div data-type=\"name-element\" data-name=\"names\" class=\"ff-field_container ff-name-field-wrapper\" ><div class='ff-t-container'><div class='ff-t-cell'><div class='ff-el-group  ff-el-form-hide_label'><div class=\"ff-el-input--label asterisk-right\"><label for='ff_3_names_first_name_' id='label_ff_3_names_first_name_' >Name der Firma<\/label><\/div><div class='ff-el-input--content'><input type=\"text\" name=\"names[first_name]\" id=\"ff_3_names_first_name_\" class=\"ff-el-form-control\" placeholder=\"Name der Firma *\" aria-invalid=\"false\" aria-required=\"false\"><\/div><\/div><\/div><\/div><\/div><div class='ff-el-group ff-el-form-hide_label'><div class=\"ff-el-input--label ff-el-is-required asterisk-right\"><label for='ff_3_email' id='label_ff_3_email' aria-label=\"E-Mail\">E-Mail<\/label><\/div><div class='ff-el-input--content'><input type=\"email\" name=\"email\" id=\"ff_3_email\" class=\"ff-el-form-control\" placeholder=\"E-Mail *\" data-name=\"email\"  aria-invalid=\"false\" aria-required=\"true\"><\/div><\/div><div class='ff-el-group ff-el-form-hide_label'><div class=\"ff-el-input--label ff-el-is-required asterisk-right\"><label for='ff_3_message' id='label_ff_3_message' aria-label=\"Ihre Nachricht\">Ihre Nachricht<\/label><\/div><div class='ff-el-input--content'><textarea aria-required=\"true\" aria-labelledby=\"label_ff_3_message\" name=\"message\" id=\"ff_3_message\" class=\"ff-el-form-control\" placeholder=\"Nachricht *\" rows=\"6\" cols=\"2\" data-name=\"message\" ><\/textarea><\/div><\/div><div class='ff-el-group ff-text-left ff_submit_btn_wrapper'><button type=\"submit\" class=\"ff-btn ff-btn-submit ff-btn-md ff_btn_style wpf_has_custom_css\"  aria-label=\"Schicken\">Schicken<\/button><\/div><\/fieldset><input type=\"hidden\" name=\"trp-form-language\" value=\"de\"\/><\/form><div id='fluentform_3_errors' class='ff-errors-in-stack ff_form_instance_3_1 ff-form-loading_errors ff_form_instance_3_1_errors'><\/div><\/div>            <script type=\"text\/javascript\">\n                window.fluent_form_ff_form_instance_3_1 = {\"id\":\"3\",\"settings\":{\"layout\":{\"labelPlacement\":\"top\",\"helpMessagePlacement\":\"with_label\",\"errorMessagePlacement\":\"inline\",\"cssClassName\":\"\",\"asteriskPlacement\":\"asterisk-right\"},\"restrictions\":{\"denyEmptySubmission\":{\"enabled\":false}}},\"form_instance\":\"ff_form_instance_3_1\",\"form_id_selector\":\"fluentform_3\",\"rules\":{\"names[first_name]\":{\"required\":{\"value\":false,\"message\":\"This field is required\"}},\"names[middle_name]\":{\"required\":{\"value\":false,\"message\":\"This field is required\"}},\"names[last_name]\":{\"required\":{\"value\":false,\"message\":\"This field is required\"}},\"email\":{\"required\":{\"value\":true,\"message\":\"This field is required\"},\"email\":{\"value\":true,\"message\":\"This field must contain a valid email\"}},\"message\":{\"required\":{\"value\":true,\"message\":\"This field is required\"}}},\"debounce_time\":300};\n                            <\/script>\n            \n<\/div><\/section><\/div><\/div><\/div><\/main><!-- close content main element --><\/div><\/div><div id='after_section_1'  class='main_color av_default_container_wrap container_wrap sidebar_right'  ><div class='container av-section-cont-open' ><div class='template-page content  av-content-small alpha units'><div class='post-entry post-entry-type-page post-entry-530'><div class='entry-content-wrapper clearfix'><section  class='av_textblock_section av-l2coq4y7-9768262045e6b2b065ff0ef5e5be7dc1'  ><div class='avia_textblock' ><p>Direkter Kontakt:echo@ariosemusic.com \/ariosemusic08@gmail.com; WhatsApp\/Wechat:86-18018389989<\/p>\n<\/div><\/section><\/p>","protected":false},"excerpt":{"rendered":"","protected":false},"author":1,"featured_media":0,"parent":0,"menu_order":0,"comment_status":"closed","ping_status":"closed","template":"","meta":{"_seopress_robots_primary_cat":"","_seopress_titles_title":"FAQ | ArioseMusic","_seopress_titles_desc":"You will know all information about our ArioseMusic, such as the orders process, shipping delivery, ranges of the production line.","_seopress_robots_index":"","footnotes":""},"class_list":["post-530","page","type-page","status-publish","hentry"],"_links":{"self":[{"href":"https:\/\/ariosemusic.com\/de\/wp-json\/wp\/v2\/pages\/530","targetHints":{"allow":["GET"]}}],"collection":[{"href":"https:\/\/ariosemusic.com\/de\/wp-json\/wp\/v2\/pages"}],"about":[{"href":"https:\/\/ariosemusic.com\/de\/wp-json\/wp\/v2\/types\/page"}],"author":[{"embeddable":true,"href":"https:\/\/ariosemusic.com\/de\/wp-json\/wp\/v2\/users\/1"}],"replies":[{"embeddable":true,"href":"https:\/\/ariosemusic.com\/de\/wp-json\/wp\/v2\/comments?post=530"}],"version-history":[{"count":0,"href":"https:\/\/ariosemusic.com\/de\/wp-json\/wp\/v2\/pages\/530\/revisions"}],"wp:attachment":[{"href":"https:\/\/ariosemusic.com\/de\/wp-json\/wp\/v2\/media?parent=530"}],"curies":[{"name":"wp","href":"https:\/\/api.w.org\/{rel}","templated":true}]}}