{"id":36844,"date":"2024-05-25T05:37:57","date_gmt":"2024-05-25T05:37:57","guid":{"rendered":"https:\/\/ariosemusic.com\/?page_id=36844"},"modified":"2025-01-06T07:55:03","modified_gmt":"2025-01-06T07:55:03","slug":"tamburine-musikinstrument","status":"publish","type":"page","link":"https:\/\/ariosemusic.com\/de\/musikinstrumente-fur-kinder-2\/tamburine-musikinstrument\/","title":{"rendered":"Tamburine Musikinstrument"},"content":{"rendered":"<style type=\"text\/css\" data-created_by=\"avia_inline_auto\" id=\"style-css-av-l72wy4d3-2304debc8e3c7f8a6e8bf2d66e63cbf0\">\n#top .av-special-heading.av-l72wy4d3-2304debc8e3c7f8a6e8bf2d66e63cbf0{\npadding-bottom:10px;\n}\nbody .av-special-heading.av-l72wy4d3-2304debc8e3c7f8a6e8bf2d66e63cbf0 .av-special-heading-tag .heading-char{\nfont-size:25px;\n}\n.av-special-heading.av-l72wy4d3-2304debc8e3c7f8a6e8bf2d66e63cbf0 .av-subheading{\nfont-size:15px;\n}\n<\/style>\n<div  class='av-special-heading av-l72wy4d3-2304debc8e3c7f8a6e8bf2d66e63cbf0 av-special-heading-h1 blockquote modern-quote modern-centered  avia-builder-el-0  el_before_av_one_third  avia-builder-el-first'><h1 class='av-special-heading-tag'  >Globaler Marken-OEM-Dienstleister<\/h1><div class=\"special-heading-border\"><div class=\"special-heading-inner-border\"><\/div><\/div><\/div>\n<div  class='flex_column av-16rpvyk-5c0f8daa34adde2e620e0322921270b4 av_one_third  avia-builder-el-1  el_after_av_heading  el_before_av_two_third  first flex_column_div'     ><section  class='av_textblock_section av-l72wmeig-a85adf40af9227916801d8258174c816'  ><div class='avia_textblock' ><h3 data-spm-anchor-id=\"a2700.details.0.i27.14531fd47vucVi\">Tamburine Musikinstrument<\/h3>\n<ul>\n<li>\n<p data-spm-anchor-id=\"a2700.details.0.i27.14531fd47vucVi\">Spielzeug Handgehaltene Ozeantrommel Zum Verkauf Lernspielzeug f\u00fcr Kinder<\/p>\n<\/li>\n<li><span class=\"attr-name J-attr-name\" title=\"Stil\" data-spm-anchor-id=\"a2700.details.0.i34.14531fd47vucVi\">Stil: <\/span>ozean trommel musik instrument<\/li>\n<li><span class=\"attr-name J-attr-name\" title=\"Gr\u00f6\u00dfe\" data-spm-anchor-id=\"a2700.details.0.i35.14531fd47vucVi\">Gr\u00f6\u00dfe:<\/span>20*3,5 cm \/25*3,5 cm oder individuell<\/li>\n<li><span class=\"attr-name J-attr-name\" title=\"Farbe\" data-spm-anchor-id=\"a2700.details.0.i36.14531fd47vucVi\">Farbe: C<\/span>Bunt oder individuell<\/li>\n<li><span class=\"attr-name J-attr-name\" title=\"OEM\" data-spm-anchor-id=\"a2700.details.0.i37.14531fd47vucVi\">Soem: <\/span>JA; wir begr\u00fc\u00dfen Ihr eigenes Design<\/li>\n<li><span class=\"attr-name J-attr-name\" title=\"Trommelkammermaterial\" data-spm-anchor-id=\"a2700.details.0.i39.14531fd47vucVi\">Trommelkammermaterial: W<\/span>gut<\/li>\n<li><span class=\"attr-name J-attr-name\" title=\"Verpackungsmaterial\" data-spm-anchor-id=\"a2700.details.0.i41.14531fd47vucVi\">Verpackungsmaterial: <\/span>OPP-Beutel, Farbbox, wei\u00dfe Box, Blisterkarte, Fensterbox<\/li>\n<li><span class=\"attr-name J-attr-name\" title=\"Logo\" data-spm-anchor-id=\"a2700.details.0.i42.14531fd47vucVi\">Logo: <\/span>Wir akzeptieren das Logo des Kunden<\/li>\n<li><span class=\"attr-name J-attr-name\" title=\"Produktionszeit\" data-spm-anchor-id=\"a2700.details.0.i43.14531fd47vucVi\">Produktionszeit:<\/span>7-25 Tage f\u00fcr Ozeantrommel<\/li>\n<\/ul>\n<\/div><\/section><\/div>\n<div  class='flex_column av-wl5ass-b04e77c0a9fbc3cce8e0896d31328878 av_two_third  avia-builder-el-3  el_after_av_one_third  el_before_av_one_half  flex_column_div'     ><style type=\"text\/css\" data-created_by=\"avia_inline_auto\" id=\"style-css-av-l72wh0vd-41a2d3ca8e9d600f0249757b17e45e11\">\n.avia-image-container.av-l72wh0vd-41a2d3ca8e9d600f0249757b17e45e11 img.avia_image{\nbox-shadow:none;\n}\n.avia-image-container.av-l72wh0vd-41a2d3ca8e9d600f0249757b17e45e11 .av-image-caption-overlay-center{\ncolor:#ffffff;\n}\n<\/style>\n<div  class='avia-image-container av-l72wh0vd-41a2d3ca8e9d600f0249757b17e45e11 av-styling- avia-align-center  avia-builder-el-4  avia-builder-el-no-sibling'  ><div class=\"avia-image-container-inner\"><div class=\"avia-image-overlay-wrap\"><img fetchpriority=\"high\" decoding=\"async\" class='wp-image-36847 avia-img-lazy-loading-not-36847 avia_image' src=\"https:\/\/ariosemusic.com\/wp-content\/uploads\/2022\/08\/oem-600x1030.jpg\" alt='OEM Tamburine' title='OEM Tamburine' height=\"1030\" width=\"600\"  srcset=\"https:\/\/ariosemusic.com\/wp-content\/uploads\/2022\/08\/oem-600x1030.jpg 600w, https:\/\/ariosemusic.com\/wp-content\/uploads\/2022\/08\/oem-175x300.jpg 175w, https:\/\/ariosemusic.com\/wp-content\/uploads\/2022\/08\/oem-768x1319.jpg 768w, https:\/\/ariosemusic.com\/wp-content\/uploads\/2022\/08\/oem-895x1536.jpg 895w, https:\/\/ariosemusic.com\/wp-content\/uploads\/2022\/08\/oem-7x12.jpg 7w, https:\/\/ariosemusic.com\/wp-content\/uploads\/2022\/08\/oem-874x1500.jpg 874w, https:\/\/ariosemusic.com\/wp-content\/uploads\/2022\/08\/oem-411x705.jpg 411w, https:\/\/ariosemusic.com\/wp-content\/uploads\/2022\/08\/oem.jpg 1000w\" sizes=\"(max-width: 600px) 100vw, 600px\" \/><\/div><\/div><\/div><\/div>\n<div  class='flex_column av-2kx4qrw-aaf5977c1b8bbd167b7c18c4bfb3de63 av_one_half  avia-builder-el-5  el_after_av_two_third  el_before_av_one_half  first flex_column_div  column-top-margin'     ><style type=\"text\/css\" data-created_by=\"avia_inline_auto\" id=\"style-css-av-l72wrqh0-d1e7008ab78031eb7baa380620438673\">\n#top .avia-gallery.av-l72wrqh0-d1e7008ab78031eb7baa380620438673 .avia-gallery-thumb a{\nwidth:25%;\n}\n<\/style>\n<div  class='avia-gallery av-l72wrqh0-d1e7008ab78031eb7baa380620438673 avia_animate_when_visible  avia-builder-el-6  avia-builder-el-no-sibling  avia_lazyload av-slideshow-ui av-loop-manual-endless av-control-hidden av-navigate-arrows av-navigate-dots hover-effect av-control-hidden avia-gallery-animate avia-gallery-1' ><meta itemprop=\"contentURL\" content=\"https:\/\/ariosemusic.com\/de\/musikinstrumente-fur-kinder-2\/tamburine-musikinstrument\/\"><a class='avia-gallery-big fakeLightbox lightbox avia-gallery-big-crop-thumb' href=\"https:\/\/ariosemusic.com\/wp-content\/uploads\/2022\/08\/\u4e3b\u56fe-02-1.jpg\" data-srcset=\"https:\/\/ariosemusic.com\/wp-content\/uploads\/2022\/08\/\u4e3b\u56fe-02-1.jpg 800w, https:\/\/ariosemusic.com\/wp-content\/uploads\/2022\/08\/\u4e3b\u56fe-02-1-300x300.jpg 300w, https:\/\/ariosemusic.com\/wp-content\/uploads\/2022\/08\/\u4e3b\u56fe-02-1-80x80.jpg 80w, https:\/\/ariosemusic.com\/wp-content\/uploads\/2022\/08\/\u4e3b\u56fe-02-1-768x768.jpg 768w, https:\/\/ariosemusic.com\/wp-content\/uploads\/2022\/08\/\u4e3b\u56fe-02-1-12x12.jpg 12w, https:\/\/ariosemusic.com\/wp-content\/uploads\/2022\/08\/\u4e3b\u56fe-02-1-36x36.jpg 36w, https:\/\/ariosemusic.com\/wp-content\/uploads\/2022\/08\/\u4e3b\u56fe-02-1-180x180.jpg 180w, https:\/\/ariosemusic.com\/wp-content\/uploads\/2022\/08\/\u4e3b\u56fe-02-1-705x705.jpg 705w\" data-sizes=\"(max-width: 800px) 100vw, 800px\"  data-onclick='1' title='Hochwertige Tamburine' ><span class='avia-gallery-big-inner' ><img fetchpriority=\"high\" decoding=\"async\" class=\"wp-image-36850 avia-img-lazy-loading-not-36850\" width=\"300\" height=\"300\"  src=\"https:\/\/ariosemusic.com\/wp-content\/uploads\/2022\/08\/\u4e3b\u56fe-02-1-300x300.jpg\" title='Hochwertige Tamburine' alt='Hochwertige Tamburine' srcset=\"https:\/\/ariosemusic.com\/wp-content\/uploads\/2022\/08\/\u4e3b\u56fe-02-1-300x300.jpg 300w, https:\/\/ariosemusic.com\/wp-content\/uploads\/2022\/08\/\u4e3b\u56fe-02-1-80x80.jpg 80w, https:\/\/ariosemusic.com\/wp-content\/uploads\/2022\/08\/\u4e3b\u56fe-02-1-768x768.jpg 768w, https:\/\/ariosemusic.com\/wp-content\/uploads\/2022\/08\/\u4e3b\u56fe-02-1-12x12.jpg 12w, https:\/\/ariosemusic.com\/wp-content\/uploads\/2022\/08\/\u4e3b\u56fe-02-1-36x36.jpg 36w, https:\/\/ariosemusic.com\/wp-content\/uploads\/2022\/08\/\u4e3b\u56fe-02-1-180x180.jpg 180w, https:\/\/ariosemusic.com\/wp-content\/uploads\/2022\/08\/\u4e3b\u56fe-02-1-705x705.jpg 705w, https:\/\/ariosemusic.com\/wp-content\/uploads\/2022\/08\/\u4e3b\u56fe-02-1.jpg 800w\" sizes=\"(max-width: 300px) 100vw, 300px\" \/><span class='avia-gallery-caption'>Hochwertige Tamburine<\/span><\/span><\/a><div class='avia-gallery-thumb'><a href=\"https:\/\/ariosemusic.com\/wp-content\/uploads\/2022\/08\/\u4e3b\u56fe-02-1.jpg\" data-srcset=\"https:\/\/ariosemusic.com\/wp-content\/uploads\/2022\/08\/\u4e3b\u56fe-02-1.jpg 800w, https:\/\/ariosemusic.com\/wp-content\/uploads\/2022\/08\/\u4e3b\u56fe-02-1-300x300.jpg 300w, https:\/\/ariosemusic.com\/wp-content\/uploads\/2022\/08\/\u4e3b\u56fe-02-1-80x80.jpg 80w, https:\/\/ariosemusic.com\/wp-content\/uploads\/2022\/08\/\u4e3b\u56fe-02-1-768x768.jpg 768w, https:\/\/ariosemusic.com\/wp-content\/uploads\/2022\/08\/\u4e3b\u56fe-02-1-12x12.jpg 12w, https:\/\/ariosemusic.com\/wp-content\/uploads\/2022\/08\/\u4e3b\u56fe-02-1-36x36.jpg 36w, https:\/\/ariosemusic.com\/wp-content\/uploads\/2022\/08\/\u4e3b\u56fe-02-1-180x180.jpg 180w, https:\/\/ariosemusic.com\/wp-content\/uploads\/2022\/08\/\u4e3b\u56fe-02-1-705x705.jpg 705w\" data-sizes=\"(max-width: 800px) 100vw, 800px\" data-rel='gallery-1' data-prev-img='https:\/\/ariosemusic.com\/wp-content\/uploads\/2022\/08\/\u4e3b\u56fe-02-1-300x300.jpg' class='first_thumb lightbox' data-onclick='1' title='Hochwertige Tamburine'  ><img fetchpriority=\"high\" decoding=\"async\" class=\"wp-image-36850 avia-img-lazy-loading-not-36850\" data-avia-tooltip='High Quality Tambourines' src=\"https:\/\/ariosemusic.com\/wp-content\/uploads\/2022\/08\/\u4e3b\u56fe-02-1-495x400.jpg\"  width=\"495\" height=\"400\" title='Hochwertige Tamburine' alt='Hochwertige Tamburine' \/><div class='big-prev-fake'><img fetchpriority=\"high\" decoding=\"async\" class=\"wp-image-36850 avia-img-lazy-loading-not-36850\" width=\"300\" height=\"300\"  src=\"https:\/\/ariosemusic.com\/wp-content\/uploads\/2022\/08\/\u4e3b\u56fe-02-1-300x300.jpg\" title='Hochwertige Tamburine' alt='Hochwertige Tamburine' srcset=\"https:\/\/ariosemusic.com\/wp-content\/uploads\/2022\/08\/\u4e3b\u56fe-02-1-300x300.jpg 300w, https:\/\/ariosemusic.com\/wp-content\/uploads\/2022\/08\/\u4e3b\u56fe-02-1-80x80.jpg 80w, https:\/\/ariosemusic.com\/wp-content\/uploads\/2022\/08\/\u4e3b\u56fe-02-1-768x768.jpg 768w, https:\/\/ariosemusic.com\/wp-content\/uploads\/2022\/08\/\u4e3b\u56fe-02-1-12x12.jpg 12w, https:\/\/ariosemusic.com\/wp-content\/uploads\/2022\/08\/\u4e3b\u56fe-02-1-36x36.jpg 36w, https:\/\/ariosemusic.com\/wp-content\/uploads\/2022\/08\/\u4e3b\u56fe-02-1-180x180.jpg 180w, https:\/\/ariosemusic.com\/wp-content\/uploads\/2022\/08\/\u4e3b\u56fe-02-1-705x705.jpg 705w, https:\/\/ariosemusic.com\/wp-content\/uploads\/2022\/08\/\u4e3b\u56fe-02-1.jpg 800w\" sizes=\"(max-width: 300px) 100vw, 300px\" \/><\/div><\/a><a href=\"https:\/\/ariosemusic.com\/wp-content\/uploads\/2022\/08\/\u4e3b\u56fe-03.jpg\" data-srcset=\"https:\/\/ariosemusic.com\/wp-content\/uploads\/2022\/08\/\u4e3b\u56fe-03.jpg 800w, https:\/\/ariosemusic.com\/wp-content\/uploads\/2022\/08\/\u4e3b\u56fe-03-300x300.jpg 300w, https:\/\/ariosemusic.com\/wp-content\/uploads\/2022\/08\/\u4e3b\u56fe-03-80x80.jpg 80w, https:\/\/ariosemusic.com\/wp-content\/uploads\/2022\/08\/\u4e3b\u56fe-03-768x768.jpg 768w, https:\/\/ariosemusic.com\/wp-content\/uploads\/2022\/08\/\u4e3b\u56fe-03-12x12.jpg 12w, https:\/\/ariosemusic.com\/wp-content\/uploads\/2022\/08\/\u4e3b\u56fe-03-36x36.jpg 36w, https:\/\/ariosemusic.com\/wp-content\/uploads\/2022\/08\/\u4e3b\u56fe-03-180x180.jpg 180w, https:\/\/ariosemusic.com\/wp-content\/uploads\/2022\/08\/\u4e3b\u56fe-03-705x705.jpg 705w\" data-sizes=\"(max-width: 800px) 100vw, 800px\" data-rel='gallery-1' data-prev-img='https:\/\/ariosemusic.com\/wp-content\/uploads\/2022\/08\/\u4e3b\u56fe-03-300x300.jpg' class='lightbox' data-onclick='2' title='Tamburine Musikinstrument '  ><img fetchpriority=\"high\" decoding=\"async\" class=\"wp-image-36851 avia-img-lazy-loading-not-36851\" data-avia-tooltip='Tambourines Musical Instrument ' src=\"https:\/\/ariosemusic.com\/wp-content\/uploads\/2022\/08\/\u4e3b\u56fe-03-495x400.jpg\"  width=\"495\" height=\"400\" title='Tamburine Musikinstrument' alt='Tamburine Musikinstrument' \/><div class='big-prev-fake'><img fetchpriority=\"high\" decoding=\"async\" class=\"wp-image-36851 avia-img-lazy-loading-not-36851\" width=\"300\" height=\"300\"  src=\"https:\/\/ariosemusic.com\/wp-content\/uploads\/2022\/08\/\u4e3b\u56fe-03-300x300.jpg\" title='Tamburine Musikinstrument' alt='Tamburine Musikinstrument' srcset=\"https:\/\/ariosemusic.com\/wp-content\/uploads\/2022\/08\/\u4e3b\u56fe-03-300x300.jpg 300w, https:\/\/ariosemusic.com\/wp-content\/uploads\/2022\/08\/\u4e3b\u56fe-03-80x80.jpg 80w, https:\/\/ariosemusic.com\/wp-content\/uploads\/2022\/08\/\u4e3b\u56fe-03-768x768.jpg 768w, https:\/\/ariosemusic.com\/wp-content\/uploads\/2022\/08\/\u4e3b\u56fe-03-12x12.jpg 12w, https:\/\/ariosemusic.com\/wp-content\/uploads\/2022\/08\/\u4e3b\u56fe-03-36x36.jpg 36w, https:\/\/ariosemusic.com\/wp-content\/uploads\/2022\/08\/\u4e3b\u56fe-03-180x180.jpg 180w, https:\/\/ariosemusic.com\/wp-content\/uploads\/2022\/08\/\u4e3b\u56fe-03-705x705.jpg 705w, https:\/\/ariosemusic.com\/wp-content\/uploads\/2022\/08\/\u4e3b\u56fe-03.jpg 800w\" sizes=\"(max-width: 300px) 100vw, 300px\" \/><\/div><\/a><a href=\"https:\/\/ariosemusic.com\/wp-content\/uploads\/2022\/08\/\u4e3b\u56fe-04.jpg\" data-srcset=\"https:\/\/ariosemusic.com\/wp-content\/uploads\/2022\/08\/\u4e3b\u56fe-04.jpg 800w, https:\/\/ariosemusic.com\/wp-content\/uploads\/2022\/08\/\u4e3b\u56fe-04-300x300.jpg 300w, https:\/\/ariosemusic.com\/wp-content\/uploads\/2022\/08\/\u4e3b\u56fe-04-80x80.jpg 80w, https:\/\/ariosemusic.com\/wp-content\/uploads\/2022\/08\/\u4e3b\u56fe-04-768x768.jpg 768w, https:\/\/ariosemusic.com\/wp-content\/uploads\/2022\/08\/\u4e3b\u56fe-04-12x12.jpg 12w, https:\/\/ariosemusic.com\/wp-content\/uploads\/2022\/08\/\u4e3b\u56fe-04-36x36.jpg 36w, https:\/\/ariosemusic.com\/wp-content\/uploads\/2022\/08\/\u4e3b\u56fe-04-180x180.jpg 180w, https:\/\/ariosemusic.com\/wp-content\/uploads\/2022\/08\/\u4e3b\u56fe-04-705x705.jpg 705w\" data-sizes=\"(max-width: 800px) 100vw, 800px\" data-rel='gallery-1' data-prev-img='https:\/\/ariosemusic.com\/wp-content\/uploads\/2022\/08\/\u4e3b\u56fe-04-300x300.jpg' class='lightbox' data-onclick='3' title='Spielzeug-Handtrommel zum Verkauf'  ><img fetchpriority=\"high\" decoding=\"async\" class=\"wp-image-36852 avia-img-lazy-loading-not-36852\" data-avia-tooltip='Toy Hand-held Ocean Drum For Sale' src=\"https:\/\/ariosemusic.com\/wp-content\/uploads\/2022\/08\/\u4e3b\u56fe-04-495x400.jpg\"  width=\"495\" height=\"400\" title='Spielzeug-Handtrommel zum Verkauf' alt='Spielzeug-Handtrommel zum Verkauf' \/><div class='big-prev-fake'><img fetchpriority=\"high\" decoding=\"async\" class=\"wp-image-36852 avia-img-lazy-loading-not-36852\" width=\"300\" height=\"300\"  src=\"https:\/\/ariosemusic.com\/wp-content\/uploads\/2022\/08\/\u4e3b\u56fe-04-300x300.jpg\" title='Spielzeug-Handtrommel zum Verkauf' alt='Spielzeug-Handtrommel zum Verkauf' srcset=\"https:\/\/ariosemusic.com\/wp-content\/uploads\/2022\/08\/\u4e3b\u56fe-04-300x300.jpg 300w, https:\/\/ariosemusic.com\/wp-content\/uploads\/2022\/08\/\u4e3b\u56fe-04-80x80.jpg 80w, https:\/\/ariosemusic.com\/wp-content\/uploads\/2022\/08\/\u4e3b\u56fe-04-768x768.jpg 768w, https:\/\/ariosemusic.com\/wp-content\/uploads\/2022\/08\/\u4e3b\u56fe-04-12x12.jpg 12w, https:\/\/ariosemusic.com\/wp-content\/uploads\/2022\/08\/\u4e3b\u56fe-04-36x36.jpg 36w, https:\/\/ariosemusic.com\/wp-content\/uploads\/2022\/08\/\u4e3b\u56fe-04-180x180.jpg 180w, https:\/\/ariosemusic.com\/wp-content\/uploads\/2022\/08\/\u4e3b\u56fe-04-705x705.jpg 705w, https:\/\/ariosemusic.com\/wp-content\/uploads\/2022\/08\/\u4e3b\u56fe-04.jpg 800w\" sizes=\"(max-width: 300px) 100vw, 300px\" \/><\/div><\/a><a href=\"https:\/\/ariosemusic.com\/wp-content\/uploads\/2022\/08\/\u4e3b\u56fe-05.jpg\" data-srcset=\"https:\/\/ariosemusic.com\/wp-content\/uploads\/2022\/08\/\u4e3b\u56fe-05.jpg 800w, https:\/\/ariosemusic.com\/wp-content\/uploads\/2022\/08\/\u4e3b\u56fe-05-300x300.jpg 300w, https:\/\/ariosemusic.com\/wp-content\/uploads\/2022\/08\/\u4e3b\u56fe-05-80x80.jpg 80w, https:\/\/ariosemusic.com\/wp-content\/uploads\/2022\/08\/\u4e3b\u56fe-05-768x768.jpg 768w, https:\/\/ariosemusic.com\/wp-content\/uploads\/2022\/08\/\u4e3b\u56fe-05-12x12.jpg 12w, https:\/\/ariosemusic.com\/wp-content\/uploads\/2022\/08\/\u4e3b\u56fe-05-36x36.jpg 36w, https:\/\/ariosemusic.com\/wp-content\/uploads\/2022\/08\/\u4e3b\u56fe-05-180x180.jpg 180w, https:\/\/ariosemusic.com\/wp-content\/uploads\/2022\/08\/\u4e3b\u56fe-05-705x705.jpg 705w\" data-sizes=\"(max-width: 800px) 100vw, 800px\" data-rel='gallery-1' data-prev-img='https:\/\/ariosemusic.com\/wp-content\/uploads\/2022\/08\/\u4e3b\u56fe-05-300x300.jpg' class='lightbox' data-onclick='4' title='Lernspielzeug f\u00fcr Kinder'  ><img fetchpriority=\"high\" decoding=\"async\" class=\"wp-image-36853 avia-img-lazy-loading-not-36853\" data-avia-tooltip='Children&#8217;s Educational Toys' src=\"https:\/\/ariosemusic.com\/wp-content\/uploads\/2022\/08\/\u4e3b\u56fe-05-495x400.jpg\"  width=\"495\" height=\"400\" title='Lernspielzeug f\u00fcr Kinder' alt='Lernspielzeug f\u00fcr Kinder' \/><div class='big-prev-fake'><img fetchpriority=\"high\" decoding=\"async\" class=\"wp-image-36853 avia-img-lazy-loading-not-36853\" width=\"300\" height=\"300\"  src=\"https:\/\/ariosemusic.com\/wp-content\/uploads\/2022\/08\/\u4e3b\u56fe-05-300x300.jpg\" title='Lernspielzeug f\u00fcr Kinder' alt='Lernspielzeug f\u00fcr Kinder' srcset=\"https:\/\/ariosemusic.com\/wp-content\/uploads\/2022\/08\/\u4e3b\u56fe-05-300x300.jpg 300w, https:\/\/ariosemusic.com\/wp-content\/uploads\/2022\/08\/\u4e3b\u56fe-05-80x80.jpg 80w, https:\/\/ariosemusic.com\/wp-content\/uploads\/2022\/08\/\u4e3b\u56fe-05-768x768.jpg 768w, https:\/\/ariosemusic.com\/wp-content\/uploads\/2022\/08\/\u4e3b\u56fe-05-12x12.jpg 12w, https:\/\/ariosemusic.com\/wp-content\/uploads\/2022\/08\/\u4e3b\u56fe-05-36x36.jpg 36w, https:\/\/ariosemusic.com\/wp-content\/uploads\/2022\/08\/\u4e3b\u56fe-05-180x180.jpg 180w, https:\/\/ariosemusic.com\/wp-content\/uploads\/2022\/08\/\u4e3b\u56fe-05-705x705.jpg 705w, https:\/\/ariosemusic.com\/wp-content\/uploads\/2022\/08\/\u4e3b\u56fe-05.jpg 800w\" sizes=\"(max-width: 300px) 100vw, 300px\" \/><\/div><\/a><\/div><\/div><\/div>\n<div  class='flex_column av-1z8jbjg-0ac403240a365c4ba8925dc3d9c6cdfa av_one_half  avia-builder-el-7  el_after_av_one_half  el_before_av_contact  flex_column_div  column-top-margin'     ><section  class='av_textblock_section av-l72weczo-a108b2e42f4083915ca159938ce43da9'  ><div class='avia_textblock' ><h2>\u00dcber ArioseMusic OEM-Tamburine<\/h2>\n<p>In ganz China gibt es Tausende von Herstellern von Musikinstrumenten. Aber <a href=\"https:\/\/ariosemusic.com\/de\/produkte\/zubehor\/\"><u>Ariose Musik<\/u><\/a>\u00a0ist der vertrauensw\u00fcrdigste Lieferant von allen.<\/p>\n<ul>\n<li>Ariose Music hat seinen Kunden hochwertige Tamburine geliefert. Das Unternehmen ist zum bestbewerteten B2B-Gitarrenlieferanten geworden und hat Kunden aus der ganzen Welt. Sie k\u00f6nnen sich also zweifellos auf Ariose Music verlassen.<\/li>\n<li>Wir k\u00f6nnen den Tamburin-Stil entwerfen, den Sie m\u00f6chten, und wir gehen niemals Kompromisse bei der Qualit\u00e4t gegen\u00fcber der Quantit\u00e4t ein.<\/li>\n<li>Ariosemusic bietet personalisierte Tamburine, Farbe, Logo, Verpackung<\/li>\n<li>Die Proben wurden sp\u00e4testens innerhalb von 72 Stunden verschickt.<\/li>\n<li>Lieferung \u00fcberall auf der Welt<\/li>\n<li>Kleine Mengen sind willkommen<\/li>\n<\/ul>\n<\/div><\/section><\/div>\n<form action=\"https:\/\/ariosemusic.com\/de\/musikinstrumente-fur-kinder-2\/tamburine-musikinstrument\/\" method=\"post\" data-fields-with-error=\"Fehler wurden in folgenden Feld(ern) gefunden:\" class=\"avia_ajax_form av-form-labels-visible   avia-builder-el-9  el_after_av_one_half  avia-builder-el-last\" data-avia-form-id=\"1\" data-avia-redirect='' data-trp-original-action=\"https:\/\/ariosemusic.com\/de\/musikinstrumente-fur-kinder-2\/tamburine-musikinstrument\/\" ><h3 class=''>Nehmen Sie Kontakt mit uns auf<\/h3><fieldset><p class='first_form  form_element form_fullwidth' id='element_avia_1_1'><label for=\"avia_1_1\">Name der Firma: <abbr class=\"required\" title=\"ben\u00f6tigt\">*<\/abbr><\/label> <input name=\"avia_1_1\" class=\"text_input is_empty\" type=\"text\" id=\"avia_1_1\" value=\"\" \/><\/p><p class='first_form  form_element form_fullwidth' id='element_avia_2_1'><label for=\"avia_2_1\">E-Mail <abbr class=\"required\" title=\"ben\u00f6tigt\">*<\/abbr><\/label> <input name=\"avia_2_1\" class=\"text_input is_email\" type=\"text\" id=\"avia_2_1\" value=\"\" \/><\/p><p class='first_form  form_element form_fullwidth av-last-visible-form-element' id='element_avia_3_1'><label for=\"avia_3_1\" class=\"textare_label hidden textare_label_avia_3_1\">Nachricht <abbr class=\"required\" title=\"ben\u00f6tigt\">*<\/abbr><\/label><textarea  name=\"avia_3_1\" class=\"text_area is_empty\" cols=\"40\" rows=\"7\" id=\"avia_3_1\" ><\/textarea><\/p><p class=\"hidden\"><input type=\"text\" name=\"avia_4_1\" class=\"hidden\" id=\"avia_4_1\" value=\"\" \/><\/p><p class=\"form_element\"><input type=\"hidden\" value=\"1\" name=\"avia_generated_form1\" \/><input type=\"submit\" value=\"Einreichen\" class=\"button\"  data-sending-label=\"Sende\"\/><\/p><\/fieldset><input type=\"hidden\" name=\"trp-form-language\" value=\"de\"\/><\/form><div id=\"ajaxresponse_1\" class=\"ajaxresponse ajaxresponse_1 hidden\"><\/div>","protected":false},"excerpt":{"rendered":"","protected":false},"author":1,"featured_media":36851,"parent":43436,"menu_order":0,"comment_status":"closed","ping_status":"closed","template":"","meta":{"_seopress_robots_primary_cat":"","_seopress_titles_title":"Tambourines Musical Instrument | China Orff Instrument Factory","_seopress_titles_desc":"As a professional manufacturer and supplier of tambourines founded in 2014, we provide customized services and one-stop solutions to our clients.","_seopress_robots_index":"","footnotes":""},"class_list":["post-36844","page","type-page","status-publish","has-post-thumbnail","hentry"],"_links":{"self":[{"href":"https:\/\/ariosemusic.com\/de\/wp-json\/wp\/v2\/pages\/36844","targetHints":{"allow":["GET"]}}],"collection":[{"href":"https:\/\/ariosemusic.com\/de\/wp-json\/wp\/v2\/pages"}],"about":[{"href":"https:\/\/ariosemusic.com\/de\/wp-json\/wp\/v2\/types\/page"}],"author":[{"embeddable":true,"href":"https:\/\/ariosemusic.com\/de\/wp-json\/wp\/v2\/users\/1"}],"replies":[{"embeddable":true,"href":"https:\/\/ariosemusic.com\/de\/wp-json\/wp\/v2\/comments?post=36844"}],"version-history":[{"count":1,"href":"https:\/\/ariosemusic.com\/de\/wp-json\/wp\/v2\/pages\/36844\/revisions"}],"predecessor-version":[{"id":49035,"href":"https:\/\/ariosemusic.com\/de\/wp-json\/wp\/v2\/pages\/36844\/revisions\/49035"}],"up":[{"embeddable":true,"href":"https:\/\/ariosemusic.com\/de\/wp-json\/wp\/v2\/pages\/43436"}],"wp:featuredmedia":[{"embeddable":true,"href":"https:\/\/ariosemusic.com\/de\/wp-json\/wp\/v2\/media\/36851"}],"wp:attachment":[{"href":"https:\/\/ariosemusic.com\/de\/wp-json\/wp\/v2\/media?parent=36844"}],"curies":[{"name":"wp","href":"https:\/\/api.w.org\/{rel}","templated":true}]}}